{"id":4266,"date":"2024-08-08T13:22:07","date_gmt":"2024-08-08T17:22:07","guid":{"rendered":"https:\/\/www.chirurgivision.com\/?page_id=4266"},"modified":"2024-08-08T13:22:24","modified_gmt":"2024-08-08T17:22:24","slug":"astigmatism-2","status":"publish","type":"page","link":"http:\/\/www.chirurgivision.com\/en\/the-eye-and-its-flaws\/astigmatism-2\/","title":{"rendered":"Astigmatism"},"content":{"rendered":"\n[et_pb_section fb_built=\u00a0\u00bb1&Prime; module_class=\u00a0\u00bbdefaut-titre-section\u00a0\u00bb _builder_version=\u00a0\u00bb4.21.0&Prime; _module_preset=\u00a0\u00bbdefault\u00a0\u00bb global_colors_info=\u00a0\u00bb{}\u00a0\u00bb][et_pb_row column_structure=\u00a0\u00bb2_5,3_5&Prime; _builder_version=\u00a0\u00bb4.21.0&Prime; _module_preset=\u00a0\u00bbdefault\u00a0\u00bb global_colors_info=\u00a0\u00bb{}\u00a0\u00bb][et_pb_column type=\u00a0\u00bb2_5&Prime; _builder_version=\u00a0\u00bb4.21.0&Prime; _module_preset=\u00a0\u00bbdefault\u00a0\u00bb global_colors_info=\u00a0\u00bb{}\u00a0\u00bb][et_pb_image src=\u00a0\u00bbhttps:\/\/www.chirurgivision.com\/wp-content\/uploads\/2023\/11\/ChirurgiVision-astigmatisme-1.jpg\u00a0\u00bb alt=\u00a0\u00bbImage illustrant l&rsquo;astigmatisme\u00a0\u00bb title_text=\u00a0\u00bbChirurgiVision-astigmatisme\u00a0\u00bb _builder_version=\u00a0\u00bb4.23.1&Prime; _module_preset=\u00a0\u00bbdefault\u00a0\u00bb global_colors_info=\u00a0\u00bb{}\u00a0\u00bb][\/et_pb_image][\/et_pb_column][et_pb_column type=\u00a0\u00bb3_5&Prime; _builder_version=\u00a0\u00bb4.21.0&Prime; _module_preset=\u00a0\u00bbdefault\u00a0\u00bb global_colors_info=\u00a0\u00bb{}\u00a0\u00bb][et_pb_post_title meta=\u00a0\u00bboff\u00a0\u00bb featured_image=\u00a0\u00bboff\u00a0\u00bb _builder_version=\u00a0\u00bb4.21.0&Prime; _module_preset=\u00a0\u00bbdefault\u00a0\u00bb global_colors_info=\u00a0\u00bb{}\u00a0\u00bb][\/et_pb_post_title][et_pb_text _builder_version=\u00a0\u00bb4.24.0&Prime; _module_preset=\u00a0\u00bbdefault\u00a0\u00bb hover_enabled=\u00a0\u00bb0&Prime; global_colors_info=\u00a0\u00bb{}\u00a0\u00bb sticky_enabled=\u00a0\u00bb0&Prime;]<p>L&rsquo;astigmatisme est un trouble visuel provoquant une d\u00e9formation de l&rsquo;image per\u00e7ue en raison d&rsquo;une irr\u00e9gularit\u00e9 dans la courbure de la corn\u00e9e. Normalement arrondie, la corn\u00e9e permet \u00e0 la lumi\u00e8re de se focaliser avec pr\u00e9cision sur la r\u00e9tine derri\u00e8re l&rsquo;\u0153il.<\/p>\n<p>Chez les personnes atteintes d&rsquo;astigmatisme, la courbure de la corn\u00e9e est in\u00e9gale dans diff\u00e9rentes directions. Cela signifie que la lumi\u00e8re se focalise sur plusieurs points de la r\u00e9tine, plut\u00f4t que sur un seul point pr\u00e9cis. En cons\u00e9quence, les objets peuvent appara\u00eetre flous, d\u00e9form\u00e9s ou impr\u00e9cis dans certaines directions.<\/p>\n<p>Les causes de l&rsquo;astigmatisme peuvent \u00eatre pr\u00e9sentes d\u00e8s la naissance (astigmatisme cong\u00e9nital) ou se d\u00e9velopper au fil du temps en raison de certaines conditions oculaires, de blessures oculaires ou de chirurgies. Les sympt\u00f4mes courants incluent une vision floue, une distorsion des formes, une fatigue oculaire, des maux de t\u00eate et des difficult\u00e9s \u00e0 voir les d\u00e9tails fins. Souvent associ\u00e9 \u00e0 la myopie ou \u00e0 l&rsquo;hyperm\u00e9tropie, l\u2019astigmatisme peut \u00e9galement \u00eatre le seul d\u00e9faut de r\u00e9fraction.<\/p>\n<p>Heureusement, des interventions de chirurgie r\u00e9fractive telles que la chirurgie au laser Excimer, l&rsquo;implantation de lentilles phakes ou de lentilles intraoculaires corrigent efficacement ce trouble visuel.<\/p>[\/et_pb_text][\/et_pb_column][\/et_pb_row][\/et_pb_section][et_pb_section fb_built=\u00a0\u00bb1&Prime; module_class=\u00a0\u00bbtraitements-liste-section\u00a0\u00bb _builder_version=\u00a0\u00bb4.21.0&Prime; _module_preset=\u00a0\u00bbdefault\u00a0\u00bb global_colors_info=\u00a0\u00bb{}\u00a0\u00bb][et_pb_row column_structure=\u00a0\u00bb2_5,3_5&Prime; module_class=\u00a0\u00bbtraitements-liste-row\u00a0\u00bb _builder_version=\u00a0\u00bb4.21.0&Prime; _module_preset=\u00a0\u00bbdefault\u00a0\u00bb global_colors_info=\u00a0\u00bb{}\u00a0\u00bb][et_pb_column type=\u00a0\u00bb2_5&Prime; _builder_version=\u00a0\u00bb4.20.4&Prime; _module_preset=\u00a0\u00bbdefault\u00a0\u00bb global_colors_info=\u00a0\u00bb{}\u00a0\u00bb][et_pb_text _builder_version=\u00a0\u00bb4.21.0&Prime; _module_preset=\u00a0\u00bbdefault\u00a0\u00bb global_colors_info=\u00a0\u00bb{}\u00a0\u00bb]<h3>Traitements pour l\u2019astigmatisme<\/h3>[\/et_pb_text][\/et_pb_column][et_pb_column type=\u00a0\u00bb3_5&Prime; _builder_version=\u00a0\u00bb4.20.4&Prime; _module_preset=\u00a0\u00bbdefault\u00a0\u00bb global_colors_info=\u00a0\u00bb{}\u00a0\u00bb][et_pb_code _builder_version=\u00a0\u00bb4.21.0&Prime; _module_preset=\u00a0\u00bbdefault\u00a0\u00bb global_colors_info=\u00a0\u00bb{}\u00a0\u00bb]<ul class=\"liste_page_relie\"><\/ul>[\/et_pb_code][\/et_pb_column][\/et_pb_row][\/et_pb_section][et_pb_section fb_built=\u00a0\u00bb1&Prime; module_class=\u00a0\u00bbsection-fw-textimg reverse\u00a0\u00bb _builder_version=\u00a0\u00bb4.21.0&Prime; _module_preset=\u00a0\u00bbdefault\u00a0\u00bb background_enable_color=\u00a0\u00bboff\u00a0\u00bb custom_padding=\u00a0\u00bb0px|0px|0px|0px|true|true\u00a0\u00bb global_module=\u00a0\u00bb638&Prime; saved_tabs=\u00a0\u00bball\u00a0\u00bb locked=\u00a0\u00bboff\u00a0\u00bb global_colors_info=\u00a0\u00bb{}\u00a0\u00bb][et_pb_row column_structure=\u00a0\u00bb1_2,1_2&Prime; make_equal=\u00a0\u00bbon\u00a0\u00bb custom_padding_last_edited=\u00a0\u00bbon|tablet\u00a0\u00bb module_class=\u00a0\u00bbbg-item bg-item__right bg-item__mobile-vertical bg-item-color-secondary-light\u00a0\u00bb _builder_version=\u00a0\u00bb4.21.0&Prime; _module_preset=\u00a0\u00bbdefault\u00a0\u00bb max_width=\u00a0\u00bb100%\u00a0\u00bb custom_padding=\u00a0\u00bb90px|0px|90px|0px|true|true\u00a0\u00bb custom_padding_tablet=\u00a0\u00bb60px||60px||true|true\u00a0\u00bb custom_padding_phone=\u00a0\u00bb60px||60px||true|true\u00a0\u00bb custom_css_main_element=\u00a0\u00bbalign-items:center;\u00a0\u00bb global_colors_info=\u00a0\u00bb{}\u00a0\u00bb][et_pb_column type=\u00a0\u00bb1_2&Prime; _builder_version=\u00a0\u00bb4.20.4&Prime; _module_preset=\u00a0\u00bbdefault\u00a0\u00bb background_enable_image=\u00a0\u00bboff\u00a0\u00bb global_colors_info=\u00a0\u00bb{}\u00a0\u00bb][et_pb_image src=\u00a0\u00bbhttps:\/\/www.chirurgivision.com\/wp-content\/uploads\/2023\/05\/ChirurgiVision-Rendez-vous-1.jpg\u00a0\u00bb alt=\u00a0\u00bbPhoto pour la prise de RDV\u00a0\u00bb title_text=\u00a0\u00bbChirurgiVision-Rendez-vous\u00a0\u00bb _builder_version=\u00a0\u00bb4.23.1&Prime; _module_preset=\u00a0\u00bbdefault\u00a0\u00bb global_colors_info=\u00a0\u00bb{}\u00a0\u00bb][\/et_pb_image][\/et_pb_column][et_pb_column type=\u00a0\u00bb1_2&Prime; _builder_version=\u00a0\u00bb4.20.4&Prime; _module_preset=\u00a0\u00bbdefault\u00a0\u00bb custom_padding=\u00a0\u00bb||||false|false\u00a0\u00bb custom_padding_tablet=\u00a0\u00bb||||false|false\u00a0\u00bb custom_padding_phone=\u00a0\u00bb||||false|false\u00a0\u00bb custom_padding_last_edited=\u00a0\u00bbon|desktop\u00a0\u00bb global_colors_info=\u00a0\u00bb{}\u00a0\u00bb][et_pb_text module_class=\u00a0\u00bbno-br-md\u00a0\u00bb _builder_version=\u00a0\u00bb4.21.0&Prime; _module_preset=\u00a0\u00bbdefault\u00a0\u00bb custom_margin=\u00a0\u00bb||15px||false|false\u00a0\u00bb global_colors_info=\u00a0\u00bb{}\u00a0\u00bb]<h2>Obtenez un\u00a0<br \/>rendez-vous<\/h2>[\/et_pb_text][et_pb_text _builder_version=\u00a0\u00bb4.24.0&Prime; _module_preset=\u00a0\u00bbdefault\u00a0\u00bb custom_margin=\u00a0\u00bb||15px||false|false\u00a0\u00bb global_colors_info=\u00a0\u00bb{}\u00a0\u00bb]<p>La Clinique ChirurgiVision collabore avec plus d\u2019une centaine d\u2019optom\u00e9tristes partenaires \u00e0 travers le Qu\u00e9bec! Prenez un rendez-vous avec notre \u00e9quipe d\u2019experts en chirurgie r\u00e9fractive et phacor\u00e9fractive. Faites de vos yeux votre priorit\u00e9! Consultez la <a href=\"https:\/\/www.chirurgivision.com\/a-propos\/optometristes-partenaires\/\">liste des optom\u00e9tristes<\/a> de votre r\u00e9gion ou contactez-nous d\u00e8s aujourd\u2019hui!<\/p>[\/et_pb_text][et_pb_button button_url=\u00a0\u00bb@ET-DC@eyJkeW5hbWljIjp0cnVlLCJjb250ZW50IjoicG9zdF9saW5rX3VybF9wYWdlIiwic2V0dGluZ3MiOnsicG9zdF9pZCI6IjQzMyJ9fQ==@\u00a0\u00bb button_text=\u00a0\u00bbNous joindre\u00a0\u00bb _builder_version=\u00a0\u00bb4.21.0&Prime; _dynamic_attributes=\u00a0\u00bbbutton_url\u00a0\u00bb _module_preset=\u00a0\u00bbdefault\u00a0\u00bb global_colors_info=\u00a0\u00bb{}\u00a0\u00bb][\/et_pb_button][\/et_pb_column][\/et_pb_row][\/et_pb_section]\n","protected":false},"excerpt":{"rendered":"<p>L&rsquo;astigmatisme est un trouble visuel provoquant une d\u00e9formation de l&rsquo;image per\u00e7ue en raison d&rsquo;une irr\u00e9gularit\u00e9 dans la courbure de la corn\u00e9e. Normalement arrondie, la corn\u00e9e permet \u00e0 la lumi\u00e8re de se focaliser avec pr\u00e9cision sur la r\u00e9tine derri\u00e8re l&rsquo;\u0153il. Chez les personnes atteintes d&rsquo;astigmatisme, la courbure de la corn\u00e9e est in\u00e9gale dans diff\u00e9rentes directions. Cela [&hellip;]<\/p>\n","protected":false},"author":5,"featured_media":0,"parent":4254,"menu_order":39,"comment_status":"closed","ping_status":"closed","template":"","meta":{"_acf_changed":false,"_et_pb_use_builder":"on","_et_pb_old_content":"","_et_gb_content_width":"","protect_children":false,"footnotes":""},"class_list":["post-4266","page","type-page","status-publish","hentry"],"acf":[],"yoast_head":"<!-- This site is optimized with the Yoast SEO plugin v27.4 - https:\/\/yoast.com\/product\/yoast-seo-wordpress\/ -->\n<title>Astigmatism | ChirurgiVision<\/title>\n<meta name=\"description\" content=\"L\u2019astigmatisme se caract\u00e9rise par une d\u00e9formation de l\u2019image per\u00e7ue r\u00e9sultant g\u00e9n\u00e9ralement d&#039;une irr\u00e9gularit\u00e9 de la courbure de la corn\u00e9e.\" \/>\n<meta name=\"robots\" content=\"index, follow, max-snippet:-1, max-image-preview:large, max-video-preview:-1\" \/>\n<link rel=\"canonical\" href=\"http:\/\/www.chirurgivision.com\/en\/the-eye-and-its-flaws\/astigmatism-2\/\" \/>\n<meta property=\"og:locale\" content=\"en_US\" \/>\n<meta property=\"og:type\" content=\"article\" \/>\n<meta property=\"og:title\" content=\"Astigmatism | ChirurgiVision\" \/>\n<meta property=\"og:description\" content=\"L\u2019astigmatisme se caract\u00e9rise par une d\u00e9formation de l\u2019image per\u00e7ue r\u00e9sultant g\u00e9n\u00e9ralement d&#039;une irr\u00e9gularit\u00e9 de la courbure de la corn\u00e9e.\" \/>\n<meta property=\"og:url\" content=\"http:\/\/www.chirurgivision.com\/en\/the-eye-and-its-flaws\/astigmatism-2\/\" \/>\n<meta property=\"og:site_name\" content=\"ChirurgiVision\" \/>\n<meta property=\"article:publisher\" content=\"https:\/\/www.facebook.com\/chirurgivision\/\" \/>\n<meta property=\"article:modified_time\" content=\"2024-08-08T17:22:24+00:00\" \/>\n<meta property=\"og:image\" content=\"http:\/\/www.chirurgivision.com\/wp-content\/uploads\/2023\/08\/ChirurgiVision-Logo-Rouge-2.jpg\" \/>\n\t<meta property=\"og:image:width\" content=\"1200\" \/>\n\t<meta property=\"og:image:height\" content=\"678\" \/>\n\t<meta property=\"og:image:type\" content=\"image\/jpeg\" \/>\n<meta name=\"twitter:card\" content=\"summary_large_image\" \/>\n<meta name=\"twitter:label1\" content=\"Est. reading time\" \/>\n\t<meta name=\"twitter:data1\" content=\"2 minutes\" \/>\n<script type=\"application\/ld+json\" class=\"yoast-schema-graph\">{\"@context\":\"https:\\\/\\\/schema.org\",\"@graph\":[{\"@type\":\"WebPage\",\"@id\":\"http:\\\/\\\/www.chirurgivision.com\\\/en\\\/the-eye-and-its-flaws\\\/astigmatism-2\\\/\",\"url\":\"http:\\\/\\\/www.chirurgivision.com\\\/en\\\/the-eye-and-its-flaws\\\/astigmatism-2\\\/\",\"name\":\"Astigmatism | ChirurgiVision\",\"isPartOf\":{\"@id\":\"http:\\\/\\\/www.chirurgivision.com\\\/en\\\/#website\"},\"datePublished\":\"2024-08-08T17:22:07+00:00\",\"dateModified\":\"2024-08-08T17:22:24+00:00\",\"description\":\"L\u2019astigmatisme se caract\u00e9rise par une d\u00e9formation de l\u2019image per\u00e7ue r\u00e9sultant g\u00e9n\u00e9ralement d'une irr\u00e9gularit\u00e9 de la courbure de la corn\u00e9e.\",\"breadcrumb\":{\"@id\":\"http:\\\/\\\/www.chirurgivision.com\\\/en\\\/the-eye-and-its-flaws\\\/astigmatism-2\\\/#breadcrumb\"},\"inLanguage\":\"en-US\",\"potentialAction\":[{\"@type\":\"ReadAction\",\"target\":[\"http:\\\/\\\/www.chirurgivision.com\\\/en\\\/the-eye-and-its-flaws\\\/astigmatism-2\\\/\"]}]},{\"@type\":\"BreadcrumbList\",\"@id\":\"http:\\\/\\\/www.chirurgivision.com\\\/en\\\/the-eye-and-its-flaws\\\/astigmatism-2\\\/#breadcrumb\",\"itemListElement\":[{\"@type\":\"ListItem\",\"position\":1,\"name\":\"Home\",\"item\":\"https:\\\/\\\/www.chirurgivision.com\\\/en\\\/\"},{\"@type\":\"ListItem\",\"position\":2,\"name\":\"The eye and its flaws\",\"item\":\"https:\\\/\\\/www.chirurgivision.com\\\/en\\\/the-eye-and-its-flaws\\\/\"},{\"@type\":\"ListItem\",\"position\":3,\"name\":\"Astigmatism\"}]},{\"@type\":\"WebSite\",\"@id\":\"http:\\\/\\\/www.chirurgivision.com\\\/en\\\/#website\",\"url\":\"http:\\\/\\\/www.chirurgivision.com\\\/en\\\/\",\"name\":\"ChirurgiVision\",\"description\":\"We see your vision!\",\"publisher\":{\"@id\":\"http:\\\/\\\/www.chirurgivision.com\\\/en\\\/#organization\"},\"potentialAction\":[{\"@type\":\"SearchAction\",\"target\":{\"@type\":\"EntryPoint\",\"urlTemplate\":\"http:\\\/\\\/www.chirurgivision.com\\\/en\\\/?s={search_term_string}\"},\"query-input\":{\"@type\":\"PropertyValueSpecification\",\"valueRequired\":true,\"valueName\":\"search_term_string\"}}],\"inLanguage\":\"en-US\"},{\"@type\":\"Organization\",\"@id\":\"http:\\\/\\\/www.chirurgivision.com\\\/en\\\/#organization\",\"name\":\"ChirurgiVision\",\"url\":\"http:\\\/\\\/www.chirurgivision.com\\\/en\\\/\",\"logo\":{\"@type\":\"ImageObject\",\"inLanguage\":\"en-US\",\"@id\":\"http:\\\/\\\/www.chirurgivision.com\\\/en\\\/#\\\/schema\\\/logo\\\/image\\\/\",\"url\":\"https:\\\/\\\/www.chirurgivision.com\\\/wp-content\\\/uploads\\\/2023\\\/04\\\/logo_chirurgivision.png\",\"contentUrl\":\"https:\\\/\\\/www.chirurgivision.com\\\/wp-content\\\/uploads\\\/2023\\\/04\\\/logo_chirurgivision.png\",\"width\":235,\"height\":79,\"caption\":\"ChirurgiVision\"},\"image\":{\"@id\":\"http:\\\/\\\/www.chirurgivision.com\\\/en\\\/#\\\/schema\\\/logo\\\/image\\\/\"},\"sameAs\":[\"https:\\\/\\\/www.facebook.com\\\/chirurgivision\\\/\",\"https:\\\/\\\/www.instagram.com\\\/cliniquechirurgivision\\\/\",\"https:\\\/\\\/www.linkedin.com\\\/company\\\/chirurgi-vision\\\/\",\"https:\\\/\\\/www.youtube.com\\\/user\\\/DrFrancisRoy\\\/\"]}]}<\/script>\n<!-- \/ Yoast SEO plugin. -->","yoast_head_json":{"title":"Astigmatism | ChirurgiVision","description":"L\u2019astigmatisme se caract\u00e9rise par une d\u00e9formation de l\u2019image per\u00e7ue r\u00e9sultant g\u00e9n\u00e9ralement d'une irr\u00e9gularit\u00e9 de la courbure de la corn\u00e9e.","robots":{"index":"index","follow":"follow","max-snippet":"max-snippet:-1","max-image-preview":"max-image-preview:large","max-video-preview":"max-video-preview:-1"},"canonical":"http:\/\/www.chirurgivision.com\/en\/the-eye-and-its-flaws\/astigmatism-2\/","og_locale":"en_US","og_type":"article","og_title":"Astigmatism | ChirurgiVision","og_description":"L\u2019astigmatisme se caract\u00e9rise par une d\u00e9formation de l\u2019image per\u00e7ue r\u00e9sultant g\u00e9n\u00e9ralement d'une irr\u00e9gularit\u00e9 de la courbure de la corn\u00e9e.","og_url":"http:\/\/www.chirurgivision.com\/en\/the-eye-and-its-flaws\/astigmatism-2\/","og_site_name":"ChirurgiVision","article_publisher":"https:\/\/www.facebook.com\/chirurgivision\/","article_modified_time":"2024-08-08T17:22:24+00:00","og_image":[{"width":1200,"height":678,"url":"http:\/\/www.chirurgivision.com\/wp-content\/uploads\/2023\/08\/ChirurgiVision-Logo-Rouge-2.jpg","type":"image\/jpeg"}],"twitter_card":"summary_large_image","twitter_misc":{"Est. reading time":"2 minutes"},"schema":{"@context":"https:\/\/schema.org","@graph":[{"@type":"WebPage","@id":"http:\/\/www.chirurgivision.com\/en\/the-eye-and-its-flaws\/astigmatism-2\/","url":"http:\/\/www.chirurgivision.com\/en\/the-eye-and-its-flaws\/astigmatism-2\/","name":"Astigmatism | ChirurgiVision","isPartOf":{"@id":"http:\/\/www.chirurgivision.com\/en\/#website"},"datePublished":"2024-08-08T17:22:07+00:00","dateModified":"2024-08-08T17:22:24+00:00","description":"L\u2019astigmatisme se caract\u00e9rise par une d\u00e9formation de l\u2019image per\u00e7ue r\u00e9sultant g\u00e9n\u00e9ralement d'une irr\u00e9gularit\u00e9 de la courbure de la corn\u00e9e.","breadcrumb":{"@id":"http:\/\/www.chirurgivision.com\/en\/the-eye-and-its-flaws\/astigmatism-2\/#breadcrumb"},"inLanguage":"en-US","potentialAction":[{"@type":"ReadAction","target":["http:\/\/www.chirurgivision.com\/en\/the-eye-and-its-flaws\/astigmatism-2\/"]}]},{"@type":"BreadcrumbList","@id":"http:\/\/www.chirurgivision.com\/en\/the-eye-and-its-flaws\/astigmatism-2\/#breadcrumb","itemListElement":[{"@type":"ListItem","position":1,"name":"Home","item":"https:\/\/www.chirurgivision.com\/en\/"},{"@type":"ListItem","position":2,"name":"The eye and its flaws","item":"https:\/\/www.chirurgivision.com\/en\/the-eye-and-its-flaws\/"},{"@type":"ListItem","position":3,"name":"Astigmatism"}]},{"@type":"WebSite","@id":"http:\/\/www.chirurgivision.com\/en\/#website","url":"http:\/\/www.chirurgivision.com\/en\/","name":"ChirurgiVision","description":"We see your vision!","publisher":{"@id":"http:\/\/www.chirurgivision.com\/en\/#organization"},"potentialAction":[{"@type":"SearchAction","target":{"@type":"EntryPoint","urlTemplate":"http:\/\/www.chirurgivision.com\/en\/?s={search_term_string}"},"query-input":{"@type":"PropertyValueSpecification","valueRequired":true,"valueName":"search_term_string"}}],"inLanguage":"en-US"},{"@type":"Organization","@id":"http:\/\/www.chirurgivision.com\/en\/#organization","name":"ChirurgiVision","url":"http:\/\/www.chirurgivision.com\/en\/","logo":{"@type":"ImageObject","inLanguage":"en-US","@id":"http:\/\/www.chirurgivision.com\/en\/#\/schema\/logo\/image\/","url":"https:\/\/www.chirurgivision.com\/wp-content\/uploads\/2023\/04\/logo_chirurgivision.png","contentUrl":"https:\/\/www.chirurgivision.com\/wp-content\/uploads\/2023\/04\/logo_chirurgivision.png","width":235,"height":79,"caption":"ChirurgiVision"},"image":{"@id":"http:\/\/www.chirurgivision.com\/en\/#\/schema\/logo\/image\/"},"sameAs":["https:\/\/www.facebook.com\/chirurgivision\/","https:\/\/www.instagram.com\/cliniquechirurgivision\/","https:\/\/www.linkedin.com\/company\/chirurgi-vision\/","https:\/\/www.youtube.com\/user\/DrFrancisRoy\/"]}]}},"_links":{"self":[{"href":"http:\/\/www.chirurgivision.com\/en\/wp-json\/wp\/v2\/pages\/4266","targetHints":{"allow":["GET"]}}],"collection":[{"href":"http:\/\/www.chirurgivision.com\/en\/wp-json\/wp\/v2\/pages"}],"about":[{"href":"http:\/\/www.chirurgivision.com\/en\/wp-json\/wp\/v2\/types\/page"}],"author":[{"embeddable":true,"href":"http:\/\/www.chirurgivision.com\/en\/wp-json\/wp\/v2\/users\/5"}],"replies":[{"embeddable":true,"href":"http:\/\/www.chirurgivision.com\/en\/wp-json\/wp\/v2\/comments?post=4266"}],"version-history":[{"count":2,"href":"http:\/\/www.chirurgivision.com\/en\/wp-json\/wp\/v2\/pages\/4266\/revisions"}],"predecessor-version":[{"id":4268,"href":"http:\/\/www.chirurgivision.com\/en\/wp-json\/wp\/v2\/pages\/4266\/revisions\/4268"}],"up":[{"embeddable":true,"href":"http:\/\/www.chirurgivision.com\/en\/wp-json\/wp\/v2\/pages\/4254"}],"wp:attachment":[{"href":"http:\/\/www.chirurgivision.com\/en\/wp-json\/wp\/v2\/media?parent=4266"}],"curies":[{"name":"wp","href":"https:\/\/api.w.org\/{rel}","templated":true}]}}