{"id":4269,"date":"2024-08-08T13:24:05","date_gmt":"2024-08-08T17:24:05","guid":{"rendered":"https:\/\/www.chirurgivision.com\/?page_id=4269"},"modified":"2024-08-08T13:24:21","modified_gmt":"2024-08-08T17:24:21","slug":"presbyopia-2","status":"publish","type":"page","link":"http:\/\/www.chirurgivision.com\/en\/the-eye-and-its-flaws\/presbyopia-2\/","title":{"rendered":"Presbyopia"},"content":{"rendered":"\n[et_pb_section fb_built=\u00a0\u00bb1&Prime; module_class=\u00a0\u00bbdefaut-titre-section pb-section\u00a0\u00bb _builder_version=\u00a0\u00bb4.23.1&Prime; _module_preset=\u00a0\u00bbdefault\u00a0\u00bb locked=\u00a0\u00bboff\u00a0\u00bb global_colors_info=\u00a0\u00bb{}\u00a0\u00bb][et_pb_row column_structure=\u00a0\u00bb2_5,3_5&Prime; _builder_version=\u00a0\u00bb4.21.0&Prime; _module_preset=\u00a0\u00bbdefault\u00a0\u00bb global_colors_info=\u00a0\u00bb{}\u00a0\u00bb][et_pb_column type=\u00a0\u00bb2_5&Prime; _builder_version=\u00a0\u00bb4.21.0&Prime; _module_preset=\u00a0\u00bbdefault\u00a0\u00bb global_colors_info=\u00a0\u00bb{}\u00a0\u00bb][et_pb_image src=\u00a0\u00bbhttps:\/\/www.chirurgivision.com\/wp-content\/uploads\/2023\/11\/ChirurgiVision-presbytie-2.jpg\u00a0\u00bb alt=\u00a0\u00bbImage illustrant la presbytie\u00a0\u00bb title_text=\u00a0\u00bbChirurgiVision-presbytie\u00a0\u00bb _builder_version=\u00a0\u00bb4.23.1&Prime; _module_preset=\u00a0\u00bbdefault\u00a0\u00bb global_colors_info=\u00a0\u00bb{}\u00a0\u00bb][\/et_pb_image][\/et_pb_column][et_pb_column type=\u00a0\u00bb3_5&Prime; _builder_version=\u00a0\u00bb4.21.0&Prime; _module_preset=\u00a0\u00bbdefault\u00a0\u00bb global_colors_info=\u00a0\u00bb{}\u00a0\u00bb][et_pb_post_title meta=\u00a0\u00bboff\u00a0\u00bb featured_image=\u00a0\u00bboff\u00a0\u00bb _builder_version=\u00a0\u00bb4.21.0&Prime; _module_preset=\u00a0\u00bbdefault\u00a0\u00bb global_colors_info=\u00a0\u00bb{}\u00a0\u00bb][\/et_pb_post_title][et_pb_text _builder_version=\u00a0\u00bb4.24.0&Prime; _module_preset=\u00a0\u00bbdefault\u00a0\u00bb hover_enabled=\u00a0\u00bb0&Prime; global_colors_info=\u00a0\u00bb{}\u00a0\u00bb sticky_enabled=\u00a0\u00bb0&Prime;]<p>La presbytie est un trouble visuel li\u00e9 au vieillissement de l&rsquo;\u0153il et qu&rsquo;on ne peut pas pr\u00e9venir. Elle se manifeste vers l&rsquo;\u00e2ge de 45 ans et se caract\u00e9rise par une diminution progressive de la capacit\u00e9 de l&rsquo;\u0153il \u00e0 focaliser clairement sur les objets proches. La cause principale de ce trouble r\u00e9side dans la perte d&rsquo;\u00e9lasticit\u00e9 du cristallin, la lentille naturelle de l&rsquo;\u0153il, qui permet de passer d&rsquo;une vision de loin \u00e0 une vision de pr\u00e8s.<\/p>\n<p>Les sympt\u00f4mes courants de la presbytie comprennent la difficult\u00e9 \u00e0 lire de petits caract\u00e8res de pr\u00e8s, la n\u00e9cessit\u00e9 de tenir les objets \u00e0 une distance plus \u00e9loign\u00e9e pour les voir clairement, la fatigue oculaire et parfois des maux de t\u00eate.<\/p>\n<p>\u00c0 ce jour, diverses options sont disponibles pour traiter la presbytie. Parmi elles, la solution la plus r\u00e9pandue consiste \u00e0 utiliser des lentilles intraoculaires avec foyer (bifocales, trifocales ou multifocales segment\u00e9es). Cette approche r\u00e9duit la d\u00e9pendance aux lunettes et aux lentilles corn\u00e9ennes vous permettant d&rsquo;accomplir plusieurs activit\u00e9s quotidiennes telles que la lecture, la conduite ou le travail sur l&rsquo;ordinateur.<\/p>[\/et_pb_text][\/et_pb_column][\/et_pb_row][\/et_pb_section][et_pb_section fb_built=\u00a0\u00bb1&Prime; module_class=\u00a0\u00bbtraitements-liste-section\u00a0\u00bb _builder_version=\u00a0\u00bb4.21.0&Prime; _module_preset=\u00a0\u00bbdefault\u00a0\u00bb locked=\u00a0\u00bboff\u00a0\u00bb global_colors_info=\u00a0\u00bb{}\u00a0\u00bb][et_pb_row column_structure=\u00a0\u00bb2_5,3_5&Prime; module_class=\u00a0\u00bbtraitements-liste-row\u00a0\u00bb _builder_version=\u00a0\u00bb4.21.0&Prime; _module_preset=\u00a0\u00bbdefault\u00a0\u00bb global_colors_info=\u00a0\u00bb{}\u00a0\u00bb][et_pb_column type=\u00a0\u00bb2_5&Prime; _builder_version=\u00a0\u00bb4.20.4&Prime; _module_preset=\u00a0\u00bbdefault\u00a0\u00bb global_colors_info=\u00a0\u00bb{}\u00a0\u00bb][et_pb_text _builder_version=\u00a0\u00bb4.21.0&Prime; _module_preset=\u00a0\u00bbdefault\u00a0\u00bb global_colors_info=\u00a0\u00bb{}\u00a0\u00bb]<h3>Traitements<br \/>pour la presbytie<\/h3>[\/et_pb_text][\/et_pb_column][et_pb_column type=\u00a0\u00bb3_5&Prime; _builder_version=\u00a0\u00bb4.20.4&Prime; _module_preset=\u00a0\u00bbdefault\u00a0\u00bb global_colors_info=\u00a0\u00bb{}\u00a0\u00bb][et_pb_code _builder_version=\u00a0\u00bb4.20.4&Prime; _module_preset=\u00a0\u00bbdefault\u00a0\u00bb global_colors_info=\u00a0\u00bb{}\u00a0\u00bb]<ul class=\"liste_page_relie\"><\/ul>[\/et_pb_code][\/et_pb_column][\/et_pb_row][\/et_pb_section][et_pb_section fb_built=\u00a0\u00bb1&Prime; module_class=\u00a0\u00bbsection-fw-textimg reverse\u00a0\u00bb _builder_version=\u00a0\u00bb4.21.0&Prime; _module_preset=\u00a0\u00bbdefault\u00a0\u00bb background_enable_color=\u00a0\u00bboff\u00a0\u00bb custom_padding=\u00a0\u00bb0px|0px|0px|0px|true|true\u00a0\u00bb global_module=\u00a0\u00bb638&Prime; saved_tabs=\u00a0\u00bball\u00a0\u00bb locked=\u00a0\u00bboff\u00a0\u00bb global_colors_info=\u00a0\u00bb{}\u00a0\u00bb][et_pb_row column_structure=\u00a0\u00bb1_2,1_2&Prime; make_equal=\u00a0\u00bbon\u00a0\u00bb custom_padding_last_edited=\u00a0\u00bbon|tablet\u00a0\u00bb module_class=\u00a0\u00bbbg-item bg-item__right bg-item__mobile-vertical bg-item-color-secondary-light\u00a0\u00bb _builder_version=\u00a0\u00bb4.21.0&Prime; _module_preset=\u00a0\u00bbdefault\u00a0\u00bb max_width=\u00a0\u00bb100%\u00a0\u00bb custom_padding=\u00a0\u00bb90px|0px|90px|0px|true|true\u00a0\u00bb custom_padding_tablet=\u00a0\u00bb60px||60px||true|true\u00a0\u00bb custom_padding_phone=\u00a0\u00bb60px||60px||true|true\u00a0\u00bb custom_css_main_element=\u00a0\u00bbalign-items:center;\u00a0\u00bb global_colors_info=\u00a0\u00bb{}\u00a0\u00bb][et_pb_column type=\u00a0\u00bb1_2&Prime; _builder_version=\u00a0\u00bb4.20.4&Prime; _module_preset=\u00a0\u00bbdefault\u00a0\u00bb background_enable_image=\u00a0\u00bboff\u00a0\u00bb global_colors_info=\u00a0\u00bb{}\u00a0\u00bb][et_pb_image src=\u00a0\u00bbhttps:\/\/www.chirurgivision.com\/wp-content\/uploads\/2023\/05\/ChirurgiVision-Rendez-vous-1.jpg\u00a0\u00bb alt=\u00a0\u00bbPhoto pour la prise de RDV\u00a0\u00bb title_text=\u00a0\u00bbChirurgiVision-Rendez-vous\u00a0\u00bb _builder_version=\u00a0\u00bb4.23.1&Prime; _module_preset=\u00a0\u00bbdefault\u00a0\u00bb global_colors_info=\u00a0\u00bb{}\u00a0\u00bb][\/et_pb_image][\/et_pb_column][et_pb_column type=\u00a0\u00bb1_2&Prime; _builder_version=\u00a0\u00bb4.20.4&Prime; _module_preset=\u00a0\u00bbdefault\u00a0\u00bb custom_padding=\u00a0\u00bb||||false|false\u00a0\u00bb custom_padding_tablet=\u00a0\u00bb||||false|false\u00a0\u00bb custom_padding_phone=\u00a0\u00bb||||false|false\u00a0\u00bb custom_padding_last_edited=\u00a0\u00bbon|desktop\u00a0\u00bb global_colors_info=\u00a0\u00bb{}\u00a0\u00bb][et_pb_text module_class=\u00a0\u00bbno-br-md\u00a0\u00bb _builder_version=\u00a0\u00bb4.21.0&Prime; _module_preset=\u00a0\u00bbdefault\u00a0\u00bb custom_margin=\u00a0\u00bb||15px||false|false\u00a0\u00bb global_colors_info=\u00a0\u00bb{}\u00a0\u00bb]<h2>Obtenez un\u00a0<br \/>rendez-vous<\/h2>[\/et_pb_text][et_pb_text _builder_version=\u00a0\u00bb4.24.0&Prime; _module_preset=\u00a0\u00bbdefault\u00a0\u00bb custom_margin=\u00a0\u00bb||15px||false|false\u00a0\u00bb global_colors_info=\u00a0\u00bb{}\u00a0\u00bb]<p>La Clinique ChirurgiVision collabore avec plus d\u2019une centaine d\u2019optom\u00e9tristes partenaires \u00e0 travers le Qu\u00e9bec! Prenez un rendez-vous avec notre \u00e9quipe d\u2019experts en chirurgie r\u00e9fractive et phacor\u00e9fractive. Faites de vos yeux votre priorit\u00e9! Consultez la <a href=\"https:\/\/www.chirurgivision.com\/a-propos\/optometristes-partenaires\/\">liste des optom\u00e9tristes<\/a> de votre r\u00e9gion ou contactez-nous d\u00e8s aujourd\u2019hui!<\/p>[\/et_pb_text][et_pb_button button_url=\u00a0\u00bb@ET-DC@eyJkeW5hbWljIjp0cnVlLCJjb250ZW50IjoicG9zdF9saW5rX3VybF9wYWdlIiwic2V0dGluZ3MiOnsicG9zdF9pZCI6IjQzMyJ9fQ==@\u00a0\u00bb button_text=\u00a0\u00bbNous joindre\u00a0\u00bb _builder_version=\u00a0\u00bb4.21.0&Prime; _dynamic_attributes=\u00a0\u00bbbutton_url\u00a0\u00bb _module_preset=\u00a0\u00bbdefault\u00a0\u00bb global_colors_info=\u00a0\u00bb{}\u00a0\u00bb][\/et_pb_button][\/et_pb_column][\/et_pb_row][\/et_pb_section]\n","protected":false},"excerpt":{"rendered":"<p>La presbytie est un trouble visuel li\u00e9 au vieillissement de l&rsquo;\u0153il et qu&rsquo;on ne peut pas pr\u00e9venir. Elle se manifeste vers l&rsquo;\u00e2ge de 45 ans et se caract\u00e9rise par une diminution progressive de la capacit\u00e9 de l&rsquo;\u0153il \u00e0 focaliser clairement sur les objets proches. La cause principale de ce trouble r\u00e9side dans la perte d&rsquo;\u00e9lasticit\u00e9 [&hellip;]<\/p>\n","protected":false},"author":5,"featured_media":0,"parent":4254,"menu_order":38,"comment_status":"closed","ping_status":"closed","template":"","meta":{"_acf_changed":false,"_et_pb_use_builder":"on","_et_pb_old_content":"<!-- wp:divi\/placeholder \/-->","_et_gb_content_width":"","protect_children":false,"footnotes":""},"class_list":["post-4269","page","type-page","status-publish","hentry"],"acf":[],"yoast_head":"<!-- This site is optimized with the Yoast SEO plugin v27.3 - https:\/\/yoast.com\/product\/yoast-seo-wordpress\/ -->\n<title>Presbyopia | ChirurgiVision<\/title>\n<meta name=\"description\" content=\"La presbytie se caract\u00e9rise par une diminution progressive de la capacit\u00e9 de l\u2019\u0153il \u00e0 focaliser clairement sur les objets proches.\" \/>\n<meta name=\"robots\" content=\"index, follow, max-snippet:-1, max-image-preview:large, max-video-preview:-1\" \/>\n<link rel=\"canonical\" href=\"http:\/\/www.chirurgivision.com\/en\/the-eye-and-its-flaws\/presbyopia-2\/\" \/>\n<meta property=\"og:locale\" content=\"en_US\" \/>\n<meta property=\"og:type\" content=\"article\" \/>\n<meta property=\"og:title\" content=\"Presbyopia | ChirurgiVision\" \/>\n<meta property=\"og:description\" content=\"La presbytie se caract\u00e9rise par une diminution progressive de la capacit\u00e9 de l\u2019\u0153il \u00e0 focaliser clairement sur les objets proches.\" \/>\n<meta property=\"og:url\" content=\"http:\/\/www.chirurgivision.com\/en\/the-eye-and-its-flaws\/presbyopia-2\/\" \/>\n<meta property=\"og:site_name\" content=\"ChirurgiVision\" \/>\n<meta property=\"article:publisher\" content=\"https:\/\/www.facebook.com\/chirurgivision\/\" \/>\n<meta property=\"article:modified_time\" content=\"2024-08-08T17:24:21+00:00\" \/>\n<meta property=\"og:image\" content=\"http:\/\/www.chirurgivision.com\/wp-content\/uploads\/2023\/08\/ChirurgiVision-Logo-Rouge-2.jpg\" \/>\n\t<meta property=\"og:image:width\" content=\"1200\" \/>\n\t<meta property=\"og:image:height\" content=\"678\" \/>\n\t<meta property=\"og:image:type\" content=\"image\/jpeg\" \/>\n<meta name=\"twitter:card\" content=\"summary_large_image\" \/>\n<meta name=\"twitter:label1\" content=\"Est. reading time\" \/>\n\t<meta name=\"twitter:data1\" content=\"2 minutes\" \/>\n<script type=\"application\/ld+json\" class=\"yoast-schema-graph\">{\"@context\":\"https:\\\/\\\/schema.org\",\"@graph\":[{\"@type\":\"WebPage\",\"@id\":\"http:\\\/\\\/www.chirurgivision.com\\\/en\\\/the-eye-and-its-flaws\\\/presbyopia-2\\\/\",\"url\":\"http:\\\/\\\/www.chirurgivision.com\\\/en\\\/the-eye-and-its-flaws\\\/presbyopia-2\\\/\",\"name\":\"Presbyopia | ChirurgiVision\",\"isPartOf\":{\"@id\":\"http:\\\/\\\/www.chirurgivision.com\\\/en\\\/#website\"},\"datePublished\":\"2024-08-08T17:24:05+00:00\",\"dateModified\":\"2024-08-08T17:24:21+00:00\",\"description\":\"La presbytie se caract\u00e9rise par une diminution progressive de la capacit\u00e9 de l\u2019\u0153il \u00e0 focaliser clairement sur les objets proches.\",\"breadcrumb\":{\"@id\":\"http:\\\/\\\/www.chirurgivision.com\\\/en\\\/the-eye-and-its-flaws\\\/presbyopia-2\\\/#breadcrumb\"},\"inLanguage\":\"en-US\",\"potentialAction\":[{\"@type\":\"ReadAction\",\"target\":[\"http:\\\/\\\/www.chirurgivision.com\\\/en\\\/the-eye-and-its-flaws\\\/presbyopia-2\\\/\"]}]},{\"@type\":\"BreadcrumbList\",\"@id\":\"http:\\\/\\\/www.chirurgivision.com\\\/en\\\/the-eye-and-its-flaws\\\/presbyopia-2\\\/#breadcrumb\",\"itemListElement\":[{\"@type\":\"ListItem\",\"position\":1,\"name\":\"Home\",\"item\":\"https:\\\/\\\/www.chirurgivision.com\\\/en\\\/\"},{\"@type\":\"ListItem\",\"position\":2,\"name\":\"The eye and its flaws\",\"item\":\"https:\\\/\\\/www.chirurgivision.com\\\/en\\\/the-eye-and-its-flaws\\\/\"},{\"@type\":\"ListItem\",\"position\":3,\"name\":\"Presbyopia\"}]},{\"@type\":\"WebSite\",\"@id\":\"http:\\\/\\\/www.chirurgivision.com\\\/en\\\/#website\",\"url\":\"http:\\\/\\\/www.chirurgivision.com\\\/en\\\/\",\"name\":\"ChirurgiVision\",\"description\":\"We see your vision!\",\"publisher\":{\"@id\":\"http:\\\/\\\/www.chirurgivision.com\\\/en\\\/#organization\"},\"potentialAction\":[{\"@type\":\"SearchAction\",\"target\":{\"@type\":\"EntryPoint\",\"urlTemplate\":\"http:\\\/\\\/www.chirurgivision.com\\\/en\\\/?s={search_term_string}\"},\"query-input\":{\"@type\":\"PropertyValueSpecification\",\"valueRequired\":true,\"valueName\":\"search_term_string\"}}],\"inLanguage\":\"en-US\"},{\"@type\":\"Organization\",\"@id\":\"http:\\\/\\\/www.chirurgivision.com\\\/en\\\/#organization\",\"name\":\"ChirurgiVision\",\"url\":\"http:\\\/\\\/www.chirurgivision.com\\\/en\\\/\",\"logo\":{\"@type\":\"ImageObject\",\"inLanguage\":\"en-US\",\"@id\":\"http:\\\/\\\/www.chirurgivision.com\\\/en\\\/#\\\/schema\\\/logo\\\/image\\\/\",\"url\":\"https:\\\/\\\/www.chirurgivision.com\\\/wp-content\\\/uploads\\\/2023\\\/04\\\/logo_chirurgivision.png\",\"contentUrl\":\"https:\\\/\\\/www.chirurgivision.com\\\/wp-content\\\/uploads\\\/2023\\\/04\\\/logo_chirurgivision.png\",\"width\":235,\"height\":79,\"caption\":\"ChirurgiVision\"},\"image\":{\"@id\":\"http:\\\/\\\/www.chirurgivision.com\\\/en\\\/#\\\/schema\\\/logo\\\/image\\\/\"},\"sameAs\":[\"https:\\\/\\\/www.facebook.com\\\/chirurgivision\\\/\",\"https:\\\/\\\/www.instagram.com\\\/cliniquechirurgivision\\\/\",\"https:\\\/\\\/www.linkedin.com\\\/company\\\/chirurgi-vision\\\/\",\"https:\\\/\\\/www.youtube.com\\\/user\\\/DrFrancisRoy\\\/\"]}]}<\/script>\n<!-- \/ Yoast SEO plugin. -->","yoast_head_json":{"title":"Presbyopia | ChirurgiVision","description":"La presbytie se caract\u00e9rise par une diminution progressive de la capacit\u00e9 de l\u2019\u0153il \u00e0 focaliser clairement sur les objets proches.","robots":{"index":"index","follow":"follow","max-snippet":"max-snippet:-1","max-image-preview":"max-image-preview:large","max-video-preview":"max-video-preview:-1"},"canonical":"http:\/\/www.chirurgivision.com\/en\/the-eye-and-its-flaws\/presbyopia-2\/","og_locale":"en_US","og_type":"article","og_title":"Presbyopia | ChirurgiVision","og_description":"La presbytie se caract\u00e9rise par une diminution progressive de la capacit\u00e9 de l\u2019\u0153il \u00e0 focaliser clairement sur les objets proches.","og_url":"http:\/\/www.chirurgivision.com\/en\/the-eye-and-its-flaws\/presbyopia-2\/","og_site_name":"ChirurgiVision","article_publisher":"https:\/\/www.facebook.com\/chirurgivision\/","article_modified_time":"2024-08-08T17:24:21+00:00","og_image":[{"width":1200,"height":678,"url":"http:\/\/www.chirurgivision.com\/wp-content\/uploads\/2023\/08\/ChirurgiVision-Logo-Rouge-2.jpg","type":"image\/jpeg"}],"twitter_card":"summary_large_image","twitter_misc":{"Est. reading time":"2 minutes"},"schema":{"@context":"https:\/\/schema.org","@graph":[{"@type":"WebPage","@id":"http:\/\/www.chirurgivision.com\/en\/the-eye-and-its-flaws\/presbyopia-2\/","url":"http:\/\/www.chirurgivision.com\/en\/the-eye-and-its-flaws\/presbyopia-2\/","name":"Presbyopia | ChirurgiVision","isPartOf":{"@id":"http:\/\/www.chirurgivision.com\/en\/#website"},"datePublished":"2024-08-08T17:24:05+00:00","dateModified":"2024-08-08T17:24:21+00:00","description":"La presbytie se caract\u00e9rise par une diminution progressive de la capacit\u00e9 de l\u2019\u0153il \u00e0 focaliser clairement sur les objets proches.","breadcrumb":{"@id":"http:\/\/www.chirurgivision.com\/en\/the-eye-and-its-flaws\/presbyopia-2\/#breadcrumb"},"inLanguage":"en-US","potentialAction":[{"@type":"ReadAction","target":["http:\/\/www.chirurgivision.com\/en\/the-eye-and-its-flaws\/presbyopia-2\/"]}]},{"@type":"BreadcrumbList","@id":"http:\/\/www.chirurgivision.com\/en\/the-eye-and-its-flaws\/presbyopia-2\/#breadcrumb","itemListElement":[{"@type":"ListItem","position":1,"name":"Home","item":"https:\/\/www.chirurgivision.com\/en\/"},{"@type":"ListItem","position":2,"name":"The eye and its flaws","item":"https:\/\/www.chirurgivision.com\/en\/the-eye-and-its-flaws\/"},{"@type":"ListItem","position":3,"name":"Presbyopia"}]},{"@type":"WebSite","@id":"http:\/\/www.chirurgivision.com\/en\/#website","url":"http:\/\/www.chirurgivision.com\/en\/","name":"ChirurgiVision","description":"We see your vision!","publisher":{"@id":"http:\/\/www.chirurgivision.com\/en\/#organization"},"potentialAction":[{"@type":"SearchAction","target":{"@type":"EntryPoint","urlTemplate":"http:\/\/www.chirurgivision.com\/en\/?s={search_term_string}"},"query-input":{"@type":"PropertyValueSpecification","valueRequired":true,"valueName":"search_term_string"}}],"inLanguage":"en-US"},{"@type":"Organization","@id":"http:\/\/www.chirurgivision.com\/en\/#organization","name":"ChirurgiVision","url":"http:\/\/www.chirurgivision.com\/en\/","logo":{"@type":"ImageObject","inLanguage":"en-US","@id":"http:\/\/www.chirurgivision.com\/en\/#\/schema\/logo\/image\/","url":"https:\/\/www.chirurgivision.com\/wp-content\/uploads\/2023\/04\/logo_chirurgivision.png","contentUrl":"https:\/\/www.chirurgivision.com\/wp-content\/uploads\/2023\/04\/logo_chirurgivision.png","width":235,"height":79,"caption":"ChirurgiVision"},"image":{"@id":"http:\/\/www.chirurgivision.com\/en\/#\/schema\/logo\/image\/"},"sameAs":["https:\/\/www.facebook.com\/chirurgivision\/","https:\/\/www.instagram.com\/cliniquechirurgivision\/","https:\/\/www.linkedin.com\/company\/chirurgi-vision\/","https:\/\/www.youtube.com\/user\/DrFrancisRoy\/"]}]}},"_links":{"self":[{"href":"http:\/\/www.chirurgivision.com\/en\/wp-json\/wp\/v2\/pages\/4269","targetHints":{"allow":["GET"]}}],"collection":[{"href":"http:\/\/www.chirurgivision.com\/en\/wp-json\/wp\/v2\/pages"}],"about":[{"href":"http:\/\/www.chirurgivision.com\/en\/wp-json\/wp\/v2\/types\/page"}],"author":[{"embeddable":true,"href":"http:\/\/www.chirurgivision.com\/en\/wp-json\/wp\/v2\/users\/5"}],"replies":[{"embeddable":true,"href":"http:\/\/www.chirurgivision.com\/en\/wp-json\/wp\/v2\/comments?post=4269"}],"version-history":[{"count":2,"href":"http:\/\/www.chirurgivision.com\/en\/wp-json\/wp\/v2\/pages\/4269\/revisions"}],"predecessor-version":[{"id":4271,"href":"http:\/\/www.chirurgivision.com\/en\/wp-json\/wp\/v2\/pages\/4269\/revisions\/4271"}],"up":[{"embeddable":true,"href":"http:\/\/www.chirurgivision.com\/en\/wp-json\/wp\/v2\/pages\/4254"}],"wp:attachment":[{"href":"http:\/\/www.chirurgivision.com\/en\/wp-json\/wp\/v2\/media?parent=4269"}],"curies":[{"name":"wp","href":"https:\/\/api.w.org\/{rel}","templated":true}]}}