{"id":4281,"date":"2024-08-08T13:31:00","date_gmt":"2024-08-08T17:31:00","guid":{"rendered":"https:\/\/www.chirurgivision.com\/?page_id=4281"},"modified":"2024-08-08T13:32:04","modified_gmt":"2024-08-08T17:32:04","slug":"dry-eye-syndrome-2","status":"publish","type":"page","link":"http:\/\/www.chirurgivision.com\/en\/the-eye-and-its-flaws\/dry-eye-syndrome-2\/","title":{"rendered":"Dry eye syndrome"},"content":{"rendered":"\n[et_pb_section fb_built=\u00a0\u00bb1&Prime; module_class=\u00a0\u00bbdefaut-titre-section pb-section\u00a0\u00bb _builder_version=\u00a0\u00bb4.23.1&Prime; _module_preset=\u00a0\u00bbdefault\u00a0\u00bb locked=\u00a0\u00bboff\u00a0\u00bb global_colors_info=\u00a0\u00bb{}\u00a0\u00bb][et_pb_row column_structure=\u00a0\u00bb2_5,3_5&Prime; _builder_version=\u00a0\u00bb4.21.0&Prime; _module_preset=\u00a0\u00bbdefault\u00a0\u00bb global_colors_info=\u00a0\u00bb{}\u00a0\u00bb][et_pb_column type=\u00a0\u00bb2_5&Prime; _builder_version=\u00a0\u00bb4.21.0&Prime; _module_preset=\u00a0\u00bbdefault\u00a0\u00bb global_colors_info=\u00a0\u00bb{}\u00a0\u00bb][et_pb_image src=\u00a0\u00bbhttps:\/\/www.chirurgivision.com\/wp-content\/uploads\/2023\/11\/ChirurgiVision-presbytie-1.jpg\u00a0\u00bb alt=\u00a0\u00bbImage d&rsquo;une femme se mettant des gouttes ophtalmiques\u00a0\u00bb title_text=\u00a0\u00bbChirurgiVision-secheresse-oculaire\u00a0\u00bb _builder_version=\u00a0\u00bb4.23.1&Prime; _module_preset=\u00a0\u00bbdefault\u00a0\u00bb global_colors_info=\u00a0\u00bb{}\u00a0\u00bb][\/et_pb_image][\/et_pb_column][et_pb_column type=\u00a0\u00bb3_5&Prime; _builder_version=\u00a0\u00bb4.21.0&Prime; _module_preset=\u00a0\u00bbdefault\u00a0\u00bb global_colors_info=\u00a0\u00bb{}\u00a0\u00bb][et_pb_post_title meta=\u00a0\u00bboff\u00a0\u00bb featured_image=\u00a0\u00bboff\u00a0\u00bb _builder_version=\u00a0\u00bb4.21.0&Prime; _module_preset=\u00a0\u00bbdefault\u00a0\u00bb global_colors_info=\u00a0\u00bb{}\u00a0\u00bb][\/et_pb_post_title][et_pb_text _builder_version=\u00a0\u00bb4.24.0&Prime; _module_preset=\u00a0\u00bbdefault\u00a0\u00bb hover_enabled=\u00a0\u00bb0&Prime; global_colors_info=\u00a0\u00bb{}\u00a0\u00bb sticky_enabled=\u00a0\u00bb0&Prime;]<p>Le syndrome de <span> l&rsquo;\u0153il <\/span>sec implique les larmes et la surface corn\u00e9enne. Les yeux produisent des larmes pour maintenir la surface corn\u00e9enne hydrat\u00e9e. Les personnes qui souffrent de s\u00e9cheresse oculaire ne produisent pas assez de larmes ou ont des larmes qui s&rsquo;\u00e9vaporent trop rapidement de la surface des yeux, ne parvenant pas \u00e0 les maintenir humides entre les clignements.<\/p>\n<p>La s\u00e9cheresse oculaire est un probl\u00e8me tr\u00e8s r\u00e9pandu et souvent sous-diagnostiqu\u00e9. La s\u00e9cheresse a tendance \u00e0 \u00eatre exacerb\u00e9e apr\u00e8s une chirurgie \u00e0 cause de l\u2019inflammation g\u00e9n\u00e9r\u00e9e par celle-ci. Cette condition doit donc \u00eatre contr\u00f4l\u00e9e avant la chirurgie car elle interf\u00e8re avec le calcul de l\u2019implant intraoculaire.<\/p>\n<p>La clinique poss\u00e8de un syst\u00e8me d&rsquo;analyse de la surface oculaire, IDRA, qui permet une analyse d\u00e9taill\u00e9e de la composition lacrymale. Outre les gouttes lubrifiantes, plusieurs traitements sont disponibles. Nous vous recommanderons la meilleure solution selon votre diagnostic.<\/p>\n<p>Il est primordial d&rsquo;avoir un <span>\u0153il<\/span> en sant\u00e9 avant toute chirurgie r\u00e9fractive. C&rsquo;est pourquoi nous prenons le temps d&rsquo;\u00e9valuer avec un soin particulier les sympt\u00f4mes de s\u00e9cheresse oculaire, puisque de nombreux patients en souffrent, mais ne ressentent pas les effets (d\u00e9mangeaisons, picotements, clignements et sensation de br\u00fblure ou de corps \u00e9tranger, etc.).<\/p>\n<p>Le traitement de la s\u00e9cheresse en amont de la chirurgie contribue \u00e0 de meilleurs r\u00e9sultats pour les patients.<\/p>[\/et_pb_text][\/et_pb_column][\/et_pb_row][\/et_pb_section][et_pb_section fb_built=\u00a0\u00bb1&Prime; module_class=\u00a0\u00bbsection-fw-textimg reverse\u00a0\u00bb _builder_version=\u00a0\u00bb4.21.0&Prime; _module_preset=\u00a0\u00bbdefault\u00a0\u00bb background_enable_color=\u00a0\u00bboff\u00a0\u00bb custom_padding=\u00a0\u00bb0px|0px|0px|0px|true|true\u00a0\u00bb global_module=\u00a0\u00bb638&Prime; saved_tabs=\u00a0\u00bball\u00a0\u00bb locked=\u00a0\u00bboff\u00a0\u00bb global_colors_info=\u00a0\u00bb{}\u00a0\u00bb][et_pb_row column_structure=\u00a0\u00bb1_2,1_2&Prime; make_equal=\u00a0\u00bbon\u00a0\u00bb custom_padding_last_edited=\u00a0\u00bbon|tablet\u00a0\u00bb module_class=\u00a0\u00bbbg-item bg-item__right bg-item__mobile-vertical bg-item-color-secondary-light\u00a0\u00bb _builder_version=\u00a0\u00bb4.21.0&Prime; _module_preset=\u00a0\u00bbdefault\u00a0\u00bb max_width=\u00a0\u00bb100%\u00a0\u00bb custom_padding=\u00a0\u00bb90px|0px|90px|0px|true|true\u00a0\u00bb custom_padding_tablet=\u00a0\u00bb60px||60px||true|true\u00a0\u00bb custom_padding_phone=\u00a0\u00bb60px||60px||true|true\u00a0\u00bb custom_css_main_element=\u00a0\u00bbalign-items:center;\u00a0\u00bb global_colors_info=\u00a0\u00bb{}\u00a0\u00bb][et_pb_column type=\u00a0\u00bb1_2&Prime; _builder_version=\u00a0\u00bb4.20.4&Prime; _module_preset=\u00a0\u00bbdefault\u00a0\u00bb background_enable_image=\u00a0\u00bboff\u00a0\u00bb global_colors_info=\u00a0\u00bb{}\u00a0\u00bb][et_pb_image src=\u00a0\u00bbhttps:\/\/www.chirurgivision.com\/wp-content\/uploads\/2023\/05\/ChirurgiVision-Rendez-vous-1.jpg\u00a0\u00bb alt=\u00a0\u00bbPhoto pour la prise de RDV\u00a0\u00bb title_text=\u00a0\u00bbChirurgiVision-Rendez-vous\u00a0\u00bb _builder_version=\u00a0\u00bb4.23.1&Prime; _module_preset=\u00a0\u00bbdefault\u00a0\u00bb global_colors_info=\u00a0\u00bb{}\u00a0\u00bb][\/et_pb_image][\/et_pb_column][et_pb_column type=\u00a0\u00bb1_2&Prime; _builder_version=\u00a0\u00bb4.20.4&Prime; _module_preset=\u00a0\u00bbdefault\u00a0\u00bb custom_padding=\u00a0\u00bb||||false|false\u00a0\u00bb custom_padding_tablet=\u00a0\u00bb||||false|false\u00a0\u00bb custom_padding_phone=\u00a0\u00bb||||false|false\u00a0\u00bb custom_padding_last_edited=\u00a0\u00bbon|desktop\u00a0\u00bb global_colors_info=\u00a0\u00bb{}\u00a0\u00bb][et_pb_text module_class=\u00a0\u00bbno-br-md\u00a0\u00bb _builder_version=\u00a0\u00bb4.21.0&Prime; _module_preset=\u00a0\u00bbdefault\u00a0\u00bb custom_margin=\u00a0\u00bb||15px||false|false\u00a0\u00bb global_colors_info=\u00a0\u00bb{}\u00a0\u00bb]<h2>Obtenez un\u00a0<br \/>rendez-vous<\/h2>[\/et_pb_text][et_pb_text _builder_version=\u00a0\u00bb4.24.0&Prime; _module_preset=\u00a0\u00bbdefault\u00a0\u00bb custom_margin=\u00a0\u00bb||15px||false|false\u00a0\u00bb global_colors_info=\u00a0\u00bb{}\u00a0\u00bb]<p>La Clinique ChirurgiVision collabore avec plus d\u2019une centaine d\u2019optom\u00e9tristes partenaires \u00e0 travers le Qu\u00e9bec! Prenez un rendez-vous avec notre \u00e9quipe d\u2019experts en chirurgie r\u00e9fractive et phacor\u00e9fractive. Faites de vos yeux votre priorit\u00e9! Consultez la <a href=\"https:\/\/www.chirurgivision.com\/a-propos\/optometristes-partenaires\/\">liste des optom\u00e9tristes<\/a> de votre r\u00e9gion ou contactez-nous d\u00e8s aujourd\u2019hui!<\/p>[\/et_pb_text][et_pb_button button_url=\u00a0\u00bb@ET-DC@eyJkeW5hbWljIjp0cnVlLCJjb250ZW50IjoicG9zdF9saW5rX3VybF9wYWdlIiwic2V0dGluZ3MiOnsicG9zdF9pZCI6IjQzMyJ9fQ==@\u00a0\u00bb button_text=\u00a0\u00bbNous joindre\u00a0\u00bb _builder_version=\u00a0\u00bb4.21.0&Prime; _dynamic_attributes=\u00a0\u00bbbutton_url\u00a0\u00bb _module_preset=\u00a0\u00bbdefault\u00a0\u00bb global_colors_info=\u00a0\u00bb{}\u00a0\u00bb][\/et_pb_button][\/et_pb_column][\/et_pb_row][\/et_pb_section]\n","protected":false},"excerpt":{"rendered":"<p>Le syndrome de l&rsquo;\u0153il sec implique les larmes et la surface corn\u00e9enne. Les yeux produisent des larmes pour maintenir la surface corn\u00e9enne hydrat\u00e9e. Les personnes qui souffrent de s\u00e9cheresse oculaire ne produisent pas assez de larmes ou ont des larmes qui s&rsquo;\u00e9vaporent trop rapidement de la surface des yeux, ne parvenant pas \u00e0 les maintenir [&hellip;]<\/p>\n","protected":false},"author":5,"featured_media":0,"parent":4254,"menu_order":34,"comment_status":"closed","ping_status":"closed","template":"","meta":{"_acf_changed":false,"_et_pb_use_builder":"on","_et_pb_old_content":"<!-- wp:divi\/placeholder \/-->","_et_gb_content_width":"","protect_children":false,"footnotes":""},"class_list":["post-4281","page","type-page","status-publish","hentry"],"acf":[],"yoast_head":"<!-- This site is optimized with the Yoast SEO plugin v27.4 - https:\/\/yoast.com\/product\/yoast-seo-wordpress\/ -->\n<title>Dry eye syndrome | ChirurgiVision<\/title>\n<meta name=\"description\" content=\"Les personnes qui souffrent de s\u00e9cheresse oculaire ne produisent pas assez de larmes ou ont des larmes qui s\u2019\u00e9vaporent trop rapidement.\" \/>\n<meta name=\"robots\" content=\"index, follow, max-snippet:-1, max-image-preview:large, max-video-preview:-1\" \/>\n<link rel=\"canonical\" href=\"http:\/\/www.chirurgivision.com\/en\/the-eye-and-its-flaws\/dry-eye-syndrome-2\/\" \/>\n<meta property=\"og:locale\" content=\"en_US\" \/>\n<meta property=\"og:type\" content=\"article\" \/>\n<meta property=\"og:title\" content=\"Dry eye syndrome | ChirurgiVision\" \/>\n<meta property=\"og:description\" content=\"Les personnes qui souffrent de s\u00e9cheresse oculaire ne produisent pas assez de larmes ou ont des larmes qui s\u2019\u00e9vaporent trop rapidement.\" \/>\n<meta property=\"og:url\" content=\"http:\/\/www.chirurgivision.com\/en\/the-eye-and-its-flaws\/dry-eye-syndrome-2\/\" \/>\n<meta property=\"og:site_name\" content=\"ChirurgiVision\" \/>\n<meta property=\"article:publisher\" content=\"https:\/\/www.facebook.com\/chirurgivision\/\" \/>\n<meta property=\"article:modified_time\" content=\"2024-08-08T17:32:04+00:00\" \/>\n<meta property=\"og:image\" content=\"http:\/\/www.chirurgivision.com\/wp-content\/uploads\/2023\/08\/ChirurgiVision-Logo-Rouge-2.jpg\" \/>\n\t<meta property=\"og:image:width\" content=\"1200\" \/>\n\t<meta property=\"og:image:height\" content=\"678\" \/>\n\t<meta property=\"og:image:type\" content=\"image\/jpeg\" \/>\n<meta name=\"twitter:card\" content=\"summary_large_image\" \/>\n<meta name=\"twitter:label1\" content=\"Est. reading time\" \/>\n\t<meta name=\"twitter:data1\" content=\"2 minutes\" \/>\n<script type=\"application\/ld+json\" class=\"yoast-schema-graph\">{\"@context\":\"https:\\\/\\\/schema.org\",\"@graph\":[{\"@type\":\"WebPage\",\"@id\":\"http:\\\/\\\/www.chirurgivision.com\\\/en\\\/the-eye-and-its-flaws\\\/dry-eye-syndrome-2\\\/\",\"url\":\"http:\\\/\\\/www.chirurgivision.com\\\/en\\\/the-eye-and-its-flaws\\\/dry-eye-syndrome-2\\\/\",\"name\":\"Dry eye syndrome | ChirurgiVision\",\"isPartOf\":{\"@id\":\"http:\\\/\\\/www.chirurgivision.com\\\/en\\\/#website\"},\"datePublished\":\"2024-08-08T17:31:00+00:00\",\"dateModified\":\"2024-08-08T17:32:04+00:00\",\"description\":\"Les personnes qui souffrent de s\u00e9cheresse oculaire ne produisent pas assez de larmes ou ont des larmes qui s\u2019\u00e9vaporent trop rapidement.\",\"breadcrumb\":{\"@id\":\"http:\\\/\\\/www.chirurgivision.com\\\/en\\\/the-eye-and-its-flaws\\\/dry-eye-syndrome-2\\\/#breadcrumb\"},\"inLanguage\":\"en-US\",\"potentialAction\":[{\"@type\":\"ReadAction\",\"target\":[\"http:\\\/\\\/www.chirurgivision.com\\\/en\\\/the-eye-and-its-flaws\\\/dry-eye-syndrome-2\\\/\"]}]},{\"@type\":\"BreadcrumbList\",\"@id\":\"http:\\\/\\\/www.chirurgivision.com\\\/en\\\/the-eye-and-its-flaws\\\/dry-eye-syndrome-2\\\/#breadcrumb\",\"itemListElement\":[{\"@type\":\"ListItem\",\"position\":1,\"name\":\"Home\",\"item\":\"https:\\\/\\\/www.chirurgivision.com\\\/en\\\/\"},{\"@type\":\"ListItem\",\"position\":2,\"name\":\"The eye and its flaws\",\"item\":\"https:\\\/\\\/www.chirurgivision.com\\\/en\\\/the-eye-and-its-flaws\\\/\"},{\"@type\":\"ListItem\",\"position\":3,\"name\":\"Dry eye syndrome\"}]},{\"@type\":\"WebSite\",\"@id\":\"http:\\\/\\\/www.chirurgivision.com\\\/en\\\/#website\",\"url\":\"http:\\\/\\\/www.chirurgivision.com\\\/en\\\/\",\"name\":\"ChirurgiVision\",\"description\":\"We see your vision!\",\"publisher\":{\"@id\":\"http:\\\/\\\/www.chirurgivision.com\\\/en\\\/#organization\"},\"potentialAction\":[{\"@type\":\"SearchAction\",\"target\":{\"@type\":\"EntryPoint\",\"urlTemplate\":\"http:\\\/\\\/www.chirurgivision.com\\\/en\\\/?s={search_term_string}\"},\"query-input\":{\"@type\":\"PropertyValueSpecification\",\"valueRequired\":true,\"valueName\":\"search_term_string\"}}],\"inLanguage\":\"en-US\"},{\"@type\":\"Organization\",\"@id\":\"http:\\\/\\\/www.chirurgivision.com\\\/en\\\/#organization\",\"name\":\"ChirurgiVision\",\"url\":\"http:\\\/\\\/www.chirurgivision.com\\\/en\\\/\",\"logo\":{\"@type\":\"ImageObject\",\"inLanguage\":\"en-US\",\"@id\":\"http:\\\/\\\/www.chirurgivision.com\\\/en\\\/#\\\/schema\\\/logo\\\/image\\\/\",\"url\":\"https:\\\/\\\/www.chirurgivision.com\\\/wp-content\\\/uploads\\\/2023\\\/04\\\/logo_chirurgivision.png\",\"contentUrl\":\"https:\\\/\\\/www.chirurgivision.com\\\/wp-content\\\/uploads\\\/2023\\\/04\\\/logo_chirurgivision.png\",\"width\":235,\"height\":79,\"caption\":\"ChirurgiVision\"},\"image\":{\"@id\":\"http:\\\/\\\/www.chirurgivision.com\\\/en\\\/#\\\/schema\\\/logo\\\/image\\\/\"},\"sameAs\":[\"https:\\\/\\\/www.facebook.com\\\/chirurgivision\\\/\",\"https:\\\/\\\/www.instagram.com\\\/cliniquechirurgivision\\\/\",\"https:\\\/\\\/www.linkedin.com\\\/company\\\/chirurgi-vision\\\/\",\"https:\\\/\\\/www.youtube.com\\\/user\\\/DrFrancisRoy\\\/\"]}]}<\/script>\n<!-- \/ Yoast SEO plugin. -->","yoast_head_json":{"title":"Dry eye syndrome | ChirurgiVision","description":"Les personnes qui souffrent de s\u00e9cheresse oculaire ne produisent pas assez de larmes ou ont des larmes qui s\u2019\u00e9vaporent trop rapidement.","robots":{"index":"index","follow":"follow","max-snippet":"max-snippet:-1","max-image-preview":"max-image-preview:large","max-video-preview":"max-video-preview:-1"},"canonical":"http:\/\/www.chirurgivision.com\/en\/the-eye-and-its-flaws\/dry-eye-syndrome-2\/","og_locale":"en_US","og_type":"article","og_title":"Dry eye syndrome | ChirurgiVision","og_description":"Les personnes qui souffrent de s\u00e9cheresse oculaire ne produisent pas assez de larmes ou ont des larmes qui s\u2019\u00e9vaporent trop rapidement.","og_url":"http:\/\/www.chirurgivision.com\/en\/the-eye-and-its-flaws\/dry-eye-syndrome-2\/","og_site_name":"ChirurgiVision","article_publisher":"https:\/\/www.facebook.com\/chirurgivision\/","article_modified_time":"2024-08-08T17:32:04+00:00","og_image":[{"width":1200,"height":678,"url":"http:\/\/www.chirurgivision.com\/wp-content\/uploads\/2023\/08\/ChirurgiVision-Logo-Rouge-2.jpg","type":"image\/jpeg"}],"twitter_card":"summary_large_image","twitter_misc":{"Est. reading time":"2 minutes"},"schema":{"@context":"https:\/\/schema.org","@graph":[{"@type":"WebPage","@id":"http:\/\/www.chirurgivision.com\/en\/the-eye-and-its-flaws\/dry-eye-syndrome-2\/","url":"http:\/\/www.chirurgivision.com\/en\/the-eye-and-its-flaws\/dry-eye-syndrome-2\/","name":"Dry eye syndrome | ChirurgiVision","isPartOf":{"@id":"http:\/\/www.chirurgivision.com\/en\/#website"},"datePublished":"2024-08-08T17:31:00+00:00","dateModified":"2024-08-08T17:32:04+00:00","description":"Les personnes qui souffrent de s\u00e9cheresse oculaire ne produisent pas assez de larmes ou ont des larmes qui s\u2019\u00e9vaporent trop rapidement.","breadcrumb":{"@id":"http:\/\/www.chirurgivision.com\/en\/the-eye-and-its-flaws\/dry-eye-syndrome-2\/#breadcrumb"},"inLanguage":"en-US","potentialAction":[{"@type":"ReadAction","target":["http:\/\/www.chirurgivision.com\/en\/the-eye-and-its-flaws\/dry-eye-syndrome-2\/"]}]},{"@type":"BreadcrumbList","@id":"http:\/\/www.chirurgivision.com\/en\/the-eye-and-its-flaws\/dry-eye-syndrome-2\/#breadcrumb","itemListElement":[{"@type":"ListItem","position":1,"name":"Home","item":"https:\/\/www.chirurgivision.com\/en\/"},{"@type":"ListItem","position":2,"name":"The eye and its flaws","item":"https:\/\/www.chirurgivision.com\/en\/the-eye-and-its-flaws\/"},{"@type":"ListItem","position":3,"name":"Dry eye syndrome"}]},{"@type":"WebSite","@id":"http:\/\/www.chirurgivision.com\/en\/#website","url":"http:\/\/www.chirurgivision.com\/en\/","name":"ChirurgiVision","description":"We see your vision!","publisher":{"@id":"http:\/\/www.chirurgivision.com\/en\/#organization"},"potentialAction":[{"@type":"SearchAction","target":{"@type":"EntryPoint","urlTemplate":"http:\/\/www.chirurgivision.com\/en\/?s={search_term_string}"},"query-input":{"@type":"PropertyValueSpecification","valueRequired":true,"valueName":"search_term_string"}}],"inLanguage":"en-US"},{"@type":"Organization","@id":"http:\/\/www.chirurgivision.com\/en\/#organization","name":"ChirurgiVision","url":"http:\/\/www.chirurgivision.com\/en\/","logo":{"@type":"ImageObject","inLanguage":"en-US","@id":"http:\/\/www.chirurgivision.com\/en\/#\/schema\/logo\/image\/","url":"https:\/\/www.chirurgivision.com\/wp-content\/uploads\/2023\/04\/logo_chirurgivision.png","contentUrl":"https:\/\/www.chirurgivision.com\/wp-content\/uploads\/2023\/04\/logo_chirurgivision.png","width":235,"height":79,"caption":"ChirurgiVision"},"image":{"@id":"http:\/\/www.chirurgivision.com\/en\/#\/schema\/logo\/image\/"},"sameAs":["https:\/\/www.facebook.com\/chirurgivision\/","https:\/\/www.instagram.com\/cliniquechirurgivision\/","https:\/\/www.linkedin.com\/company\/chirurgi-vision\/","https:\/\/www.youtube.com\/user\/DrFrancisRoy\/"]}]}},"_links":{"self":[{"href":"http:\/\/www.chirurgivision.com\/en\/wp-json\/wp\/v2\/pages\/4281","targetHints":{"allow":["GET"]}}],"collection":[{"href":"http:\/\/www.chirurgivision.com\/en\/wp-json\/wp\/v2\/pages"}],"about":[{"href":"http:\/\/www.chirurgivision.com\/en\/wp-json\/wp\/v2\/types\/page"}],"author":[{"embeddable":true,"href":"http:\/\/www.chirurgivision.com\/en\/wp-json\/wp\/v2\/users\/5"}],"replies":[{"embeddable":true,"href":"http:\/\/www.chirurgivision.com\/en\/wp-json\/wp\/v2\/comments?post=4281"}],"version-history":[{"count":3,"href":"http:\/\/www.chirurgivision.com\/en\/wp-json\/wp\/v2\/pages\/4281\/revisions"}],"predecessor-version":[{"id":4284,"href":"http:\/\/www.chirurgivision.com\/en\/wp-json\/wp\/v2\/pages\/4281\/revisions\/4284"}],"up":[{"embeddable":true,"href":"http:\/\/www.chirurgivision.com\/en\/wp-json\/wp\/v2\/pages\/4254"}],"wp:attachment":[{"href":"http:\/\/www.chirurgivision.com\/en\/wp-json\/wp\/v2\/media?parent=4281"}],"curies":[{"name":"wp","href":"https:\/\/api.w.org\/{rel}","templated":true}]}}