{"id":4338,"date":"2024-08-08T14:21:39","date_gmt":"2024-08-08T18:21:39","guid":{"rendered":"https:\/\/www.chirurgivision.com\/?page_id=4338"},"modified":"2024-08-08T14:22:09","modified_gmt":"2024-08-08T18:22:09","slug":"i-am-50-years-old-and-over","status":"publish","type":"page","link":"http:\/\/www.chirurgivision.com\/en\/patient-section\/i-am-50-years-old-and-over\/","title":{"rendered":"I am 50 years old and over"},"content":{"rendered":"\n[et_pb_section fb_built=\u00a0\u00bb1&Prime; module_class=\u00a0\u00bbdefaut-titre-section pb-section\u00a0\u00bb _builder_version=\u00a0\u00bb4.23.1&Prime; _module_preset=\u00a0\u00bbdefault\u00a0\u00bb locked=\u00a0\u00bboff\u00a0\u00bb global_colors_info=\u00a0\u00bb{}\u00a0\u00bb][et_pb_row column_structure=\u00a0\u00bb2_5,3_5&Prime; _builder_version=\u00a0\u00bb4.21.0&Prime; _module_preset=\u00a0\u00bbdefault\u00a0\u00bb global_colors_info=\u00a0\u00bb{}\u00a0\u00bb][et_pb_column type=\u00a0\u00bb2_5&Prime; _builder_version=\u00a0\u00bb4.21.0&Prime; _module_preset=\u00a0\u00bbdefault\u00a0\u00bb global_colors_info=\u00a0\u00bb{}\u00a0\u00bb][et_pb_image src=\u00a0\u00bbhttp:\/\/www.chirurgivision.com\/wp-content\/uploads\/2023\/05\/ChirurgiVision-50-ans-et-plus-1.jpg\u00a0\u00bb alt=\u00a0\u00bboperation-cataracte-50-ans-et-plus\u00a0\u00bb title_text=\u00a0\u00bbChirurgiVision-50-ans-et-plus\u00a0\u00bb _builder_version=\u00a0\u00bb4.24.2&Prime; _module_preset=\u00a0\u00bbdefault\u00a0\u00bb global_colors_info=\u00a0\u00bb{}\u00a0\u00bb][\/et_pb_image][\/et_pb_column][et_pb_column type=\u00a0\u00bb3_5&Prime; _builder_version=\u00a0\u00bb4.21.0&Prime; _module_preset=\u00a0\u00bbdefault\u00a0\u00bb global_colors_info=\u00a0\u00bb{}\u00a0\u00bb][et_pb_post_title meta=\u00a0\u00bboff\u00a0\u00bb featured_image=\u00a0\u00bboff\u00a0\u00bb _builder_version=\u00a0\u00bb4.21.0&Prime; _module_preset=\u00a0\u00bbdefault\u00a0\u00bb global_colors_info=\u00a0\u00bb{}\u00a0\u00bb][\/et_pb_post_title][et_pb_text _builder_version=\u00a0\u00bb4.24.2&Prime; _module_preset=\u00a0\u00bbdefault\u00a0\u00bb global_colors_info=\u00a0\u00bb{}\u00a0\u00bb]<h2>La chirurgie pour les personnes \u00e2g\u00e9es de 50 ans et plus<\/h2>\n<p>Si vous avez 50 ans ou plus et souhaitez corriger un d\u00e9faut visuel tel que la myopie, l&rsquo;hyperm\u00e9tropie, l&rsquo;astigmatisme, la presbytie et la cataracte, notre \u00e9quipe de chirurgiens exp\u00e9riment\u00e9s est l\u00e0 pour vous. D\u00e9couvrez comment la chirurgie phacor\u00e9fractive peut vous offrir une ind\u00e9pendance accrue vis-\u00e0-vis des lunettes avec foyer ou des lentilles corn\u00e9ennes.<\/p>\n<p>Apr\u00e8s l&rsquo;\u00e2ge de 45 ans, les sympt\u00f4mes de la presbytie sont de plus en plus pr\u00e9sents. On les reconna\u00eet par la difficult\u00e9 \u00e0 voir de pr\u00e8s, malgr\u00e9 une correction ad\u00e9quate de la vision de loin. Cette condition est due \u00e0 une perte d&rsquo;\u00e9lasticit\u00e9 du cristallin de l&rsquo;<span>\u0153il, <\/span>qui se fait d&rsquo;une fa\u00e7on tout \u00e0 fait naturelle. L<span>a chirurgie r\u00e9fractive au laser Excimer (LASIK et PRK) <\/span><span>ne peut pas corriger la presbytie, sauf en optant pour une approche de monovision (un \u0153il pour la vision de loin et l\u2019autre pour la vision de pr\u00e8s).\u00a0<\/span><\/p>\n<p>Cependant, il existe des options chirurgicales sp\u00e9cifiques pour les personnes de plus de 50 ans, avec ou sans cataracte, qui souhaitent diminuer leur d\u00e9pendance aux lunettes ou lentilles corn\u00e9ennes. L&rsquo;une de ces options est la chirurgie phacor\u00e9fractive, qui consiste \u00e0 remplacer le cristallin clair par une lentille intraoculaire. Une chirurgie r\u00e9fractive ant\u00e9rieure n\u2019est pas une contre-indication \u00e0 une lentille intraoculaire multifocale.<\/p>[\/et_pb_text][\/et_pb_column][\/et_pb_row][\/et_pb_section][et_pb_section fb_built=\u00a0\u00bb1&Prime; _builder_version=\u00a0\u00bb4.21.0&Prime; _module_preset=\u00a0\u00bbdefault\u00a0\u00bb background_color=\u00a0\u00bb#FFF7EA\u00a0\u00bb global_colors_info=\u00a0\u00bb{}\u00a0\u00bb][et_pb_row make_equal=\u00a0\u00bbon\u00a0\u00bb custom_padding_last_edited=\u00a0\u00bboff|desktop\u00a0\u00bb _builder_version=\u00a0\u00bb4.21.0&Prime; _module_preset=\u00a0\u00bbdefault\u00a0\u00bb custom_padding=\u00a0\u00bb||||false|false\u00a0\u00bb custom_padding_tablet=\u00a0\u00bb||||false|false\u00a0\u00bb custom_padding_phone=\u00a0\u00bb||||false|false\u00a0\u00bb global_colors_info=\u00a0\u00bb{}\u00a0\u00bb][et_pb_column type=\u00a0\u00bb4_4&Prime; _builder_version=\u00a0\u00bb4.20.4&Prime; _module_preset=\u00a0\u00bbdefault\u00a0\u00bb custom_padding=\u00a0\u00bb||||false|false\u00a0\u00bb custom_padding_tablet=\u00a0\u00bb||||false|false\u00a0\u00bb custom_padding_phone=\u00a0\u00bb||||false|false\u00a0\u00bb custom_padding_last_edited=\u00a0\u00bbon|desktop\u00a0\u00bb global_colors_info=\u00a0\u00bb{}\u00a0\u00bb][et_pb_text _builder_version=\u00a0\u00bb4.24.2&Prime; _module_preset=\u00a0\u00bbdefault\u00a0\u00bb custom_padding=\u00a0\u00bb||0px|||\u00a0\u00bb hover_enabled=\u00a0\u00bb0&Prime; global_colors_info=\u00a0\u00bb{}\u00a0\u00bb sticky_enabled=\u00a0\u00bb0&Prime;]<h2>UNE APPROCHE PERSONNALIS\u00c9E POUR L&rsquo;OP\u00c9RATION DE LA CATARACTE<\/h2>\n<p>Avez-vous r\u00e9cemment re\u00e7u un diagnostic de cataracte? La cataracte est une affection courante li\u00e9e au vieillissement du cristallin, la lentille interne de l&rsquo;\u0153il. Elle entra\u00eene une d\u00e9t\u00e9rioration progressive de la vision qui peut perturber les activit\u00e9s quotidiennes. Elle peut \u00e9galement \u00eatre provoqu\u00e9e par d&rsquo;autres facteurs tels que des traumatismes oculaires, des maladies syst\u00e9miques ou des m\u00e9dicaments. Heureusement, la cataracte peut \u00eatre trait\u00e9e efficacement gr\u00e2ce \u00e0 la chirurgie.<\/p>\n<p>Il est important de noter que notre clinique est un Centre M\u00e9dical Sp\u00e9cialis\u00e9 (CMS) en ophtalmologie et n&rsquo;est pas affili\u00e9e \u00e0 la R\u00e9gie de l&rsquo;assurance maladie du Qu\u00e9bec (RAMQ). Notre \u00e9tablissement est \u00e9quip\u00e9 d&rsquo;une salle d&rsquo;op\u00e9ration moderne et de dispositifs de diagnostic de pointe, visant \u00e0 maximiser la pr\u00e9cision des r\u00e9sultats. Nous employons des techniques chirurgicales avanc\u00e9es telles que la phaco\u00e9mulsification, une m\u00e9thode mini-invasive qui permet d&rsquo;extraire la cataracte facilement et d&rsquo;implanter une lentille intraoculaire pour restaurer la vision.<\/p>\n<p>\u00c0 la Clinique ChirurgiVision, nous comprenons que chaque patient est unique. C&rsquo;est pourquoi nous adoptons une approche personnalis\u00e9e pour le traitement de la cataracte. Nos chirurgiens ophtalmologistes effectuent une \u00e9valuation approfondie de chaque cas en utilisant des techniques de pointe et les derni\u00e8res avanc\u00e9es technologiques afin de r\u00e9pondre pr\u00e9cis\u00e9ment \u00e0 vos besoins visuels.<\/p>[\/et_pb_text][\/et_pb_column][\/et_pb_row][\/et_pb_section][et_pb_section fb_built=\u00a0\u00bb1&Prime; module_class=\u00a0\u00bbtraitements-liste-section guide-patient-section mt-section\u00a0\u00bb _builder_version=\u00a0\u00bb4.23.1&Prime; _module_preset=\u00a0\u00bbdefault\u00a0\u00bb global_colors_info=\u00a0\u00bb{}\u00a0\u00bb][et_pb_row column_structure=\u00a0\u00bb1_2,1_2&Prime; module_class=\u00a0\u00bbtraitements-liste-row\u00a0\u00bb _builder_version=\u00a0\u00bb4.21.0&Prime; _module_preset=\u00a0\u00bbdefault\u00a0\u00bb global_colors_info=\u00a0\u00bb{}\u00a0\u00bb][et_pb_column type=\u00a0\u00bb1_2&Prime; _builder_version=\u00a0\u00bb4.20.4&Prime; _module_preset=\u00a0\u00bbdefault\u00a0\u00bb global_colors_info=\u00a0\u00bb{}\u00a0\u00bb][et_pb_text _builder_version=\u00a0\u00bb4.21.0&Prime; _module_preset=\u00a0\u00bbdefault\u00a0\u00bb global_colors_info=\u00a0\u00bb{}\u00a0\u00bb]<h3>Techniques utilis\u00e9es<\/h3>[\/et_pb_text][et_pb_code _builder_version=\u00a0\u00bb4.21.0&Prime; _module_preset=\u00a0\u00bbdefault\u00a0\u00bb global_colors_info=\u00a0\u00bb{}\u00a0\u00bb]<ul class=\"liste_page_relie\"><li class=\"liste_page_relie--item\"><a href=\"http:\/\/www.chirurgivision.com\/en\/surgeries-and-technologies\/lasik-1\/\" class=\"page_relie_link\">LASIK<\/a><\/li><li class=\"liste_page_relie--item\"><a href=\"http:\/\/www.chirurgivision.com\/en\/surgeries-and-technologies\/prk-and-transprk\/\" class=\"page_relie_link\">PRK and TransPRK<\/a><\/li><li class=\"liste_page_relie--item\"><a href=\"http:\/\/www.chirurgivision.com\/en\/surgeries-and-technologies\/phakic-introcular-lenses-evo-icl\/\" class=\"page_relie_link\">EVO ICL\u2122 phakic introcular lenses<\/a><\/li><li class=\"liste_page_relie--item\"><a href=\"http:\/\/www.chirurgivision.com\/en\/surgeries-and-technologies\/phacorefractive-intraocular-lenses\/\" class=\"page_relie_link\">Phacorefractive intraocular lenses<\/a><\/li><li class=\"liste_page_relie--item\"><a href=\"http:\/\/www.chirurgivision.com\/en\/surgeries-and-technologies\/corneal-collagen-cross-linking-c3r\/\" class=\"page_relie_link\">Corneal collagen cross-linking (C3R)<\/a><\/li><li class=\"liste_page_relie--item\"><a href=\"http:\/\/www.chirurgivision.com\/en\/surgeries-and-technologies\/phototherapeutic-keratectomy-ptk\/\" class=\"page_relie_link\">Phototherapeutic keratectomy (PTK)<\/a><\/li><\/ul>[\/et_pb_code][\/et_pb_column][et_pb_column type=\u00a0\u00bb1_2&Prime; _builder_version=\u00a0\u00bb4.20.4&Prime; _module_preset=\u00a0\u00bbdefault\u00a0\u00bb global_colors_info=\u00a0\u00bb{}\u00a0\u00bb][et_pb_text _builder_version=\u00a0\u00bb4.21.0&Prime; _module_preset=\u00a0\u00bbdefault\u00a0\u00bb background_layout=\u00a0\u00bbdark\u00a0\u00bb global_colors_info=\u00a0\u00bb{}\u00a0\u00bb]<h3>Guide du patient<\/h3>[\/et_pb_text][et_pb_button button_url=\u00a0\u00bbhttp:\/\/www.chirurgivision.com\/wp-content\/uploads\/2024\/02\/Guide_du_Patient_Phracoref_Cataracte_2024.pdf\u00a0\u00bb url_new_window=\u00a0\u00bbon\u00a0\u00bb button_text=\u00a0\u00bbT\u00e9l\u00e9charger\u00a0\u00bb _builder_version=\u00a0\u00bb4.24.0&Prime; _module_preset=\u00a0\u00bb4c74ad74-892d-49d3-a6cb-ea74da3c5700&Prime; locked=\u00a0\u00bboff\u00a0\u00bb global_colors_info=\u00a0\u00bb{}\u00a0\u00bb][\/et_pb_button][\/et_pb_column][\/et_pb_row][\/et_pb_section][et_pb_section fb_built=\u00a0\u00bb1&Prime; module_class=\u00a0\u00bbsection-fw-textimg reverse\u00a0\u00bb _builder_version=\u00a0\u00bb4.21.0&Prime; _module_preset=\u00a0\u00bbdefault\u00a0\u00bb background_enable_color=\u00a0\u00bboff\u00a0\u00bb custom_padding=\u00a0\u00bb0px|0px|0px|0px|true|true\u00a0\u00bb global_module=\u00a0\u00bb638&Prime; saved_tabs=\u00a0\u00bball\u00a0\u00bb locked=\u00a0\u00bboff\u00a0\u00bb global_colors_info=\u00a0\u00bb{}\u00a0\u00bb][et_pb_row column_structure=\u00a0\u00bb1_2,1_2&Prime; make_equal=\u00a0\u00bbon\u00a0\u00bb custom_padding_last_edited=\u00a0\u00bbon|tablet\u00a0\u00bb module_class=\u00a0\u00bbbg-item bg-item__right bg-item__mobile-vertical bg-item-color-secondary-light\u00a0\u00bb _builder_version=\u00a0\u00bb4.21.0&Prime; _module_preset=\u00a0\u00bbdefault\u00a0\u00bb max_width=\u00a0\u00bb100%\u00a0\u00bb custom_padding=\u00a0\u00bb90px|0px|90px|0px|true|true\u00a0\u00bb custom_padding_tablet=\u00a0\u00bb60px||60px||true|true\u00a0\u00bb custom_padding_phone=\u00a0\u00bb60px||60px||true|true\u00a0\u00bb custom_css_main_element=\u00a0\u00bbalign-items:center;\u00a0\u00bb global_colors_info=\u00a0\u00bb{}\u00a0\u00bb][et_pb_column type=\u00a0\u00bb1_2&Prime; _builder_version=\u00a0\u00bb4.20.4&Prime; _module_preset=\u00a0\u00bbdefault\u00a0\u00bb background_enable_image=\u00a0\u00bboff\u00a0\u00bb global_colors_info=\u00a0\u00bb{}\u00a0\u00bb][et_pb_image src=\u00a0\u00bbhttps:\/\/www.chirurgivision.com\/wp-content\/uploads\/2023\/05\/ChirurgiVision-Rendez-vous-1.jpg\u00a0\u00bb alt=\u00a0\u00bbPhoto pour la prise de RDV\u00a0\u00bb title_text=\u00a0\u00bbChirurgiVision-Rendez-vous\u00a0\u00bb _builder_version=\u00a0\u00bb4.23.1&Prime; _module_preset=\u00a0\u00bbdefault\u00a0\u00bb global_colors_info=\u00a0\u00bb{}\u00a0\u00bb][\/et_pb_image][\/et_pb_column][et_pb_column type=\u00a0\u00bb1_2&Prime; _builder_version=\u00a0\u00bb4.20.4&Prime; _module_preset=\u00a0\u00bbdefault\u00a0\u00bb custom_padding=\u00a0\u00bb||||false|false\u00a0\u00bb custom_padding_tablet=\u00a0\u00bb||||false|false\u00a0\u00bb custom_padding_phone=\u00a0\u00bb||||false|false\u00a0\u00bb custom_padding_last_edited=\u00a0\u00bbon|desktop\u00a0\u00bb global_colors_info=\u00a0\u00bb{}\u00a0\u00bb][et_pb_text module_class=\u00a0\u00bbno-br-md\u00a0\u00bb _builder_version=\u00a0\u00bb4.21.0&Prime; _module_preset=\u00a0\u00bbdefault\u00a0\u00bb custom_margin=\u00a0\u00bb||15px||false|false\u00a0\u00bb global_colors_info=\u00a0\u00bb{}\u00a0\u00bb]<h2>Obtenez un\u00a0<br \/>rendez-vous<\/h2>[\/et_pb_text][et_pb_text _builder_version=\u00a0\u00bb4.24.0&Prime; _module_preset=\u00a0\u00bbdefault\u00a0\u00bb custom_margin=\u00a0\u00bb||15px||false|false\u00a0\u00bb global_colors_info=\u00a0\u00bb{}\u00a0\u00bb]<p>La Clinique ChirurgiVision collabore avec plus d\u2019une centaine d\u2019optom\u00e9tristes partenaires \u00e0 travers le Qu\u00e9bec! Prenez un rendez-vous avec notre \u00e9quipe d\u2019experts en chirurgie r\u00e9fractive et phacor\u00e9fractive. Faites de vos yeux votre priorit\u00e9! Consultez la <a href=\"https:\/\/www.chirurgivision.com\/a-propos\/optometristes-partenaires\/\">liste des optom\u00e9tristes<\/a> de votre r\u00e9gion ou contactez-nous d\u00e8s aujourd\u2019hui!<\/p>[\/et_pb_text][et_pb_button button_url=\u00a0\u00bb@ET-DC@eyJkeW5hbWljIjp0cnVlLCJjb250ZW50IjoicG9zdF9saW5rX3VybF9wYWdlIiwic2V0dGluZ3MiOnsicG9zdF9pZCI6IjQzMyJ9fQ==@\u00a0\u00bb button_text=\u00a0\u00bbNous joindre\u00a0\u00bb _builder_version=\u00a0\u00bb4.21.0&Prime; _dynamic_attributes=\u00a0\u00bbbutton_url\u00a0\u00bb _module_preset=\u00a0\u00bbdefault\u00a0\u00bb global_colors_info=\u00a0\u00bb{}\u00a0\u00bb][\/et_pb_button][\/et_pb_column][\/et_pb_row][\/et_pb_section]\n","protected":false},"excerpt":{"rendered":"<p>La chirurgie pour les personnes \u00e2g\u00e9es de 50 ans et plus Si vous avez 50 ans ou plus et souhaitez corriger un d\u00e9faut visuel tel que la myopie, l&rsquo;hyperm\u00e9tropie, l&rsquo;astigmatisme, la presbytie et la cataracte, notre \u00e9quipe de chirurgiens exp\u00e9riment\u00e9s est l\u00e0 pour vous. D\u00e9couvrez comment la chirurgie phacor\u00e9fractive peut vous offrir une ind\u00e9pendance accrue [&hellip;]<\/p>\n","protected":false},"author":5,"featured_media":0,"parent":4331,"menu_order":6,"comment_status":"closed","ping_status":"closed","template":"","meta":{"_acf_changed":false,"_et_pb_use_builder":"on","_et_pb_old_content":"","_et_gb_content_width":"","protect_children":false,"footnotes":""},"class_list":["post-4338","page","type-page","status-publish","hentry"],"acf":[],"yoast_head":"<!-- This site is optimized with the Yoast SEO plugin v27.4 - https:\/\/yoast.com\/product\/yoast-seo-wordpress\/ -->\n<title>I am 50 years old and over | ChirurgiVision<\/title>\n<meta name=\"description\" content=\"Chaque patient est unique. Chez ChirurgiVision, nous proposons une approche personnalis\u00e9e pour l&#039;op\u00e9ration de la cataracte.\" \/>\n<meta name=\"robots\" content=\"index, follow, max-snippet:-1, max-image-preview:large, max-video-preview:-1\" \/>\n<link rel=\"canonical\" href=\"http:\/\/www.chirurgivision.com\/en\/patient-section\/i-am-50-years-old-and-over\/\" \/>\n<meta property=\"og:locale\" content=\"en_US\" \/>\n<meta property=\"og:type\" content=\"article\" \/>\n<meta property=\"og:title\" content=\"I am 50 years old and over | ChirurgiVision\" \/>\n<meta property=\"og:description\" content=\"Chaque patient est unique. Chez ChirurgiVision, nous proposons une approche personnalis\u00e9e pour l&#039;op\u00e9ration de la cataracte.\" \/>\n<meta property=\"og:url\" content=\"http:\/\/www.chirurgivision.com\/en\/patient-section\/i-am-50-years-old-and-over\/\" \/>\n<meta property=\"og:site_name\" content=\"ChirurgiVision\" \/>\n<meta property=\"article:publisher\" content=\"https:\/\/www.facebook.com\/chirurgivision\/\" \/>\n<meta property=\"article:modified_time\" content=\"2024-08-08T18:22:09+00:00\" \/>\n<meta property=\"og:image\" content=\"http:\/\/www.chirurgivision.com\/wp-content\/uploads\/2023\/08\/ChirurgiVision-Logo-Rouge-2.jpg\" \/>\n\t<meta property=\"og:image:width\" content=\"1200\" \/>\n\t<meta property=\"og:image:height\" content=\"678\" \/>\n\t<meta property=\"og:image:type\" content=\"image\/jpeg\" \/>\n<meta name=\"twitter:card\" content=\"summary_large_image\" \/>\n<meta name=\"twitter:label1\" content=\"Est. reading time\" \/>\n\t<meta name=\"twitter:data1\" content=\"3 minutes\" \/>\n<script type=\"application\/ld+json\" class=\"yoast-schema-graph\">{\"@context\":\"https:\\\/\\\/schema.org\",\"@graph\":[{\"@type\":\"WebPage\",\"@id\":\"http:\\\/\\\/www.chirurgivision.com\\\/en\\\/patient-section\\\/i-am-50-years-old-and-over\\\/\",\"url\":\"http:\\\/\\\/www.chirurgivision.com\\\/en\\\/patient-section\\\/i-am-50-years-old-and-over\\\/\",\"name\":\"I am 50 years old and over | ChirurgiVision\",\"isPartOf\":{\"@id\":\"http:\\\/\\\/www.chirurgivision.com\\\/en\\\/#website\"},\"datePublished\":\"2024-08-08T18:21:39+00:00\",\"dateModified\":\"2024-08-08T18:22:09+00:00\",\"description\":\"Chaque patient est unique. Chez ChirurgiVision, nous proposons une approche personnalis\u00e9e pour l'op\u00e9ration de la cataracte.\",\"breadcrumb\":{\"@id\":\"http:\\\/\\\/www.chirurgivision.com\\\/en\\\/patient-section\\\/i-am-50-years-old-and-over\\\/#breadcrumb\"},\"inLanguage\":\"en-US\",\"potentialAction\":[{\"@type\":\"ReadAction\",\"target\":[\"http:\\\/\\\/www.chirurgivision.com\\\/en\\\/patient-section\\\/i-am-50-years-old-and-over\\\/\"]}]},{\"@type\":\"BreadcrumbList\",\"@id\":\"http:\\\/\\\/www.chirurgivision.com\\\/en\\\/patient-section\\\/i-am-50-years-old-and-over\\\/#breadcrumb\",\"itemListElement\":[{\"@type\":\"ListItem\",\"position\":1,\"name\":\"Home\",\"item\":\"https:\\\/\\\/www.chirurgivision.com\\\/en\\\/\"},{\"@type\":\"ListItem\",\"position\":2,\"name\":\"Patient section\",\"item\":\"http:\\\/\\\/www.chirurgivision.com\\\/en\\\/patient-section\\\/\"},{\"@type\":\"ListItem\",\"position\":3,\"name\":\"I am 50 years old and over\"}]},{\"@type\":\"WebSite\",\"@id\":\"http:\\\/\\\/www.chirurgivision.com\\\/en\\\/#website\",\"url\":\"http:\\\/\\\/www.chirurgivision.com\\\/en\\\/\",\"name\":\"ChirurgiVision\",\"description\":\"We see your vision!\",\"publisher\":{\"@id\":\"http:\\\/\\\/www.chirurgivision.com\\\/en\\\/#organization\"},\"potentialAction\":[{\"@type\":\"SearchAction\",\"target\":{\"@type\":\"EntryPoint\",\"urlTemplate\":\"http:\\\/\\\/www.chirurgivision.com\\\/en\\\/?s={search_term_string}\"},\"query-input\":{\"@type\":\"PropertyValueSpecification\",\"valueRequired\":true,\"valueName\":\"search_term_string\"}}],\"inLanguage\":\"en-US\"},{\"@type\":\"Organization\",\"@id\":\"http:\\\/\\\/www.chirurgivision.com\\\/en\\\/#organization\",\"name\":\"ChirurgiVision\",\"url\":\"http:\\\/\\\/www.chirurgivision.com\\\/en\\\/\",\"logo\":{\"@type\":\"ImageObject\",\"inLanguage\":\"en-US\",\"@id\":\"http:\\\/\\\/www.chirurgivision.com\\\/en\\\/#\\\/schema\\\/logo\\\/image\\\/\",\"url\":\"https:\\\/\\\/www.chirurgivision.com\\\/wp-content\\\/uploads\\\/2023\\\/04\\\/logo_chirurgivision.png\",\"contentUrl\":\"https:\\\/\\\/www.chirurgivision.com\\\/wp-content\\\/uploads\\\/2023\\\/04\\\/logo_chirurgivision.png\",\"width\":235,\"height\":79,\"caption\":\"ChirurgiVision\"},\"image\":{\"@id\":\"http:\\\/\\\/www.chirurgivision.com\\\/en\\\/#\\\/schema\\\/logo\\\/image\\\/\"},\"sameAs\":[\"https:\\\/\\\/www.facebook.com\\\/chirurgivision\\\/\",\"https:\\\/\\\/www.instagram.com\\\/cliniquechirurgivision\\\/\",\"https:\\\/\\\/www.linkedin.com\\\/company\\\/chirurgi-vision\\\/\",\"https:\\\/\\\/www.youtube.com\\\/user\\\/DrFrancisRoy\\\/\"]}]}<\/script>\n<!-- \/ Yoast SEO plugin. -->","yoast_head_json":{"title":"I am 50 years old and over | ChirurgiVision","description":"Chaque patient est unique. Chez ChirurgiVision, nous proposons une approche personnalis\u00e9e pour l'op\u00e9ration de la cataracte.","robots":{"index":"index","follow":"follow","max-snippet":"max-snippet:-1","max-image-preview":"max-image-preview:large","max-video-preview":"max-video-preview:-1"},"canonical":"http:\/\/www.chirurgivision.com\/en\/patient-section\/i-am-50-years-old-and-over\/","og_locale":"en_US","og_type":"article","og_title":"I am 50 years old and over | ChirurgiVision","og_description":"Chaque patient est unique. Chez ChirurgiVision, nous proposons une approche personnalis\u00e9e pour l'op\u00e9ration de la cataracte.","og_url":"http:\/\/www.chirurgivision.com\/en\/patient-section\/i-am-50-years-old-and-over\/","og_site_name":"ChirurgiVision","article_publisher":"https:\/\/www.facebook.com\/chirurgivision\/","article_modified_time":"2024-08-08T18:22:09+00:00","og_image":[{"width":1200,"height":678,"url":"http:\/\/www.chirurgivision.com\/wp-content\/uploads\/2023\/08\/ChirurgiVision-Logo-Rouge-2.jpg","type":"image\/jpeg"}],"twitter_card":"summary_large_image","twitter_misc":{"Est. reading time":"3 minutes"},"schema":{"@context":"https:\/\/schema.org","@graph":[{"@type":"WebPage","@id":"http:\/\/www.chirurgivision.com\/en\/patient-section\/i-am-50-years-old-and-over\/","url":"http:\/\/www.chirurgivision.com\/en\/patient-section\/i-am-50-years-old-and-over\/","name":"I am 50 years old and over | ChirurgiVision","isPartOf":{"@id":"http:\/\/www.chirurgivision.com\/en\/#website"},"datePublished":"2024-08-08T18:21:39+00:00","dateModified":"2024-08-08T18:22:09+00:00","description":"Chaque patient est unique. Chez ChirurgiVision, nous proposons une approche personnalis\u00e9e pour l'op\u00e9ration de la cataracte.","breadcrumb":{"@id":"http:\/\/www.chirurgivision.com\/en\/patient-section\/i-am-50-years-old-and-over\/#breadcrumb"},"inLanguage":"en-US","potentialAction":[{"@type":"ReadAction","target":["http:\/\/www.chirurgivision.com\/en\/patient-section\/i-am-50-years-old-and-over\/"]}]},{"@type":"BreadcrumbList","@id":"http:\/\/www.chirurgivision.com\/en\/patient-section\/i-am-50-years-old-and-over\/#breadcrumb","itemListElement":[{"@type":"ListItem","position":1,"name":"Home","item":"https:\/\/www.chirurgivision.com\/en\/"},{"@type":"ListItem","position":2,"name":"Patient section","item":"http:\/\/www.chirurgivision.com\/en\/patient-section\/"},{"@type":"ListItem","position":3,"name":"I am 50 years old and over"}]},{"@type":"WebSite","@id":"http:\/\/www.chirurgivision.com\/en\/#website","url":"http:\/\/www.chirurgivision.com\/en\/","name":"ChirurgiVision","description":"We see your vision!","publisher":{"@id":"http:\/\/www.chirurgivision.com\/en\/#organization"},"potentialAction":[{"@type":"SearchAction","target":{"@type":"EntryPoint","urlTemplate":"http:\/\/www.chirurgivision.com\/en\/?s={search_term_string}"},"query-input":{"@type":"PropertyValueSpecification","valueRequired":true,"valueName":"search_term_string"}}],"inLanguage":"en-US"},{"@type":"Organization","@id":"http:\/\/www.chirurgivision.com\/en\/#organization","name":"ChirurgiVision","url":"http:\/\/www.chirurgivision.com\/en\/","logo":{"@type":"ImageObject","inLanguage":"en-US","@id":"http:\/\/www.chirurgivision.com\/en\/#\/schema\/logo\/image\/","url":"https:\/\/www.chirurgivision.com\/wp-content\/uploads\/2023\/04\/logo_chirurgivision.png","contentUrl":"https:\/\/www.chirurgivision.com\/wp-content\/uploads\/2023\/04\/logo_chirurgivision.png","width":235,"height":79,"caption":"ChirurgiVision"},"image":{"@id":"http:\/\/www.chirurgivision.com\/en\/#\/schema\/logo\/image\/"},"sameAs":["https:\/\/www.facebook.com\/chirurgivision\/","https:\/\/www.instagram.com\/cliniquechirurgivision\/","https:\/\/www.linkedin.com\/company\/chirurgi-vision\/","https:\/\/www.youtube.com\/user\/DrFrancisRoy\/"]}]}},"_links":{"self":[{"href":"http:\/\/www.chirurgivision.com\/en\/wp-json\/wp\/v2\/pages\/4338","targetHints":{"allow":["GET"]}}],"collection":[{"href":"http:\/\/www.chirurgivision.com\/en\/wp-json\/wp\/v2\/pages"}],"about":[{"href":"http:\/\/www.chirurgivision.com\/en\/wp-json\/wp\/v2\/types\/page"}],"author":[{"embeddable":true,"href":"http:\/\/www.chirurgivision.com\/en\/wp-json\/wp\/v2\/users\/5"}],"replies":[{"embeddable":true,"href":"http:\/\/www.chirurgivision.com\/en\/wp-json\/wp\/v2\/comments?post=4338"}],"version-history":[{"count":2,"href":"http:\/\/www.chirurgivision.com\/en\/wp-json\/wp\/v2\/pages\/4338\/revisions"}],"predecessor-version":[{"id":4341,"href":"http:\/\/www.chirurgivision.com\/en\/wp-json\/wp\/v2\/pages\/4338\/revisions\/4341"}],"up":[{"embeddable":true,"href":"http:\/\/www.chirurgivision.com\/en\/wp-json\/wp\/v2\/pages\/4331"}],"wp:attachment":[{"href":"http:\/\/www.chirurgivision.com\/en\/wp-json\/wp\/v2\/media?parent=4338"}],"curies":[{"name":"wp","href":"https:\/\/api.w.org\/{rel}","templated":true}]}}