{"id":4345,"date":"2024-08-08T14:27:04","date_gmt":"2024-08-08T18:27:04","guid":{"rendered":"https:\/\/www.chirurgivision.com\/?page_id=4345"},"modified":"2024-08-08T14:27:18","modified_gmt":"2024-08-08T18:27:18","slug":"additional-tests","status":"publish","type":"page","link":"http:\/\/www.chirurgivision.com\/en\/patient-section\/additional-tests\/","title":{"rendered":"Additional tests"},"content":{"rendered":"\n[et_pb_section fb_built=\u00a0\u00bb1&Prime; module_class=\u00a0\u00bbdefaut-titre-section layout2&Prime; _builder_version=\u00a0\u00bb4.21.0&Prime; _module_preset=\u00a0\u00bbdefault\u00a0\u00bb locked=\u00a0\u00bboff\u00a0\u00bb global_colors_info=\u00a0\u00bb{}\u00a0\u00bb][et_pb_row _builder_version=\u00a0\u00bb4.21.0&Prime; _module_preset=\u00a0\u00bbdefault\u00a0\u00bb global_colors_info=\u00a0\u00bb{}\u00a0\u00bb][et_pb_column type=\u00a0\u00bb4_4&Prime; _builder_version=\u00a0\u00bb4.21.0&Prime; _module_preset=\u00a0\u00bbdefault\u00a0\u00bb global_colors_info=\u00a0\u00bb{}\u00a0\u00bb][et_pb_post_title meta=\u00a0\u00bboff\u00a0\u00bb featured_image=\u00a0\u00bboff\u00a0\u00bb _builder_version=\u00a0\u00bb4.21.0&Prime; _module_preset=\u00a0\u00bbdefault\u00a0\u00bb locked=\u00a0\u00bboff\u00a0\u00bb global_colors_info=\u00a0\u00bb{}\u00a0\u00bb][\/et_pb_post_title][\/et_pb_column][\/et_pb_row][et_pb_row _builder_version=\u00a0\u00bb4.21.0&Prime; _module_preset=\u00a0\u00bbdefault\u00a0\u00bb global_colors_info=\u00a0\u00bb{}\u00a0\u00bb][et_pb_column type=\u00a0\u00bb4_4&Prime; _builder_version=\u00a0\u00bb4.21.0&Prime; _module_preset=\u00a0\u00bbdefault\u00a0\u00bb global_colors_info=\u00a0\u00bb{}\u00a0\u00bb][et_pb_text _builder_version=\u00a0\u00bb4.23.1&Prime; _module_preset=\u00a0\u00bbdefault\u00a0\u00bb global_colors_info=\u00a0\u00bb{}\u00a0\u00bb]<h2>Pourquoi r\u00e9aliser des examens compl\u00e9mentaires?<\/h2>\n<p>Apr\u00e8s qu&rsquo;un de nos optom\u00e9tristes partenaires aura effectu\u00e9 un examen pr\u00e9op\u00e9ratoire, vous devrez subir des examens compl\u00e9mentaires afin d&rsquo;obtenir des informations plus d\u00e9taill\u00e9es sur votre vision et votre sant\u00e9 oculaire, notamment si vous envisagez la chirurgie avec des implants intraoculaires. Par cons\u00e9quent, ces examens suppl\u00e9mentaires permettront \u00e0 l&rsquo;ophtalmologiste de diagnostiquer pr\u00e9cis\u00e9ment les \u00e9ventuels probl\u00e8mes oculaires et de d\u00e9terminer la lentille appropri\u00e9e \u00e0 votre condition.<\/p>[\/et_pb_text][\/et_pb_column][\/et_pb_row][\/et_pb_section][et_pb_section fb_built=\u00a0\u00bb1&Prime; _builder_version=\u00a0\u00bb4.21.0&Prime; _module_preset=\u00a0\u00bbdefault\u00a0\u00bb global_colors_info=\u00a0\u00bb{}\u00a0\u00bb][et_pb_row column_structure=\u00a0\u00bb1_2,1_2&Prime; _builder_version=\u00a0\u00bb4.21.0&Prime; _module_preset=\u00a0\u00bbdefault\u00a0\u00bb global_colors_info=\u00a0\u00bb{}\u00a0\u00bb][et_pb_column type=\u00a0\u00bb1_2&Prime; _builder_version=\u00a0\u00bb4.21.0&Prime; _module_preset=\u00a0\u00bbdefault\u00a0\u00bb global_colors_info=\u00a0\u00bb{}\u00a0\u00bb][et_pb_text _builder_version=\u00a0\u00bb4.23.1&Prime; _module_preset=\u00a0\u00bbdefault\u00a0\u00bb hover_enabled=\u00a0\u00bb0&Prime; global_colors_info=\u00a0\u00bb{}\u00a0\u00bb sticky_enabled=\u00a0\u00bb0&Prime;]<h3>Les examens compl\u00e9mentaires realis\u00e9s :<\/h3>\n<p>Si votre optom\u00e9triste n\u2019a pas effectu\u00e9 la dilatation pupillaire, nous devrons effectuer cet examen pour nous assurer de la sant\u00e9 du fond d\u2019\u0153il.<\/p>\n<ol>\n<li>\n<h5><strong>L&rsquo;acuit\u00e9 visuelle de loin de pr\u00e8s, avec et sans lunettes :<\/strong><\/h5>\n<p>Cet examen sert de comparatif pour mieux comprendre vos besoins et sympt\u00f4mes visuels en mati\u00e8re d&rsquo;acuit\u00e9 visuelle de loin et de pr\u00e8s, avec et sans lunettes.<\/li>\n<li>\n<h5><strong>La topographie corn\u00e9enne\u00a0:<\/strong><\/h5>\n<p>Cette proc\u00e9dure cartographie la forme de votre corn\u00e9e, rev\u00eatant ainsi une importance particuli\u00e8re pour rep\u00e9rer les anomalies de la courbure corn\u00e9enne qui pourraient compromettre les r\u00e9sultats postop\u00e9ratoires. De mani\u00e8re approfondie, cette analyse permet de d\u00e9tecter des s\u00e9quelles de corps \u00e9tranger corn\u00e9en, le moulage de la corn\u00e9e par des lentilles corn\u00e9ennes, ainsi que des anomalies pouvant constituer une contre-indication \u00e0 la chirurgie par laser Excimer (LASIK).<\/li>\n<li>\n<h5><strong>L&rsquo;OCT maculaire et du glaucome :<\/strong><\/h5>\n<p>Ce test de d\u00e9pistage permet d&rsquo;analyser l\u2019int\u00e9grit\u00e9 des fibres nerveuses qui transmettent l\u2019information au cerveau.<\/li>\n<li>\n<h5><strong>La biom\u00e9trie optique de l\u2019\u0153il :<\/strong><\/h5>\n<p>Cet examen est utilis\u00e9 pour calculer la puissance de l\u2019implant \u00e0 utiliser, afin de maximiser sa pr\u00e9cision.<\/li>\n<li>D\u2019autres tests sont aussi r\u00e9alis\u00e9s \u00e0 la lumi\u00e8re des techniques convoit\u00e9es.<\/li>\n<\/ol>[\/et_pb_text][\/et_pb_column][et_pb_column type=\u00a0\u00bb1_2&Prime; _builder_version=\u00a0\u00bb4.21.0&Prime; _module_preset=\u00a0\u00bbdefault\u00a0\u00bb background_color=\u00a0\u00bb#000000&Prime; global_colors_info=\u00a0\u00bb{}\u00a0\u00bb][et_pb_text module_class=\u00a0\u00bbencadre-module\u00a0\u00bb _builder_version=\u00a0\u00bb4.23.1&Prime; _module_preset=\u00a0\u00bbdefault\u00a0\u00bb background_layout=\u00a0\u00bbdark\u00a0\u00bb custom_margin=\u00a0\u00bb||0px||false|false\u00a0\u00bb global_colors_info=\u00a0\u00bb{}\u00a0\u00bb]<h3>CONSIGNES<\/h3>\n<ul>\n<li>Les frais reli\u00e9s aux examens compl\u00e9mentaires sont de 100 $.<\/li>\n<li>Aucune prescription de lunettes ne sera remise.<\/li>\n<li>\u00c9vitez tout maquillage oculaire et tout parfum.<\/li>\n<li>Si nous devons dilater vos pupilles, elles le resteront pendant environ 4 \u00e0 6 heures. Pr\u00e9voyez un accompagnateur pour votre retour \u00e0 la maison. <strong>Vous ne pourrez pas conduire<\/strong> pendant les 4 heures qui suivent. Votre vue sera brouill\u00e9e et, selon la loi, vous ne serez pas en mesure de le faire. Apportez des lunettes de soleil pour plus de confort.<\/li>\n<li>Vous devez cesser compl\u00e8tement le port de lentilles corn\u00e9ennes avant le rendez-vous\u00a0:<\/li>\n<\/ul>\n<table>\n<tbody>\n<tr>\n<td width=\"160\"><strong>Lentilles souples<\/strong><\/td>\n<td width=\"415\">7 jours avant<\/td>\n<\/tr>\n<tr>\n<td width=\"160\"><strong>Lentilles toriques<\/strong><\/td>\n<td width=\"415\">14 jours avant<\/td>\n<\/tr>\n<tr>\n<td width=\"160\"><strong>Lentilles rigides<\/strong><\/td>\n<td width=\"415\">21 jours avant<\/td>\n<\/tr>\n<\/tbody>\n<\/table>\n<p><strong>**Apportez vos lunettes ou votre bo\u00eete de lentilles corn\u00e9ennes.<\/strong><\/p>[\/et_pb_text][et_pb_text module_class=\u00a0\u00bbsmall-encadre-module\u00a0\u00bb _builder_version=\u00a0\u00bb4.23.1&Prime; _module_preset=\u00a0\u00bbdefault\u00a0\u00bb background_color=\u00a0\u00bb#AD192C\u00a0\u00bb background_layout=\u00a0\u00bbdark\u00a0\u00bb global_colors_info=\u00a0\u00bb{}\u00a0\u00bb]<p><strong>PRENDRE NOTE QUE CE RENDEZ-VOUS EST D\u2019UNE DUR\u00c9E D\u2019ENVIRON 1 h 30 et qu\u2019aucun accompagnateur n\u2019est autoris\u00e9 \u00e0 entrer dans la Clinique.<\/strong><\/p>[\/et_pb_text][\/et_pb_column][\/et_pb_row][\/et_pb_section][et_pb_section fb_built=\u00a0\u00bb1&Prime; module_class=\u00a0\u00bbsection-fw-textimg reverse\u00a0\u00bb _builder_version=\u00a0\u00bb4.21.0&Prime; _module_preset=\u00a0\u00bbdefault\u00a0\u00bb background_enable_color=\u00a0\u00bboff\u00a0\u00bb custom_padding=\u00a0\u00bb0px|0px|0px|0px|true|true\u00a0\u00bb global_module=\u00a0\u00bb638&Prime; saved_tabs=\u00a0\u00bball\u00a0\u00bb locked=\u00a0\u00bboff\u00a0\u00bb global_colors_info=\u00a0\u00bb{}\u00a0\u00bb][et_pb_row column_structure=\u00a0\u00bb1_2,1_2&Prime; make_equal=\u00a0\u00bbon\u00a0\u00bb custom_padding_last_edited=\u00a0\u00bbon|tablet\u00a0\u00bb module_class=\u00a0\u00bbbg-item bg-item__right bg-item__mobile-vertical bg-item-color-secondary-light\u00a0\u00bb _builder_version=\u00a0\u00bb4.21.0&Prime; _module_preset=\u00a0\u00bbdefault\u00a0\u00bb max_width=\u00a0\u00bb100%\u00a0\u00bb custom_padding=\u00a0\u00bb90px|0px|90px|0px|true|true\u00a0\u00bb custom_padding_tablet=\u00a0\u00bb60px||60px||true|true\u00a0\u00bb custom_padding_phone=\u00a0\u00bb60px||60px||true|true\u00a0\u00bb custom_css_main_element=\u00a0\u00bbalign-items:center;\u00a0\u00bb global_colors_info=\u00a0\u00bb{}\u00a0\u00bb][et_pb_column type=\u00a0\u00bb1_2&Prime; _builder_version=\u00a0\u00bb4.20.4&Prime; _module_preset=\u00a0\u00bbdefault\u00a0\u00bb background_enable_image=\u00a0\u00bboff\u00a0\u00bb global_colors_info=\u00a0\u00bb{}\u00a0\u00bb][et_pb_image src=\u00a0\u00bbhttps:\/\/www.chirurgivision.com\/wp-content\/uploads\/2023\/05\/ChirurgiVision-Rendez-vous-1.jpg\u00a0\u00bb alt=\u00a0\u00bbPhoto pour la prise de RDV\u00a0\u00bb title_text=\u00a0\u00bbChirurgiVision-Rendez-vous\u00a0\u00bb _builder_version=\u00a0\u00bb4.23.1&Prime; _module_preset=\u00a0\u00bbdefault\u00a0\u00bb global_colors_info=\u00a0\u00bb{}\u00a0\u00bb][\/et_pb_image][\/et_pb_column][et_pb_column type=\u00a0\u00bb1_2&Prime; _builder_version=\u00a0\u00bb4.20.4&Prime; _module_preset=\u00a0\u00bbdefault\u00a0\u00bb custom_padding=\u00a0\u00bb||||false|false\u00a0\u00bb custom_padding_tablet=\u00a0\u00bb||||false|false\u00a0\u00bb custom_padding_phone=\u00a0\u00bb||||false|false\u00a0\u00bb custom_padding_last_edited=\u00a0\u00bbon|desktop\u00a0\u00bb global_colors_info=\u00a0\u00bb{}\u00a0\u00bb][et_pb_text module_class=\u00a0\u00bbno-br-md\u00a0\u00bb _builder_version=\u00a0\u00bb4.21.0&Prime; _module_preset=\u00a0\u00bbdefault\u00a0\u00bb custom_margin=\u00a0\u00bb||15px||false|false\u00a0\u00bb global_colors_info=\u00a0\u00bb{}\u00a0\u00bb]<h2>Obtenez un\u00a0<br \/>rendez-vous<\/h2>[\/et_pb_text][et_pb_text _builder_version=\u00a0\u00bb4.23.1&Prime; _module_preset=\u00a0\u00bbdefault\u00a0\u00bb custom_margin=\u00a0\u00bb||15px||false|false\u00a0\u00bb global_colors_info=\u00a0\u00bb{}\u00a0\u00bb]<p>La Clinique ChirurgiVision collabore avec plus d\u2019une centaine d\u2019optom\u00e9tristes partenaires \u00e0 travers le Qu\u00e9bec! Prenez un rendez-vous avec notre \u00e9quipe d\u2019experts en chirurgie r\u00e9fractive et phacor\u00e9fractive. Faites de vos yeux votre priorit\u00e9! Consultez la liste des optom\u00e9tristes de votre r\u00e9gion ou contactez-nous d\u00e8s aujourd\u2019hui!<\/p>[\/et_pb_text][et_pb_button button_url=\u00a0\u00bb@ET-DC@eyJkeW5hbWljIjp0cnVlLCJjb250ZW50IjoicG9zdF9saW5rX3VybF9wYWdlIiwic2V0dGluZ3MiOnsicG9zdF9pZCI6IjQzMyJ9fQ==@\u00a0\u00bb button_text=\u00a0\u00bbNous joindre\u00a0\u00bb _builder_version=\u00a0\u00bb4.21.0&Prime; _dynamic_attributes=\u00a0\u00bbbutton_url\u00a0\u00bb _module_preset=\u00a0\u00bbdefault\u00a0\u00bb global_colors_info=\u00a0\u00bb{}\u00a0\u00bb][\/et_pb_button][\/et_pb_column][\/et_pb_row][\/et_pb_section]\n","protected":false},"excerpt":{"rendered":"<p>Pourquoi r\u00e9aliser des examens compl\u00e9mentaires? Apr\u00e8s qu&rsquo;un de nos optom\u00e9tristes partenaires aura effectu\u00e9 un examen pr\u00e9op\u00e9ratoire, vous devrez subir des examens compl\u00e9mentaires afin d&rsquo;obtenir des informations plus d\u00e9taill\u00e9es sur votre vision et votre sant\u00e9 oculaire, notamment si vous envisagez la chirurgie avec des implants intraoculaires. Par cons\u00e9quent, ces examens suppl\u00e9mentaires permettront \u00e0 l&rsquo;ophtalmologiste de diagnostiquer [&hellip;]<\/p>\n","protected":false},"author":5,"featured_media":0,"parent":4331,"menu_order":3,"comment_status":"closed","ping_status":"closed","template":"","meta":{"_acf_changed":false,"_et_pb_use_builder":"on","_et_pb_old_content":"","_et_gb_content_width":"","protect_children":false,"footnotes":""},"class_list":["post-4345","page","type-page","status-publish","hentry"],"acf":[],"yoast_head":"<!-- This site is optimized with the Yoast SEO plugin v27.4 - https:\/\/yoast.com\/product\/yoast-seo-wordpress\/ -->\n<title>Additional tests | ChirurgiVision<\/title>\n<meta name=\"description\" content=\"D\u00e9couvrez l&#039;importance des examens compl\u00e9mentaires avant la chirurgie avec implants intraoculaires : dilatation pupillaire, acuit\u00e9 visuelle, topographie corn\u00e9enne, OCT maculaire, biom\u00e9trie optique.\" \/>\n<meta name=\"robots\" content=\"index, follow, max-snippet:-1, max-image-preview:large, max-video-preview:-1\" \/>\n<link rel=\"canonical\" href=\"http:\/\/www.chirurgivision.com\/en\/patient-section\/additional-tests\/\" \/>\n<meta property=\"og:locale\" content=\"en_US\" \/>\n<meta property=\"og:type\" content=\"article\" \/>\n<meta property=\"og:title\" content=\"Additional tests | ChirurgiVision\" \/>\n<meta property=\"og:description\" content=\"D\u00e9couvrez l&#039;importance des examens compl\u00e9mentaires avant la chirurgie avec implants intraoculaires : dilatation pupillaire, acuit\u00e9 visuelle, topographie corn\u00e9enne, OCT maculaire, biom\u00e9trie optique.\" \/>\n<meta property=\"og:url\" content=\"http:\/\/www.chirurgivision.com\/en\/patient-section\/additional-tests\/\" \/>\n<meta property=\"og:site_name\" content=\"ChirurgiVision\" \/>\n<meta property=\"article:publisher\" content=\"https:\/\/www.facebook.com\/chirurgivision\/\" \/>\n<meta property=\"article:modified_time\" content=\"2024-08-08T18:27:18+00:00\" \/>\n<meta property=\"og:image\" content=\"http:\/\/www.chirurgivision.com\/wp-content\/uploads\/2023\/08\/ChirurgiVision-Logo-Rouge-2.jpg\" \/>\n\t<meta property=\"og:image:width\" content=\"1200\" \/>\n\t<meta property=\"og:image:height\" content=\"678\" \/>\n\t<meta property=\"og:image:type\" content=\"image\/jpeg\" \/>\n<meta name=\"twitter:card\" content=\"summary_large_image\" \/>\n<meta name=\"twitter:label1\" content=\"Est. reading time\" \/>\n\t<meta name=\"twitter:data1\" content=\"3 minutes\" \/>\n<script type=\"application\/ld+json\" class=\"yoast-schema-graph\">{\"@context\":\"https:\\\/\\\/schema.org\",\"@graph\":[{\"@type\":\"WebPage\",\"@id\":\"http:\\\/\\\/www.chirurgivision.com\\\/en\\\/patient-section\\\/additional-tests\\\/\",\"url\":\"http:\\\/\\\/www.chirurgivision.com\\\/en\\\/patient-section\\\/additional-tests\\\/\",\"name\":\"Additional tests | ChirurgiVision\",\"isPartOf\":{\"@id\":\"http:\\\/\\\/www.chirurgivision.com\\\/en\\\/#website\"},\"datePublished\":\"2024-08-08T18:27:04+00:00\",\"dateModified\":\"2024-08-08T18:27:18+00:00\",\"description\":\"D\u00e9couvrez l'importance des examens compl\u00e9mentaires avant la chirurgie avec implants intraoculaires : dilatation pupillaire, acuit\u00e9 visuelle, topographie corn\u00e9enne, OCT maculaire, biom\u00e9trie optique.\",\"breadcrumb\":{\"@id\":\"http:\\\/\\\/www.chirurgivision.com\\\/en\\\/patient-section\\\/additional-tests\\\/#breadcrumb\"},\"inLanguage\":\"en-US\",\"potentialAction\":[{\"@type\":\"ReadAction\",\"target\":[\"http:\\\/\\\/www.chirurgivision.com\\\/en\\\/patient-section\\\/additional-tests\\\/\"]}]},{\"@type\":\"BreadcrumbList\",\"@id\":\"http:\\\/\\\/www.chirurgivision.com\\\/en\\\/patient-section\\\/additional-tests\\\/#breadcrumb\",\"itemListElement\":[{\"@type\":\"ListItem\",\"position\":1,\"name\":\"Home\",\"item\":\"https:\\\/\\\/www.chirurgivision.com\\\/en\\\/\"},{\"@type\":\"ListItem\",\"position\":2,\"name\":\"Patient section\",\"item\":\"http:\\\/\\\/www.chirurgivision.com\\\/en\\\/patient-section\\\/\"},{\"@type\":\"ListItem\",\"position\":3,\"name\":\"Additional tests\"}]},{\"@type\":\"WebSite\",\"@id\":\"http:\\\/\\\/www.chirurgivision.com\\\/en\\\/#website\",\"url\":\"http:\\\/\\\/www.chirurgivision.com\\\/en\\\/\",\"name\":\"ChirurgiVision\",\"description\":\"We see your vision!\",\"publisher\":{\"@id\":\"http:\\\/\\\/www.chirurgivision.com\\\/en\\\/#organization\"},\"potentialAction\":[{\"@type\":\"SearchAction\",\"target\":{\"@type\":\"EntryPoint\",\"urlTemplate\":\"http:\\\/\\\/www.chirurgivision.com\\\/en\\\/?s={search_term_string}\"},\"query-input\":{\"@type\":\"PropertyValueSpecification\",\"valueRequired\":true,\"valueName\":\"search_term_string\"}}],\"inLanguage\":\"en-US\"},{\"@type\":\"Organization\",\"@id\":\"http:\\\/\\\/www.chirurgivision.com\\\/en\\\/#organization\",\"name\":\"ChirurgiVision\",\"url\":\"http:\\\/\\\/www.chirurgivision.com\\\/en\\\/\",\"logo\":{\"@type\":\"ImageObject\",\"inLanguage\":\"en-US\",\"@id\":\"http:\\\/\\\/www.chirurgivision.com\\\/en\\\/#\\\/schema\\\/logo\\\/image\\\/\",\"url\":\"https:\\\/\\\/www.chirurgivision.com\\\/wp-content\\\/uploads\\\/2023\\\/04\\\/logo_chirurgivision.png\",\"contentUrl\":\"https:\\\/\\\/www.chirurgivision.com\\\/wp-content\\\/uploads\\\/2023\\\/04\\\/logo_chirurgivision.png\",\"width\":235,\"height\":79,\"caption\":\"ChirurgiVision\"},\"image\":{\"@id\":\"http:\\\/\\\/www.chirurgivision.com\\\/en\\\/#\\\/schema\\\/logo\\\/image\\\/\"},\"sameAs\":[\"https:\\\/\\\/www.facebook.com\\\/chirurgivision\\\/\",\"https:\\\/\\\/www.instagram.com\\\/cliniquechirurgivision\\\/\",\"https:\\\/\\\/www.linkedin.com\\\/company\\\/chirurgi-vision\\\/\",\"https:\\\/\\\/www.youtube.com\\\/user\\\/DrFrancisRoy\\\/\"]}]}<\/script>\n<!-- \/ Yoast SEO plugin. -->","yoast_head_json":{"title":"Additional tests | ChirurgiVision","description":"D\u00e9couvrez l'importance des examens compl\u00e9mentaires avant la chirurgie avec implants intraoculaires : dilatation pupillaire, acuit\u00e9 visuelle, topographie corn\u00e9enne, OCT maculaire, biom\u00e9trie optique.","robots":{"index":"index","follow":"follow","max-snippet":"max-snippet:-1","max-image-preview":"max-image-preview:large","max-video-preview":"max-video-preview:-1"},"canonical":"http:\/\/www.chirurgivision.com\/en\/patient-section\/additional-tests\/","og_locale":"en_US","og_type":"article","og_title":"Additional tests | ChirurgiVision","og_description":"D\u00e9couvrez l'importance des examens compl\u00e9mentaires avant la chirurgie avec implants intraoculaires : dilatation pupillaire, acuit\u00e9 visuelle, topographie corn\u00e9enne, OCT maculaire, biom\u00e9trie optique.","og_url":"http:\/\/www.chirurgivision.com\/en\/patient-section\/additional-tests\/","og_site_name":"ChirurgiVision","article_publisher":"https:\/\/www.facebook.com\/chirurgivision\/","article_modified_time":"2024-08-08T18:27:18+00:00","og_image":[{"width":1200,"height":678,"url":"http:\/\/www.chirurgivision.com\/wp-content\/uploads\/2023\/08\/ChirurgiVision-Logo-Rouge-2.jpg","type":"image\/jpeg"}],"twitter_card":"summary_large_image","twitter_misc":{"Est. reading time":"3 minutes"},"schema":{"@context":"https:\/\/schema.org","@graph":[{"@type":"WebPage","@id":"http:\/\/www.chirurgivision.com\/en\/patient-section\/additional-tests\/","url":"http:\/\/www.chirurgivision.com\/en\/patient-section\/additional-tests\/","name":"Additional tests | ChirurgiVision","isPartOf":{"@id":"http:\/\/www.chirurgivision.com\/en\/#website"},"datePublished":"2024-08-08T18:27:04+00:00","dateModified":"2024-08-08T18:27:18+00:00","description":"D\u00e9couvrez l'importance des examens compl\u00e9mentaires avant la chirurgie avec implants intraoculaires : dilatation pupillaire, acuit\u00e9 visuelle, topographie corn\u00e9enne, OCT maculaire, biom\u00e9trie optique.","breadcrumb":{"@id":"http:\/\/www.chirurgivision.com\/en\/patient-section\/additional-tests\/#breadcrumb"},"inLanguage":"en-US","potentialAction":[{"@type":"ReadAction","target":["http:\/\/www.chirurgivision.com\/en\/patient-section\/additional-tests\/"]}]},{"@type":"BreadcrumbList","@id":"http:\/\/www.chirurgivision.com\/en\/patient-section\/additional-tests\/#breadcrumb","itemListElement":[{"@type":"ListItem","position":1,"name":"Home","item":"https:\/\/www.chirurgivision.com\/en\/"},{"@type":"ListItem","position":2,"name":"Patient section","item":"http:\/\/www.chirurgivision.com\/en\/patient-section\/"},{"@type":"ListItem","position":3,"name":"Additional tests"}]},{"@type":"WebSite","@id":"http:\/\/www.chirurgivision.com\/en\/#website","url":"http:\/\/www.chirurgivision.com\/en\/","name":"ChirurgiVision","description":"We see your vision!","publisher":{"@id":"http:\/\/www.chirurgivision.com\/en\/#organization"},"potentialAction":[{"@type":"SearchAction","target":{"@type":"EntryPoint","urlTemplate":"http:\/\/www.chirurgivision.com\/en\/?s={search_term_string}"},"query-input":{"@type":"PropertyValueSpecification","valueRequired":true,"valueName":"search_term_string"}}],"inLanguage":"en-US"},{"@type":"Organization","@id":"http:\/\/www.chirurgivision.com\/en\/#organization","name":"ChirurgiVision","url":"http:\/\/www.chirurgivision.com\/en\/","logo":{"@type":"ImageObject","inLanguage":"en-US","@id":"http:\/\/www.chirurgivision.com\/en\/#\/schema\/logo\/image\/","url":"https:\/\/www.chirurgivision.com\/wp-content\/uploads\/2023\/04\/logo_chirurgivision.png","contentUrl":"https:\/\/www.chirurgivision.com\/wp-content\/uploads\/2023\/04\/logo_chirurgivision.png","width":235,"height":79,"caption":"ChirurgiVision"},"image":{"@id":"http:\/\/www.chirurgivision.com\/en\/#\/schema\/logo\/image\/"},"sameAs":["https:\/\/www.facebook.com\/chirurgivision\/","https:\/\/www.instagram.com\/cliniquechirurgivision\/","https:\/\/www.linkedin.com\/company\/chirurgi-vision\/","https:\/\/www.youtube.com\/user\/DrFrancisRoy\/"]}]}},"_links":{"self":[{"href":"http:\/\/www.chirurgivision.com\/en\/wp-json\/wp\/v2\/pages\/4345","targetHints":{"allow":["GET"]}}],"collection":[{"href":"http:\/\/www.chirurgivision.com\/en\/wp-json\/wp\/v2\/pages"}],"about":[{"href":"http:\/\/www.chirurgivision.com\/en\/wp-json\/wp\/v2\/types\/page"}],"author":[{"embeddable":true,"href":"http:\/\/www.chirurgivision.com\/en\/wp-json\/wp\/v2\/users\/5"}],"replies":[{"embeddable":true,"href":"http:\/\/www.chirurgivision.com\/en\/wp-json\/wp\/v2\/comments?post=4345"}],"version-history":[{"count":1,"href":"http:\/\/www.chirurgivision.com\/en\/wp-json\/wp\/v2\/pages\/4345\/revisions"}],"predecessor-version":[{"id":4346,"href":"http:\/\/www.chirurgivision.com\/en\/wp-json\/wp\/v2\/pages\/4345\/revisions\/4346"}],"up":[{"embeddable":true,"href":"http:\/\/www.chirurgivision.com\/en\/wp-json\/wp\/v2\/pages\/4331"}],"wp:attachment":[{"href":"http:\/\/www.chirurgivision.com\/en\/wp-json\/wp\/v2\/media?parent=4345"}],"curies":[{"name":"wp","href":"https:\/\/api.w.org\/{rel}","templated":true}]}}