{"id":4431,"date":"2024-08-09T10:00:29","date_gmt":"2024-08-09T14:00:29","guid":{"rendered":"https:\/\/www.chirurgivision.com\/?page_id=4431"},"modified":"2024-08-09T10:02:41","modified_gmt":"2024-08-09T14:02:41","slug":"privacy-policy","status":"publish","type":"page","link":"http:\/\/www.chirurgivision.com\/en\/privacy-policy\/","title":{"rendered":"Privacy policy"},"content":{"rendered":"\n[et_pb_section fb_built=\u00a0\u00bb1&Prime; module_class=\u00a0\u00bbdefaut-titre-section layout2&Prime; _builder_version=\u00a0\u00bb4.21.0&Prime; _module_preset=\u00a0\u00bbdefault\u00a0\u00bb locked=\u00a0\u00bboff\u00a0\u00bb global_colors_info=\u00a0\u00bb{}\u00a0\u00bb][et_pb_row _builder_version=\u00a0\u00bb4.21.0&Prime; _module_preset=\u00a0\u00bbdefault\u00a0\u00bb global_colors_info=\u00a0\u00bb{}\u00a0\u00bb][et_pb_column type=\u00a0\u00bb4_4&Prime; _builder_version=\u00a0\u00bb4.21.0&Prime; _module_preset=\u00a0\u00bbdefault\u00a0\u00bb global_colors_info=\u00a0\u00bb{}\u00a0\u00bb][et_pb_post_title meta=\u00a0\u00bboff\u00a0\u00bb featured_image=\u00a0\u00bboff\u00a0\u00bb _builder_version=\u00a0\u00bb4.21.0&Prime; _module_preset=\u00a0\u00bbdefault\u00a0\u00bb locked=\u00a0\u00bboff\u00a0\u00bb global_colors_info=\u00a0\u00bb{}\u00a0\u00bb][\/et_pb_post_title][\/et_pb_column][\/et_pb_row][et_pb_row _builder_version=\u00a0\u00bb4.21.0&Prime; _module_preset=\u00a0\u00bbdefault\u00a0\u00bb global_colors_info=\u00a0\u00bb{}\u00a0\u00bb][et_pb_column type=\u00a0\u00bb4_4&Prime; _builder_version=\u00a0\u00bb4.21.0&Prime; _module_preset=\u00a0\u00bbdefault\u00a0\u00bb global_colors_info=\u00a0\u00bb{}\u00a0\u00bb][et_pb_text _builder_version=\u00a0\u00bb4.24.0&Prime; _module_preset=\u00a0\u00bbdefault\u00a0\u00bb hover_enabled=\u00a0\u00bb0&Prime; global_colors_info=\u00a0\u00bb{}\u00a0\u00bb sticky_enabled=\u00a0\u00bb0&Prime;]<p>Chez ChirurgiVision, nous sommes soucieux de la protection de la vie priv\u00e9e de nos utilisateurs. Cette politique de confidentialit\u00e9 explique comment nous collectons, utilisons et prot\u00e9geons les donn\u00e9es personnelles que nous recueillons.<\/p>\n<h2>Collecte de donn\u00e9es personnelles<\/h2>\n<p>Nous collectons des donn\u00e9es personnelles, telles que votre nom, adresse courriel, num\u00e9ro de t\u00e9l\u00e9phone, lorsque vous remplissez un formulaire de contact sur notre site Web. Nous pouvons \u00e9galement collecter des informations de mani\u00e8re automatique, gr\u00e2ce \u00e0 des cookies.<\/p>\n<h2>Utilisation des donn\u00e9es personnelles<\/h2>\n<p>Nous utilisons les donn\u00e9es personnelles que nous r\u00e9coltons pour communiquer avec vous, r\u00e9pondre \u00e0 vos demandes de renseignements et pour am\u00e9liorer l&rsquo;exp\u00e9rience utilisateur sur notre site Web. Nous ne vendons pas vos donn\u00e9es personnelles \u00e0 des tiers.<\/p>\n<h2>T\u00e9moins (Cookies)<\/h2>\n<p>Notre site web utilise des t\u00e9moins (cookies) pour recueillir des informations sur l&rsquo;utilisation que vous faites de notre site. Les t\u00e9moins (cookies) sont de petits fichiers texte qui sont stock\u00e9s sur votre ordinateur ou appareil mobile lorsque vous consultez notre site Web.<\/p>\n<p>Nous utilisons des t\u00e9moins (cookies) pour am\u00e9liorer l&rsquo;exp\u00e9rience utilisateur lors de votre visite sur notre site Web. Nous utilisons \u00e9galement des t\u00e9moins (cookies) tiers, tels que Google Analytics, pour comprendre comment nos visiteurs utilisent notre site Web et pour nous aider \u00e0 am\u00e9liorer notre contenu et notre marketing.<\/p>\n<p>En acceptant la fen\u00eatre contextuelle (popup) qui apparait lors de la consultation de notre site Web, vous consentez \u00e0 l&rsquo;utilisation de t\u00e9moins (cookies) conform\u00e9ment \u00e0 notre politique de confidentialit\u00e9.<\/p>\n<p>Vous pouvez d\u00e9sactiver les t\u00e9moins (cookies) en modifiant les param\u00e8tres de votre navigateur. Veuillez noter que la d\u00e9sactivation des t\u00e9moins (cookies) peut affecter certaines fonctionnalit\u00e9s de notre site Web.<\/p>\n<h2>Liens vers des sites externes<\/h2>\n<p>Notre site pourrait contenir des liens vers d\u2019autres sites Web qui ne sont pas de notre propri\u00e9t\u00e9. Ces sites pourraient r\u00e9colter \u00e9galement des informations personnelles. Nous vous invitons \u00e0 consulter leur page de politique de confidentialit\u00e9 pour \u00eatre tenus inform\u00e9s des donn\u00e9es retenues.<\/p>\n<h2>Protection des donn\u00e9es personnelles<\/h2>\n<p>Nous prenons des mesures pour prot\u00e9ger les donn\u00e9es personnelles que nous collectons contre tout acc\u00e8s non autoris\u00e9, toute divulgation ou toute modification. Nous stockons vos donn\u00e9es personnelles sur des serveurs s\u00e9curis\u00e9s (SSL) et nous limitons l&rsquo;acc\u00e8s STRICTS \u00e0 ces donn\u00e9es \u00e0 des personnes ayant besoin de les conna\u00eetre.<\/p>\n<h2>Droits des utilisateurs<\/h2>\n<p>Vous avez le droit de demander l&rsquo;acc\u00e8s \u00e0 vos donn\u00e9es personnelles, de les corriger ou de les supprimer. Vous pouvez \u00e9galement vous opposer au traitement de vos donn\u00e9es personnelles, demander leur limitation ou retirer votre consentement. Pour exercer ces droits, veuillez nous contacter \u00e0 l&rsquo;adresse indiqu\u00e9e ci-dessous.<\/p>\n<h2>Contact<\/h2>\n<p>Si vous avez des questions ou des pr\u00e9occupations concernant notre politique de confidentialit\u00e9 ou la mani\u00e8re dont nous traitons vos donn\u00e9es personnelles, veuillez contacter la personne responsable de la protection des renseignements personnels.<\/p>\n<h2>Responsable de la protection des renseignements personnels<\/h2>\n<ul>\n<li>Julie Hamel<\/li>\n<li>Responsable agentes service \u00e0 la client\u00e8le et d\u00e9veloppement des affaires<\/li>\n<li><a href=\"mailto:jhamel@chirurgivision.com\">jhamel@chirurgivision.com<\/a><\/li>\n<li>819 693-5757, poste 122<\/li>\n<\/ul>\n<h2>Modifications de la politique<\/h2>\n<p>Des modifications \u00e0 cette politique de confidentialit\u00e9 peuvent \u00eatre apport\u00e9es \u00e0 tout moment. Pour ne pas manquer une mise \u00e0 jour, nous vous invitons \u00e0 consulter r\u00e9guli\u00e8rement cette page.<\/p>\n<p>Mise \u00e0 jour : 1 f\u00e9vrier 2024<\/p>[\/et_pb_text][\/et_pb_column][\/et_pb_row][\/et_pb_section][et_pb_section fb_built=\u00a0\u00bb1&Prime; module_class=\u00a0\u00bbsection-fw-textimg reverse\u00a0\u00bb _builder_version=\u00a0\u00bb4.21.0&Prime; _module_preset=\u00a0\u00bbdefault\u00a0\u00bb background_enable_color=\u00a0\u00bboff\u00a0\u00bb custom_padding=\u00a0\u00bb0px|0px|0px|0px|true|true\u00a0\u00bb global_module=\u00a0\u00bb638&Prime; saved_tabs=\u00a0\u00bball\u00a0\u00bb locked=\u00a0\u00bboff\u00a0\u00bb global_colors_info=\u00a0\u00bb{}\u00a0\u00bb][et_pb_row column_structure=\u00a0\u00bb1_2,1_2&Prime; make_equal=\u00a0\u00bbon\u00a0\u00bb custom_padding_last_edited=\u00a0\u00bbon|tablet\u00a0\u00bb module_class=\u00a0\u00bbbg-item bg-item__right bg-item__mobile-vertical bg-item-color-secondary-light\u00a0\u00bb _builder_version=\u00a0\u00bb4.21.0&Prime; _module_preset=\u00a0\u00bbdefault\u00a0\u00bb max_width=\u00a0\u00bb100%\u00a0\u00bb custom_padding=\u00a0\u00bb90px|0px|90px|0px|true|true\u00a0\u00bb custom_padding_tablet=\u00a0\u00bb60px||60px||true|true\u00a0\u00bb custom_padding_phone=\u00a0\u00bb60px||60px||true|true\u00a0\u00bb custom_css_main_element=\u00a0\u00bbalign-items:center;\u00a0\u00bb global_colors_info=\u00a0\u00bb{}\u00a0\u00bb][et_pb_column type=\u00a0\u00bb1_2&Prime; _builder_version=\u00a0\u00bb4.20.4&Prime; _module_preset=\u00a0\u00bbdefault\u00a0\u00bb background_enable_image=\u00a0\u00bboff\u00a0\u00bb global_colors_info=\u00a0\u00bb{}\u00a0\u00bb][et_pb_image src=\u00a0\u00bbhttps:\/\/www.chirurgivision.com\/wp-content\/uploads\/2023\/05\/ChirurgiVision-Rendez-vous-1.jpg\u00a0\u00bb alt=\u00a0\u00bbPhoto pour la prise de RDV\u00a0\u00bb title_text=\u00a0\u00bbChirurgiVision-Rendez-vous\u00a0\u00bb _builder_version=\u00a0\u00bb4.23.1&Prime; _module_preset=\u00a0\u00bbdefault\u00a0\u00bb global_colors_info=\u00a0\u00bb{}\u00a0\u00bb][\/et_pb_image][\/et_pb_column][et_pb_column type=\u00a0\u00bb1_2&Prime; _builder_version=\u00a0\u00bb4.20.4&Prime; _module_preset=\u00a0\u00bbdefault\u00a0\u00bb custom_padding=\u00a0\u00bb||||false|false\u00a0\u00bb custom_padding_tablet=\u00a0\u00bb||||false|false\u00a0\u00bb custom_padding_phone=\u00a0\u00bb||||false|false\u00a0\u00bb custom_padding_last_edited=\u00a0\u00bbon|desktop\u00a0\u00bb global_colors_info=\u00a0\u00bb{}\u00a0\u00bb][et_pb_text module_class=\u00a0\u00bbno-br-md\u00a0\u00bb _builder_version=\u00a0\u00bb4.21.0&Prime; _module_preset=\u00a0\u00bbdefault\u00a0\u00bb custom_margin=\u00a0\u00bb||15px||false|false\u00a0\u00bb global_colors_info=\u00a0\u00bb{}\u00a0\u00bb]<h2>Obtenez un\u00a0<br \/>rendez-vous<\/h2>[\/et_pb_text][et_pb_text _builder_version=\u00a0\u00bb4.23.1&Prime; _module_preset=\u00a0\u00bbdefault\u00a0\u00bb custom_margin=\u00a0\u00bb||15px||false|false\u00a0\u00bb global_colors_info=\u00a0\u00bb{}\u00a0\u00bb]<p>La Clinique ChirurgiVision collabore avec plus d\u2019une centaine d\u2019optom\u00e9tristes partenaires \u00e0 travers le Qu\u00e9bec! Prenez un rendez-vous avec notre \u00e9quipe d\u2019experts en chirurgie r\u00e9fractive et phacor\u00e9fractive. Faites de vos yeux votre priorit\u00e9! Consultez la liste des optom\u00e9tristes de votre r\u00e9gion ou contactez-nous d\u00e8s aujourd\u2019hui!<\/p>[\/et_pb_text][et_pb_button button_url=\u00a0\u00bb@ET-DC@eyJkeW5hbWljIjp0cnVlLCJjb250ZW50IjoicG9zdF9saW5rX3VybF9wYWdlIiwic2V0dGluZ3MiOnsicG9zdF9pZCI6IjQzMyJ9fQ==@\u00a0\u00bb button_text=\u00a0\u00bbNous joindre\u00a0\u00bb _builder_version=\u00a0\u00bb4.21.0&Prime; _dynamic_attributes=\u00a0\u00bbbutton_url\u00a0\u00bb _module_preset=\u00a0\u00bbdefault\u00a0\u00bb global_colors_info=\u00a0\u00bb{}\u00a0\u00bb][\/et_pb_button][\/et_pb_column][\/et_pb_row][\/et_pb_section]\n","protected":false},"excerpt":{"rendered":"<p>Chez ChirurgiVision, nous sommes soucieux de la protection de la vie priv\u00e9e de nos utilisateurs. Cette politique de confidentialit\u00e9 explique comment nous collectons, utilisons et prot\u00e9geons les donn\u00e9es personnelles que nous recueillons. Collecte de donn\u00e9es personnelles Nous collectons des donn\u00e9es personnelles, telles que votre nom, adresse courriel, num\u00e9ro de t\u00e9l\u00e9phone, lorsque vous remplissez un formulaire [&hellip;]<\/p>\n","protected":false},"author":5,"featured_media":0,"parent":0,"menu_order":2,"comment_status":"closed","ping_status":"closed","template":"","meta":{"_acf_changed":false,"_et_pb_use_builder":"on","_et_pb_old_content":"","_et_gb_content_width":"","protect_children":false,"footnotes":""},"class_list":["post-4431","page","type-page","status-publish","hentry"],"acf":[],"yoast_head":"<!-- This site is optimized with the Yoast SEO plugin v27.4 - https:\/\/yoast.com\/product\/yoast-seo-wordpress\/ -->\n<title>Privacy policy | ChirurgiVision<\/title>\n<meta name=\"robots\" content=\"noindex, follow\" \/>\n<meta property=\"og:locale\" content=\"en_US\" \/>\n<meta property=\"og:type\" content=\"article\" \/>\n<meta property=\"og:title\" content=\"Privacy policy | ChirurgiVision\" \/>\n<meta property=\"og:description\" content=\"Chez ChirurgiVision, nous sommes soucieux de la protection de la vie priv\u00e9e de nos utilisateurs. Cette politique de confidentialit\u00e9 explique comment nous collectons, utilisons et prot\u00e9geons les donn\u00e9es personnelles que nous recueillons. Collecte de donn\u00e9es personnelles Nous collectons des donn\u00e9es personnelles, telles que votre nom, adresse courriel, num\u00e9ro de t\u00e9l\u00e9phone, lorsque vous remplissez un formulaire [&hellip;]\" \/>\n<meta property=\"og:url\" content=\"http:\/\/www.chirurgivision.com\/en\/privacy-policy\/\" \/>\n<meta property=\"og:site_name\" content=\"ChirurgiVision\" \/>\n<meta property=\"article:publisher\" content=\"https:\/\/www.facebook.com\/chirurgivision\/\" \/>\n<meta property=\"article:modified_time\" content=\"2024-08-09T14:02:41+00:00\" \/>\n<meta property=\"og:image\" content=\"http:\/\/www.chirurgivision.com\/wp-content\/uploads\/2023\/08\/ChirurgiVision-Logo-Rouge-2.jpg\" \/>\n\t<meta property=\"og:image:width\" content=\"1200\" \/>\n\t<meta property=\"og:image:height\" content=\"678\" \/>\n\t<meta property=\"og:image:type\" content=\"image\/jpeg\" \/>\n<meta name=\"twitter:card\" content=\"summary_large_image\" \/>\n<meta name=\"twitter:label1\" content=\"Est. reading time\" \/>\n\t<meta name=\"twitter:data1\" content=\"4 minutes\" \/>\n<script type=\"application\/ld+json\" class=\"yoast-schema-graph\">{\"@context\":\"https:\\\/\\\/schema.org\",\"@graph\":[{\"@type\":\"WebPage\",\"@id\":\"http:\\\/\\\/www.chirurgivision.com\\\/en\\\/privacy-policy\\\/\",\"url\":\"http:\\\/\\\/www.chirurgivision.com\\\/en\\\/privacy-policy\\\/\",\"name\":\"Privacy policy | ChirurgiVision\",\"isPartOf\":{\"@id\":\"http:\\\/\\\/www.chirurgivision.com\\\/en\\\/#website\"},\"datePublished\":\"2024-08-09T14:00:29+00:00\",\"dateModified\":\"2024-08-09T14:02:41+00:00\",\"breadcrumb\":{\"@id\":\"http:\\\/\\\/www.chirurgivision.com\\\/en\\\/privacy-policy\\\/#breadcrumb\"},\"inLanguage\":\"en-US\",\"potentialAction\":[{\"@type\":\"ReadAction\",\"target\":[\"http:\\\/\\\/www.chirurgivision.com\\\/en\\\/privacy-policy\\\/\"]}]},{\"@type\":\"BreadcrumbList\",\"@id\":\"http:\\\/\\\/www.chirurgivision.com\\\/en\\\/privacy-policy\\\/#breadcrumb\",\"itemListElement\":[{\"@type\":\"ListItem\",\"position\":1,\"name\":\"Home\",\"item\":\"https:\\\/\\\/www.chirurgivision.com\\\/en\\\/\"},{\"@type\":\"ListItem\",\"position\":2,\"name\":\"Privacy policy\"}]},{\"@type\":\"WebSite\",\"@id\":\"http:\\\/\\\/www.chirurgivision.com\\\/en\\\/#website\",\"url\":\"http:\\\/\\\/www.chirurgivision.com\\\/en\\\/\",\"name\":\"ChirurgiVision\",\"description\":\"We see your vision!\",\"publisher\":{\"@id\":\"http:\\\/\\\/www.chirurgivision.com\\\/en\\\/#organization\"},\"potentialAction\":[{\"@type\":\"SearchAction\",\"target\":{\"@type\":\"EntryPoint\",\"urlTemplate\":\"http:\\\/\\\/www.chirurgivision.com\\\/en\\\/?s={search_term_string}\"},\"query-input\":{\"@type\":\"PropertyValueSpecification\",\"valueRequired\":true,\"valueName\":\"search_term_string\"}}],\"inLanguage\":\"en-US\"},{\"@type\":\"Organization\",\"@id\":\"http:\\\/\\\/www.chirurgivision.com\\\/en\\\/#organization\",\"name\":\"ChirurgiVision\",\"url\":\"http:\\\/\\\/www.chirurgivision.com\\\/en\\\/\",\"logo\":{\"@type\":\"ImageObject\",\"inLanguage\":\"en-US\",\"@id\":\"http:\\\/\\\/www.chirurgivision.com\\\/en\\\/#\\\/schema\\\/logo\\\/image\\\/\",\"url\":\"https:\\\/\\\/www.chirurgivision.com\\\/wp-content\\\/uploads\\\/2023\\\/04\\\/logo_chirurgivision.png\",\"contentUrl\":\"https:\\\/\\\/www.chirurgivision.com\\\/wp-content\\\/uploads\\\/2023\\\/04\\\/logo_chirurgivision.png\",\"width\":235,\"height\":79,\"caption\":\"ChirurgiVision\"},\"image\":{\"@id\":\"http:\\\/\\\/www.chirurgivision.com\\\/en\\\/#\\\/schema\\\/logo\\\/image\\\/\"},\"sameAs\":[\"https:\\\/\\\/www.facebook.com\\\/chirurgivision\\\/\",\"https:\\\/\\\/www.instagram.com\\\/cliniquechirurgivision\\\/\",\"https:\\\/\\\/www.linkedin.com\\\/company\\\/chirurgi-vision\\\/\",\"https:\\\/\\\/www.youtube.com\\\/user\\\/DrFrancisRoy\\\/\"]}]}<\/script>\n<!-- \/ Yoast SEO plugin. -->","yoast_head_json":{"title":"Privacy policy | ChirurgiVision","robots":{"index":"noindex","follow":"follow"},"og_locale":"en_US","og_type":"article","og_title":"Privacy policy | ChirurgiVision","og_description":"Chez ChirurgiVision, nous sommes soucieux de la protection de la vie priv\u00e9e de nos utilisateurs. Cette politique de confidentialit\u00e9 explique comment nous collectons, utilisons et prot\u00e9geons les donn\u00e9es personnelles que nous recueillons. Collecte de donn\u00e9es personnelles Nous collectons des donn\u00e9es personnelles, telles que votre nom, adresse courriel, num\u00e9ro de t\u00e9l\u00e9phone, lorsque vous remplissez un formulaire [&hellip;]","og_url":"http:\/\/www.chirurgivision.com\/en\/privacy-policy\/","og_site_name":"ChirurgiVision","article_publisher":"https:\/\/www.facebook.com\/chirurgivision\/","article_modified_time":"2024-08-09T14:02:41+00:00","og_image":[{"width":1200,"height":678,"url":"http:\/\/www.chirurgivision.com\/wp-content\/uploads\/2023\/08\/ChirurgiVision-Logo-Rouge-2.jpg","type":"image\/jpeg"}],"twitter_card":"summary_large_image","twitter_misc":{"Est. reading time":"4 minutes"},"schema":{"@context":"https:\/\/schema.org","@graph":[{"@type":"WebPage","@id":"http:\/\/www.chirurgivision.com\/en\/privacy-policy\/","url":"http:\/\/www.chirurgivision.com\/en\/privacy-policy\/","name":"Privacy policy | ChirurgiVision","isPartOf":{"@id":"http:\/\/www.chirurgivision.com\/en\/#website"},"datePublished":"2024-08-09T14:00:29+00:00","dateModified":"2024-08-09T14:02:41+00:00","breadcrumb":{"@id":"http:\/\/www.chirurgivision.com\/en\/privacy-policy\/#breadcrumb"},"inLanguage":"en-US","potentialAction":[{"@type":"ReadAction","target":["http:\/\/www.chirurgivision.com\/en\/privacy-policy\/"]}]},{"@type":"BreadcrumbList","@id":"http:\/\/www.chirurgivision.com\/en\/privacy-policy\/#breadcrumb","itemListElement":[{"@type":"ListItem","position":1,"name":"Home","item":"https:\/\/www.chirurgivision.com\/en\/"},{"@type":"ListItem","position":2,"name":"Privacy policy"}]},{"@type":"WebSite","@id":"http:\/\/www.chirurgivision.com\/en\/#website","url":"http:\/\/www.chirurgivision.com\/en\/","name":"ChirurgiVision","description":"We see your vision!","publisher":{"@id":"http:\/\/www.chirurgivision.com\/en\/#organization"},"potentialAction":[{"@type":"SearchAction","target":{"@type":"EntryPoint","urlTemplate":"http:\/\/www.chirurgivision.com\/en\/?s={search_term_string}"},"query-input":{"@type":"PropertyValueSpecification","valueRequired":true,"valueName":"search_term_string"}}],"inLanguage":"en-US"},{"@type":"Organization","@id":"http:\/\/www.chirurgivision.com\/en\/#organization","name":"ChirurgiVision","url":"http:\/\/www.chirurgivision.com\/en\/","logo":{"@type":"ImageObject","inLanguage":"en-US","@id":"http:\/\/www.chirurgivision.com\/en\/#\/schema\/logo\/image\/","url":"https:\/\/www.chirurgivision.com\/wp-content\/uploads\/2023\/04\/logo_chirurgivision.png","contentUrl":"https:\/\/www.chirurgivision.com\/wp-content\/uploads\/2023\/04\/logo_chirurgivision.png","width":235,"height":79,"caption":"ChirurgiVision"},"image":{"@id":"http:\/\/www.chirurgivision.com\/en\/#\/schema\/logo\/image\/"},"sameAs":["https:\/\/www.facebook.com\/chirurgivision\/","https:\/\/www.instagram.com\/cliniquechirurgivision\/","https:\/\/www.linkedin.com\/company\/chirurgi-vision\/","https:\/\/www.youtube.com\/user\/DrFrancisRoy\/"]}]}},"_links":{"self":[{"href":"http:\/\/www.chirurgivision.com\/en\/wp-json\/wp\/v2\/pages\/4431","targetHints":{"allow":["GET"]}}],"collection":[{"href":"http:\/\/www.chirurgivision.com\/en\/wp-json\/wp\/v2\/pages"}],"about":[{"href":"http:\/\/www.chirurgivision.com\/en\/wp-json\/wp\/v2\/types\/page"}],"author":[{"embeddable":true,"href":"http:\/\/www.chirurgivision.com\/en\/wp-json\/wp\/v2\/users\/5"}],"replies":[{"embeddable":true,"href":"http:\/\/www.chirurgivision.com\/en\/wp-json\/wp\/v2\/comments?post=4431"}],"version-history":[{"count":2,"href":"http:\/\/www.chirurgivision.com\/en\/wp-json\/wp\/v2\/pages\/4431\/revisions"}],"predecessor-version":[{"id":4433,"href":"http:\/\/www.chirurgivision.com\/en\/wp-json\/wp\/v2\/pages\/4431\/revisions\/4433"}],"wp:attachment":[{"href":"http:\/\/www.chirurgivision.com\/en\/wp-json\/wp\/v2\/media?parent=4431"}],"curies":[{"name":"wp","href":"https:\/\/api.w.org\/{rel}","templated":true}]}}