{"id":4275,"date":"2024-08-08T13:27:28","date_gmt":"2024-08-08T17:27:28","guid":{"rendered":"https:\/\/www.chirurgivision.com\/?page_id=4275"},"modified":"2024-08-08T13:27:43","modified_gmt":"2024-08-08T17:27:43","slug":"keratoconus-2","status":"publish","type":"page","link":"https:\/\/www.chirurgivision.com\/en\/the-eye-and-its-flaws\/keratoconus-2\/","title":{"rendered":"Keratoconus"},"content":{"rendered":"\n[et_pb_section fb_built=\u00a0\u00bb1&Prime; module_class=\u00a0\u00bbdefaut-titre-section\u00a0\u00bb _builder_version=\u00a0\u00bb4.21.0&Prime; _module_preset=\u00a0\u00bbdefault\u00a0\u00bb locked=\u00a0\u00bboff\u00a0\u00bb global_colors_info=\u00a0\u00bb{}\u00a0\u00bb][et_pb_row column_structure=\u00a0\u00bb2_5,3_5&Prime; _builder_version=\u00a0\u00bb4.21.0&Prime; _module_preset=\u00a0\u00bbdefault\u00a0\u00bb global_colors_info=\u00a0\u00bb{}\u00a0\u00bb][et_pb_column type=\u00a0\u00bb2_5&Prime; _builder_version=\u00a0\u00bb4.21.0&Prime; _module_preset=\u00a0\u00bbdefault\u00a0\u00bb global_colors_info=\u00a0\u00bb{}\u00a0\u00bb][et_pb_image src=\u00a0\u00bbhttp:\/\/www.chirurgivision.com\/wp-content\/uploads\/2024\/03\/keratocone.svg\u00a0\u00bb alt=\u00a0\u00bbPhoto d&rsquo;une \u0153il illustrant la maladie du k\u00e9ratoc\u00f4ne \u00a0\u00bb title_text=\u00a0\u00bbkeratocone\u00a0\u00bb _builder_version=\u00a0\u00bb4.24.0&Prime; _module_preset=\u00a0\u00bbdefault\u00a0\u00bb hover_enabled=\u00a0\u00bb0&Prime; global_colors_info=\u00a0\u00bb{}\u00a0\u00bb sticky_enabled=\u00a0\u00bb0&Prime;][\/et_pb_image][\/et_pb_column][et_pb_column type=\u00a0\u00bb3_5&Prime; _builder_version=\u00a0\u00bb4.21.0&Prime; _module_preset=\u00a0\u00bbdefault\u00a0\u00bb global_colors_info=\u00a0\u00bb{}\u00a0\u00bb][et_pb_post_title meta=\u00a0\u00bboff\u00a0\u00bb featured_image=\u00a0\u00bboff\u00a0\u00bb _builder_version=\u00a0\u00bb4.21.0&Prime; _module_preset=\u00a0\u00bbdefault\u00a0\u00bb global_colors_info=\u00a0\u00bb{}\u00a0\u00bb][\/et_pb_post_title][et_pb_text _builder_version=\u00a0\u00bb4.24.0&Prime; _module_preset=\u00a0\u00bbdefault\u00a0\u00bb global_colors_info=\u00a0\u00bb{}\u00a0\u00bb]<p>Le k\u00e9ratoc\u00f4ne est une maladie de l&rsquo;\u0153il caract\u00e9ris\u00e9e par une d\u00e9formation progressive de la structure de la corn\u00e9e, la partie transparente \u00e0 l&rsquo;avant de l&rsquo;\u0153il. La corn\u00e9e devient conique et irr\u00e9guli\u00e8re, perdant sa forme arrondie. La cause du k\u00e9ratoc\u00f4ne peut provenir de facteurs g\u00e9n\u00e9tiques et environnementaux, ainsi que du frottement excessif des yeux ou d&rsquo;une pression induite sur la corn\u00e9e.<\/p>\n<p>Cette maladie entra\u00eene une distorsion de la vision telle que la vision floue, une sensibilit\u00e9 accrue \u00e0 la lumi\u00e8re, une vision double ou d\u00e9form\u00e9e, des difficult\u00e9s \u00e0 voir la nuit et une augmentation de la prescription des lunettes ou lentilles corn\u00e9ennes.<\/p>\n<p>\u00c0 mesure que la maladie progresse, le port de lentilles corn\u00e9ennes rigides perm\u00e9ables au gaz devient souvent la seule option. Le k\u00e9ratoc\u00f4ne, \u00e9volutif et irr\u00e9versible, peut n\u00e9cessiter une k\u00e9ratoplastie (greffe de corn\u00e9e) en cas de stade avanc\u00e9.<\/p>\n<p>Dr Francis Roy a \u00e9t\u00e9 le premier chirurgien ophtalmologiste, en 2008, \u00e0 introduire au Canada le traitement de r\u00e9ticulation du collag\u00e8ne corn\u00e9en \u00ab\u00a0Corneal Collagen Cross-Linking\u00a0\u00bb (C3R) avec le syst\u00e8me Uvex pour les patients atteints de k\u00e9ratoc\u00f4ne ou d\u2019ectasie post-Lasik. Cette proc\u00e9dure renforce la rigidit\u00e9 corn\u00e9enne pour ralentir ou cesser la progression de la maladie.<\/p>\n<p>Le C3R offre la possibilit\u00e9 de freiner la d\u00e9formation corn\u00e9enne d\u00e8s le d\u00e9but de la maladie, facilitant la r\u00e9adaptation visuelle.<\/p>\n<p>Il est crucial de consulter un ophtalmologiste en pr\u00e9sence de sympt\u00f4mes de k\u00e9ratoc\u00f4ne afin de recevoir un diagnostic pr\u00e9cis et de discuter des options de traitement appropri\u00e9es.<\/p>[\/et_pb_text][\/et_pb_column][\/et_pb_row][\/et_pb_section][et_pb_section fb_built=\u00a0\u00bb1&Prime; module_class=\u00a0\u00bbtraitements-liste-section\u00a0\u00bb _builder_version=\u00a0\u00bb4.21.0&Prime; _module_preset=\u00a0\u00bbdefault\u00a0\u00bb locked=\u00a0\u00bboff\u00a0\u00bb global_colors_info=\u00a0\u00bb{}\u00a0\u00bb][et_pb_row column_structure=\u00a0\u00bb2_5,3_5&Prime; module_class=\u00a0\u00bbtraitements-liste-row\u00a0\u00bb _builder_version=\u00a0\u00bb4.21.0&Prime; _module_preset=\u00a0\u00bbdefault\u00a0\u00bb global_colors_info=\u00a0\u00bb{}\u00a0\u00bb][et_pb_column type=\u00a0\u00bb2_5&Prime; _builder_version=\u00a0\u00bb4.20.4&Prime; _module_preset=\u00a0\u00bbdefault\u00a0\u00bb global_colors_info=\u00a0\u00bb{}\u00a0\u00bb][et_pb_text _builder_version=\u00a0\u00bb4.21.0&Prime; _module_preset=\u00a0\u00bbdefault\u00a0\u00bb global_colors_info=\u00a0\u00bb{}\u00a0\u00bb]<h3>Traitements pour&nbsp;le k\u00e9ratoc\u00f4ne<\/h3>[\/et_pb_text][\/et_pb_column][et_pb_column type=\u00a0\u00bb3_5&Prime; _builder_version=\u00a0\u00bb4.20.4&Prime; _module_preset=\u00a0\u00bbdefault\u00a0\u00bb global_colors_info=\u00a0\u00bb{}\u00a0\u00bb][et_pb_code _builder_version=\u00a0\u00bb4.20.4&Prime; _module_preset=\u00a0\u00bbdefault\u00a0\u00bb global_colors_info=\u00a0\u00bb{}\u00a0\u00bb]<ul class=\"liste_page_relie\"><\/ul>[\/et_pb_code][\/et_pb_column][\/et_pb_row][\/et_pb_section][et_pb_section fb_built=\u00a0\u00bb1&Prime; module_class=\u00a0\u00bbsection-fw-textimg reverse\u00a0\u00bb _builder_version=\u00a0\u00bb4.21.0&Prime; _module_preset=\u00a0\u00bbdefault\u00a0\u00bb background_enable_color=\u00a0\u00bboff\u00a0\u00bb custom_padding=\u00a0\u00bb0px|0px|0px|0px|true|true\u00a0\u00bb global_module=\u00a0\u00bb638&Prime; saved_tabs=\u00a0\u00bball\u00a0\u00bb locked=\u00a0\u00bboff\u00a0\u00bb global_colors_info=\u00a0\u00bb{}\u00a0\u00bb][et_pb_row column_structure=\u00a0\u00bb1_2,1_2&Prime; make_equal=\u00a0\u00bbon\u00a0\u00bb custom_padding_last_edited=\u00a0\u00bbon|tablet\u00a0\u00bb module_class=\u00a0\u00bbbg-item bg-item__right bg-item__mobile-vertical bg-item-color-secondary-light\u00a0\u00bb _builder_version=\u00a0\u00bb4.21.0&Prime; _module_preset=\u00a0\u00bbdefault\u00a0\u00bb max_width=\u00a0\u00bb100%\u00a0\u00bb custom_padding=\u00a0\u00bb90px|0px|90px|0px|true|true\u00a0\u00bb custom_padding_tablet=\u00a0\u00bb60px||60px||true|true\u00a0\u00bb custom_padding_phone=\u00a0\u00bb60px||60px||true|true\u00a0\u00bb custom_css_main_element=\u00a0\u00bbalign-items:center;\u00a0\u00bb global_colors_info=\u00a0\u00bb{}\u00a0\u00bb][et_pb_column type=\u00a0\u00bb1_2&Prime; _builder_version=\u00a0\u00bb4.20.4&Prime; _module_preset=\u00a0\u00bbdefault\u00a0\u00bb background_enable_image=\u00a0\u00bboff\u00a0\u00bb global_colors_info=\u00a0\u00bb{}\u00a0\u00bb][et_pb_image src=\u00a0\u00bbhttps:\/\/www.chirurgivision.com\/wp-content\/uploads\/2023\/05\/ChirurgiVision-Rendez-vous-1.jpg\u00a0\u00bb alt=\u00a0\u00bbPhoto pour la prise de RDV\u00a0\u00bb title_text=\u00a0\u00bbChirurgiVision-Rendez-vous\u00a0\u00bb _builder_version=\u00a0\u00bb4.23.1&Prime; _module_preset=\u00a0\u00bbdefault\u00a0\u00bb global_colors_info=\u00a0\u00bb{}\u00a0\u00bb][\/et_pb_image][\/et_pb_column][et_pb_column type=\u00a0\u00bb1_2&Prime; _builder_version=\u00a0\u00bb4.20.4&Prime; _module_preset=\u00a0\u00bbdefault\u00a0\u00bb custom_padding=\u00a0\u00bb||||false|false\u00a0\u00bb custom_padding_tablet=\u00a0\u00bb||||false|false\u00a0\u00bb custom_padding_phone=\u00a0\u00bb||||false|false\u00a0\u00bb custom_padding_last_edited=\u00a0\u00bbon|desktop\u00a0\u00bb global_colors_info=\u00a0\u00bb{}\u00a0\u00bb][et_pb_text module_class=\u00a0\u00bbno-br-md\u00a0\u00bb _builder_version=\u00a0\u00bb4.21.0&Prime; _module_preset=\u00a0\u00bbdefault\u00a0\u00bb custom_margin=\u00a0\u00bb||15px||false|false\u00a0\u00bb global_colors_info=\u00a0\u00bb{}\u00a0\u00bb]<h2>Obtenez un\u00a0<br \/>rendez-vous<\/h2>[\/et_pb_text][et_pb_text _builder_version=\u00a0\u00bb4.24.0&Prime; _module_preset=\u00a0\u00bbdefault\u00a0\u00bb custom_margin=\u00a0\u00bb||15px||false|false\u00a0\u00bb global_colors_info=\u00a0\u00bb{}\u00a0\u00bb]<p>La Clinique ChirurgiVision collabore avec plus d\u2019une centaine d\u2019optom\u00e9tristes partenaires \u00e0 travers le Qu\u00e9bec! Prenez un rendez-vous avec notre \u00e9quipe d\u2019experts en chirurgie r\u00e9fractive et phacor\u00e9fractive. Faites de vos yeux votre priorit\u00e9! Consultez la <a href=\"https:\/\/www.chirurgivision.com\/a-propos\/optometristes-partenaires\/\">liste des optom\u00e9tristes<\/a> de votre r\u00e9gion ou contactez-nous d\u00e8s aujourd\u2019hui!<\/p>[\/et_pb_text][et_pb_button button_url=\u00a0\u00bb@ET-DC@eyJkeW5hbWljIjp0cnVlLCJjb250ZW50IjoicG9zdF9saW5rX3VybF9wYWdlIiwic2V0dGluZ3MiOnsicG9zdF9pZCI6IjQzMyJ9fQ==@\u00a0\u00bb button_text=\u00a0\u00bbNous joindre\u00a0\u00bb _builder_version=\u00a0\u00bb4.21.0&Prime; _dynamic_attributes=\u00a0\u00bbbutton_url\u00a0\u00bb _module_preset=\u00a0\u00bbdefault\u00a0\u00bb global_colors_info=\u00a0\u00bb{}\u00a0\u00bb][\/et_pb_button][\/et_pb_column][\/et_pb_row][\/et_pb_section]\n","protected":false},"excerpt":{"rendered":"<p>Le k\u00e9ratoc\u00f4ne est une maladie de l&rsquo;\u0153il caract\u00e9ris\u00e9e par une d\u00e9formation progressive de la structure de la corn\u00e9e, la partie transparente \u00e0 l&rsquo;avant de l&rsquo;\u0153il. La corn\u00e9e devient conique et irr\u00e9guli\u00e8re, perdant sa forme arrondie. La cause du k\u00e9ratoc\u00f4ne peut provenir de facteurs g\u00e9n\u00e9tiques et environnementaux, ainsi que du frottement excessif des yeux ou d&rsquo;une [&hellip;]<\/p>\n","protected":false},"author":5,"featured_media":0,"parent":4254,"menu_order":36,"comment_status":"closed","ping_status":"closed","template":"","meta":{"_acf_changed":false,"_et_pb_use_builder":"on","_et_pb_old_content":"<!-- wp:divi\/placeholder \/-->","_et_gb_content_width":"","protect_children":false,"footnotes":""},"class_list":["post-4275","page","type-page","status-publish","hentry"],"acf":[],"yoast_head":"<!-- This site is optimized with the Yoast SEO plugin v27.4 - https:\/\/yoast.com\/product\/yoast-seo-wordpress\/ -->\n<title>Keratoconus | ChirurgiVision<\/title>\n<meta name=\"description\" content=\"Le k\u00e9ratoc\u00f4ne est une maladie de l\u2019\u0153il qui affecte la forme et la structure de la corn\u00e9e, la partie transparente et bomb\u00e9e \u00e0 l\u2019avant de l\u2019\u0153il.\" \/>\n<meta name=\"robots\" content=\"index, follow, max-snippet:-1, max-image-preview:large, max-video-preview:-1\" \/>\n<link rel=\"canonical\" href=\"https:\/\/www.chirurgivision.com\/en\/the-eye-and-its-flaws\/keratoconus-2\/\" \/>\n<meta property=\"og:locale\" content=\"en_US\" \/>\n<meta property=\"og:type\" content=\"article\" \/>\n<meta property=\"og:title\" content=\"Keratoconus | ChirurgiVision\" \/>\n<meta property=\"og:description\" content=\"Le k\u00e9ratoc\u00f4ne est une maladie de l\u2019\u0153il qui affecte la forme et la structure de la corn\u00e9e, la partie transparente et bomb\u00e9e \u00e0 l\u2019avant de l\u2019\u0153il.\" \/>\n<meta property=\"og:url\" content=\"https:\/\/www.chirurgivision.com\/en\/the-eye-and-its-flaws\/keratoconus-2\/\" \/>\n<meta property=\"og:site_name\" content=\"ChirurgiVision\" \/>\n<meta property=\"article:publisher\" content=\"https:\/\/www.facebook.com\/chirurgivision\/\" \/>\n<meta property=\"article:modified_time\" content=\"2024-08-08T17:27:43+00:00\" \/>\n<meta property=\"og:image\" content=\"https:\/\/www.chirurgivision.com\/wp-content\/uploads\/2023\/08\/ChirurgiVision-Logo-Rouge-2.jpg\" \/>\n\t<meta property=\"og:image:width\" content=\"1200\" \/>\n\t<meta property=\"og:image:height\" content=\"678\" \/>\n\t<meta property=\"og:image:type\" content=\"image\/jpeg\" \/>\n<meta name=\"twitter:card\" content=\"summary_large_image\" \/>\n<meta name=\"twitter:label1\" content=\"Est. reading time\" \/>\n\t<meta name=\"twitter:data1\" content=\"2 minutes\" \/>\n<script type=\"application\/ld+json\" class=\"yoast-schema-graph\">{\"@context\":\"https:\\\/\\\/schema.org\",\"@graph\":[{\"@type\":\"WebPage\",\"@id\":\"https:\\\/\\\/www.chirurgivision.com\\\/en\\\/the-eye-and-its-flaws\\\/keratoconus-2\\\/\",\"url\":\"https:\\\/\\\/www.chirurgivision.com\\\/en\\\/the-eye-and-its-flaws\\\/keratoconus-2\\\/\",\"name\":\"Keratoconus | ChirurgiVision\",\"isPartOf\":{\"@id\":\"https:\\\/\\\/www.chirurgivision.com\\\/en\\\/#website\"},\"datePublished\":\"2024-08-08T17:27:28+00:00\",\"dateModified\":\"2024-08-08T17:27:43+00:00\",\"description\":\"Le k\u00e9ratoc\u00f4ne est une maladie de l\u2019\u0153il qui affecte la forme et la structure de la corn\u00e9e, la partie transparente et bomb\u00e9e \u00e0 l\u2019avant de l\u2019\u0153il.\",\"breadcrumb\":{\"@id\":\"https:\\\/\\\/www.chirurgivision.com\\\/en\\\/the-eye-and-its-flaws\\\/keratoconus-2\\\/#breadcrumb\"},\"inLanguage\":\"en-US\",\"potentialAction\":[{\"@type\":\"ReadAction\",\"target\":[\"https:\\\/\\\/www.chirurgivision.com\\\/en\\\/the-eye-and-its-flaws\\\/keratoconus-2\\\/\"]}]},{\"@type\":\"BreadcrumbList\",\"@id\":\"https:\\\/\\\/www.chirurgivision.com\\\/en\\\/the-eye-and-its-flaws\\\/keratoconus-2\\\/#breadcrumb\",\"itemListElement\":[{\"@type\":\"ListItem\",\"position\":1,\"name\":\"Home\",\"item\":\"https:\\\/\\\/www.chirurgivision.com\\\/en\\\/\"},{\"@type\":\"ListItem\",\"position\":2,\"name\":\"The eye and its flaws\",\"item\":\"https:\\\/\\\/www.chirurgivision.com\\\/en\\\/the-eye-and-its-flaws\\\/\"},{\"@type\":\"ListItem\",\"position\":3,\"name\":\"Keratoconus\"}]},{\"@type\":\"WebSite\",\"@id\":\"https:\\\/\\\/www.chirurgivision.com\\\/en\\\/#website\",\"url\":\"https:\\\/\\\/www.chirurgivision.com\\\/en\\\/\",\"name\":\"ChirurgiVision\",\"description\":\"We see your vision!\",\"publisher\":{\"@id\":\"https:\\\/\\\/www.chirurgivision.com\\\/en\\\/#organization\"},\"potentialAction\":[{\"@type\":\"SearchAction\",\"target\":{\"@type\":\"EntryPoint\",\"urlTemplate\":\"https:\\\/\\\/www.chirurgivision.com\\\/en\\\/?s={search_term_string}\"},\"query-input\":{\"@type\":\"PropertyValueSpecification\",\"valueRequired\":true,\"valueName\":\"search_term_string\"}}],\"inLanguage\":\"en-US\"},{\"@type\":\"Organization\",\"@id\":\"https:\\\/\\\/www.chirurgivision.com\\\/en\\\/#organization\",\"name\":\"ChirurgiVision\",\"url\":\"https:\\\/\\\/www.chirurgivision.com\\\/en\\\/\",\"logo\":{\"@type\":\"ImageObject\",\"inLanguage\":\"en-US\",\"@id\":\"https:\\\/\\\/www.chirurgivision.com\\\/en\\\/#\\\/schema\\\/logo\\\/image\\\/\",\"url\":\"https:\\\/\\\/www.chirurgivision.com\\\/wp-content\\\/uploads\\\/2023\\\/04\\\/logo_chirurgivision.png\",\"contentUrl\":\"https:\\\/\\\/www.chirurgivision.com\\\/wp-content\\\/uploads\\\/2023\\\/04\\\/logo_chirurgivision.png\",\"width\":235,\"height\":79,\"caption\":\"ChirurgiVision\"},\"image\":{\"@id\":\"https:\\\/\\\/www.chirurgivision.com\\\/en\\\/#\\\/schema\\\/logo\\\/image\\\/\"},\"sameAs\":[\"https:\\\/\\\/www.facebook.com\\\/chirurgivision\\\/\",\"https:\\\/\\\/www.instagram.com\\\/cliniquechirurgivision\\\/\",\"https:\\\/\\\/www.linkedin.com\\\/company\\\/chirurgi-vision\\\/\",\"https:\\\/\\\/www.youtube.com\\\/user\\\/DrFrancisRoy\\\/\"]}]}<\/script>\n<!-- \/ Yoast SEO plugin. -->","yoast_head_json":{"title":"Keratoconus | ChirurgiVision","description":"Le k\u00e9ratoc\u00f4ne est une maladie de l\u2019\u0153il qui affecte la forme et la structure de la corn\u00e9e, la partie transparente et bomb\u00e9e \u00e0 l\u2019avant de l\u2019\u0153il.","robots":{"index":"index","follow":"follow","max-snippet":"max-snippet:-1","max-image-preview":"max-image-preview:large","max-video-preview":"max-video-preview:-1"},"canonical":"https:\/\/www.chirurgivision.com\/en\/the-eye-and-its-flaws\/keratoconus-2\/","og_locale":"en_US","og_type":"article","og_title":"Keratoconus | ChirurgiVision","og_description":"Le k\u00e9ratoc\u00f4ne est une maladie de l\u2019\u0153il qui affecte la forme et la structure de la corn\u00e9e, la partie transparente et bomb\u00e9e \u00e0 l\u2019avant de l\u2019\u0153il.","og_url":"https:\/\/www.chirurgivision.com\/en\/the-eye-and-its-flaws\/keratoconus-2\/","og_site_name":"ChirurgiVision","article_publisher":"https:\/\/www.facebook.com\/chirurgivision\/","article_modified_time":"2024-08-08T17:27:43+00:00","og_image":[{"width":1200,"height":678,"url":"https:\/\/www.chirurgivision.com\/wp-content\/uploads\/2023\/08\/ChirurgiVision-Logo-Rouge-2.jpg","type":"image\/jpeg"}],"twitter_card":"summary_large_image","twitter_misc":{"Est. reading time":"2 minutes"},"schema":{"@context":"https:\/\/schema.org","@graph":[{"@type":"WebPage","@id":"https:\/\/www.chirurgivision.com\/en\/the-eye-and-its-flaws\/keratoconus-2\/","url":"https:\/\/www.chirurgivision.com\/en\/the-eye-and-its-flaws\/keratoconus-2\/","name":"Keratoconus | ChirurgiVision","isPartOf":{"@id":"https:\/\/www.chirurgivision.com\/en\/#website"},"datePublished":"2024-08-08T17:27:28+00:00","dateModified":"2024-08-08T17:27:43+00:00","description":"Le k\u00e9ratoc\u00f4ne est une maladie de l\u2019\u0153il qui affecte la forme et la structure de la corn\u00e9e, la partie transparente et bomb\u00e9e \u00e0 l\u2019avant de l\u2019\u0153il.","breadcrumb":{"@id":"https:\/\/www.chirurgivision.com\/en\/the-eye-and-its-flaws\/keratoconus-2\/#breadcrumb"},"inLanguage":"en-US","potentialAction":[{"@type":"ReadAction","target":["https:\/\/www.chirurgivision.com\/en\/the-eye-and-its-flaws\/keratoconus-2\/"]}]},{"@type":"BreadcrumbList","@id":"https:\/\/www.chirurgivision.com\/en\/the-eye-and-its-flaws\/keratoconus-2\/#breadcrumb","itemListElement":[{"@type":"ListItem","position":1,"name":"Home","item":"https:\/\/www.chirurgivision.com\/en\/"},{"@type":"ListItem","position":2,"name":"The eye and its flaws","item":"https:\/\/www.chirurgivision.com\/en\/the-eye-and-its-flaws\/"},{"@type":"ListItem","position":3,"name":"Keratoconus"}]},{"@type":"WebSite","@id":"https:\/\/www.chirurgivision.com\/en\/#website","url":"https:\/\/www.chirurgivision.com\/en\/","name":"ChirurgiVision","description":"We see your vision!","publisher":{"@id":"https:\/\/www.chirurgivision.com\/en\/#organization"},"potentialAction":[{"@type":"SearchAction","target":{"@type":"EntryPoint","urlTemplate":"https:\/\/www.chirurgivision.com\/en\/?s={search_term_string}"},"query-input":{"@type":"PropertyValueSpecification","valueRequired":true,"valueName":"search_term_string"}}],"inLanguage":"en-US"},{"@type":"Organization","@id":"https:\/\/www.chirurgivision.com\/en\/#organization","name":"ChirurgiVision","url":"https:\/\/www.chirurgivision.com\/en\/","logo":{"@type":"ImageObject","inLanguage":"en-US","@id":"https:\/\/www.chirurgivision.com\/en\/#\/schema\/logo\/image\/","url":"https:\/\/www.chirurgivision.com\/wp-content\/uploads\/2023\/04\/logo_chirurgivision.png","contentUrl":"https:\/\/www.chirurgivision.com\/wp-content\/uploads\/2023\/04\/logo_chirurgivision.png","width":235,"height":79,"caption":"ChirurgiVision"},"image":{"@id":"https:\/\/www.chirurgivision.com\/en\/#\/schema\/logo\/image\/"},"sameAs":["https:\/\/www.facebook.com\/chirurgivision\/","https:\/\/www.instagram.com\/cliniquechirurgivision\/","https:\/\/www.linkedin.com\/company\/chirurgi-vision\/","https:\/\/www.youtube.com\/user\/DrFrancisRoy\/"]}]}},"_links":{"self":[{"href":"https:\/\/www.chirurgivision.com\/en\/wp-json\/wp\/v2\/pages\/4275","targetHints":{"allow":["GET"]}}],"collection":[{"href":"https:\/\/www.chirurgivision.com\/en\/wp-json\/wp\/v2\/pages"}],"about":[{"href":"https:\/\/www.chirurgivision.com\/en\/wp-json\/wp\/v2\/types\/page"}],"author":[{"embeddable":true,"href":"https:\/\/www.chirurgivision.com\/en\/wp-json\/wp\/v2\/users\/5"}],"replies":[{"embeddable":true,"href":"https:\/\/www.chirurgivision.com\/en\/wp-json\/wp\/v2\/comments?post=4275"}],"version-history":[{"count":2,"href":"https:\/\/www.chirurgivision.com\/en\/wp-json\/wp\/v2\/pages\/4275\/revisions"}],"predecessor-version":[{"id":4277,"href":"https:\/\/www.chirurgivision.com\/en\/wp-json\/wp\/v2\/pages\/4275\/revisions\/4277"}],"up":[{"embeddable":true,"href":"https:\/\/www.chirurgivision.com\/en\/wp-json\/wp\/v2\/pages\/4254"}],"wp:attachment":[{"href":"https:\/\/www.chirurgivision.com\/en\/wp-json\/wp\/v2\/media?parent=4275"}],"curies":[{"name":"wp","href":"https:\/\/api.w.org\/{rel}","templated":true}]}}