{"id":4301,"date":"2024-08-08T13:47:03","date_gmt":"2024-08-08T17:47:03","guid":{"rendered":"https:\/\/www.chirurgivision.com\/?page_id=4301"},"modified":"2024-08-08T13:47:25","modified_gmt":"2024-08-08T17:47:25","slug":"prk-and-transprk","status":"publish","type":"page","link":"https:\/\/www.chirurgivision.com\/en\/surgeries-and-technologies\/prk-and-transprk\/","title":{"rendered":"PRK and TransPRK"},"content":{"rendered":"\n[et_pb_section fb_built=\u00a0\u00bb1&Prime; module_class=\u00a0\u00bbdefaut-titre-section pb-section\u00a0\u00bb _builder_version=\u00a0\u00bb4.21.0&Prime; _module_preset=\u00a0\u00bbdefault\u00a0\u00bb locked=\u00a0\u00bboff\u00a0\u00bb global_colors_info=\u00a0\u00bb{}\u00a0\u00bb][et_pb_row column_structure=\u00a0\u00bb2_5,3_5&Prime; _builder_version=\u00a0\u00bb4.21.0&Prime; _module_preset=\u00a0\u00bbdefault\u00a0\u00bb global_colors_info=\u00a0\u00bb{}\u00a0\u00bb][et_pb_column type=\u00a0\u00bb2_5&Prime; _builder_version=\u00a0\u00bb4.21.0&Prime; _module_preset=\u00a0\u00bbdefault\u00a0\u00bb global_colors_info=\u00a0\u00bb{}\u00a0\u00bb][et_pb_image src=\u00a0\u00bbhttps:\/\/www.chirurgivision.com\/wp-content\/uploads\/2023\/11\/ChirurgiVision-prk-et-transprk-1.jpg\u00a0\u00bb alt=\u00a0\u00bbPlan rapproch\u00e9 d&rsquo;un \u0153il entour\u00e9 d&rsquo;un rond de HUD\u00a0\u00bb title_text=\u00a0\u00bbChirurgiVision-prk-et-transprk\u00a0\u00bb _builder_version=\u00a0\u00bb4.23.1&Prime; _module_preset=\u00a0\u00bbdefault\u00a0\u00bb global_colors_info=\u00a0\u00bb{}\u00a0\u00bb][\/et_pb_image][\/et_pb_column][et_pb_column type=\u00a0\u00bb3_5&Prime; _builder_version=\u00a0\u00bb4.21.0&Prime; _module_preset=\u00a0\u00bbdefault\u00a0\u00bb global_colors_info=\u00a0\u00bb{}\u00a0\u00bb][et_pb_post_title meta=\u00a0\u00bboff\u00a0\u00bb featured_image=\u00a0\u00bboff\u00a0\u00bb _builder_version=\u00a0\u00bb4.21.0&Prime; _module_preset=\u00a0\u00bbdefault\u00a0\u00bb global_colors_info=\u00a0\u00bb{}\u00a0\u00bb][\/et_pb_post_title][et_pb_text _builder_version=\u00a0\u00bb4.27.0&Prime; _module_preset=\u00a0\u00bbdefault\u00a0\u00bb hover_enabled=\u00a0\u00bb0&Prime; global_colors_info=\u00a0\u00bb{}\u00a0\u00bb sticky_enabled=\u00a0\u00bb0&Prime;]<h2>PRK (PHOTOREFRACTIVE KERATECTOMY)<\/h2>\n<p>Le PRK est une technique qui utilise un laser Excimer pour \u00e9liminer la couche superficielle de la corn\u00e9e appel\u00e9e l&rsquo;\u00e9pith\u00e9lium. Il pourrait \u00eatre recommand\u00e9 pour certains patients pr\u00e9sentant une corn\u00e9e mince ou d\u00e9montrant certaines particularit\u00e9s et pour ceux chez qui le LASIK n&rsquo;est pas appropri\u00e9.<\/p>\n<p>Dans le cadre du PRK, le chirurgien retire manuellement l&rsquo;\u00e9pith\u00e9lium, ce qui expose le tissu corn\u00e9en sous-jacent. Par la suite, le laser Excimer SCHWIND <span>AMARIS\u00ae 750S<\/span> intervient avec pr\u00e9cision pour remodeler la surface de la corn\u00e9e afin d&rsquo;assurer un traitement rapide et pr\u00e9cis.<\/p>\n<p>Une fois le traitement termin\u00e9, il place une lentille corn\u00e9enne pansement sur l&rsquo;\u0153il pour faciliter la cicatrisation de l&rsquo;\u00e9pith\u00e9lium. G\u00e9n\u00e9ralement, le chirurgien retire la lentille corn\u00e9enne lors du rendez-vous postop\u00e9ratoire, apr\u00e8s 4-7 jours<span>.<\/span> La r\u00e9cup\u00e9ration visuelle apr\u00e8s un PRK est habituellement plus lente que d&rsquo;autres proc\u00e9dures r\u00e9fractives comme le LASIK ou la lentille phake. N\u00e9anmoins, la plupart des patients sont en mesure de reprendre leurs activit\u00e9s normales dans les 5-10 jours.<\/p>\n<p>Au cours des 3 \u00e0 4 premiers jours, le patient peut ressentir de la douleur, de l&rsquo;inconfort, des larmoiements et des picotements. Des analg\u00e9siques en gouttes sont efficaces pour soulager ces sympt\u00f4mes. Des gouttes ophtalmiques prescrites doivent \u00eatre appliqu\u00e9es pendant trois semaines. La vision peut varier au cours des premiers jours jusqu&rsquo;\u00e0 la stabilisation compl\u00e8te (en moyenne trois mois apr\u00e8s la chirurgie). L&rsquo;acuit\u00e9 visuelle peut \u00eatre difficile pendant la premi\u00e8re semaine. On recommande une convalescence d&rsquo;au moins sept jours en fonction du type d\u2019emploi.<\/p>[\/et_pb_text][\/et_pb_column][\/et_pb_row][\/et_pb_section][et_pb_section fb_built=\u00a0\u00bb1&Prime; _builder_version=\u00a0\u00bb4.21.0&Prime; _module_preset=\u00a0\u00bbdefault\u00a0\u00bb background_color=\u00a0\u00bb#FFF7EA\u00a0\u00bb global_colors_info=\u00a0\u00bb{}\u00a0\u00bb][et_pb_row make_equal=\u00a0\u00bbon\u00a0\u00bb custom_padding_last_edited=\u00a0\u00bboff|desktop\u00a0\u00bb _builder_version=\u00a0\u00bb4.21.0&Prime; _module_preset=\u00a0\u00bbdefault\u00a0\u00bb custom_padding=\u00a0\u00bb||||false|false\u00a0\u00bb custom_padding_tablet=\u00a0\u00bb||||false|false\u00a0\u00bb custom_padding_phone=\u00a0\u00bb||||false|false\u00a0\u00bb global_colors_info=\u00a0\u00bb{}\u00a0\u00bb][et_pb_column type=\u00a0\u00bb4_4&Prime; _builder_version=\u00a0\u00bb4.20.4&Prime; _module_preset=\u00a0\u00bbdefault\u00a0\u00bb custom_padding=\u00a0\u00bb||||false|false\u00a0\u00bb custom_padding_tablet=\u00a0\u00bb||||false|false\u00a0\u00bb custom_padding_phone=\u00a0\u00bb||||false|false\u00a0\u00bb custom_padding_last_edited=\u00a0\u00bbon|desktop\u00a0\u00bb global_colors_info=\u00a0\u00bb{}\u00a0\u00bb][et_pb_text _builder_version=\u00a0\u00bb4.25.1&Prime; _module_preset=\u00a0\u00bbdefault\u00a0\u00bb global_colors_info=\u00a0\u00bb{}\u00a0\u00bb]<h2>TransPRK (Trans Epithelial Photorefractive Keratectomy)<\/h2>\n<p>Le TransPRK est une proc\u00e9dure non-invasive, sans lame, qui n&rsquo;implique aucun contact avec la corn\u00e9e. Il ressemble au PRK traditionnel, mais exclut l&rsquo;\u00e9tape manuelle de retrait de l&rsquo;\u00e9pith\u00e9lium corn\u00e9en. Au lieu de cela, un laser est utilis\u00e9 pour retirer l&rsquo;\u00e9pith\u00e9lium et remodeler la corn\u00e9e en une seule \u00e9tape, r\u00e9duisant ainsi les risques de complications.<\/p>\n<p>La plate-forme SCHWIND <span>AMARIS\u00ae 750S<\/span> est la seule \u00e0 offrir ce type de traitement.<\/p>\n<p>Tout comme le PRK traditionnel, une lentille corn\u00e9enne pansement est plac\u00e9e sur l&rsquo;\u0153il. Elle sera retir\u00e9e lors du rendez-vous postop\u00e9ratoire, apr\u00e8s 4-5 jours et 7 jours pour<span> les personnes de 50 ans et plus.<\/span><\/p>\n<p>La convalescence sera la m\u00eame que le PRK traditionnel. Au cours des 3 \u00e0 4 premiers jours, le patient peut ressentir de la douleur, de l&rsquo;inconfort, des larmoiements et des picotements. Des analg\u00e9siques en gouttes sont efficaces pour soulager ces sympt\u00f4mes. Des gouttes ophtalmiques prescrites doivent \u00eatre appliqu\u00e9es pendant trois semaines. La vision peut varier au cours des premiers jours jusqu&rsquo;\u00e0 la stabilisation compl\u00e8te (en moyenne trois mois apr\u00e8s la chirurgie). L&rsquo;acuit\u00e9 visuelle peut \u00eatre difficile pendant la premi\u00e8re semaine. On recommande une convalescence d&rsquo;au moins sept jours en fonction du type d\u2019emploi.<\/p>[\/et_pb_text][\/et_pb_column][\/et_pb_row][\/et_pb_section][et_pb_section fb_built=\u00a0\u00bb1&Prime; module_class=\u00a0\u00bbtraitements-liste-section guide-patient-section mt-section\u00a0\u00bb _builder_version=\u00a0\u00bb4.23.1&Prime; _module_preset=\u00a0\u00bbdefault\u00a0\u00bb global_colors_info=\u00a0\u00bb{}\u00a0\u00bb][et_pb_row column_structure=\u00a0\u00bb1_2,1_2&Prime; module_class=\u00a0\u00bbtraitements-liste-row\u00a0\u00bb _builder_version=\u00a0\u00bb4.21.0&Prime; _module_preset=\u00a0\u00bbdefault\u00a0\u00bb global_colors_info=\u00a0\u00bb{}\u00a0\u00bb][et_pb_column type=\u00a0\u00bb1_2&Prime; _builder_version=\u00a0\u00bb4.20.4&Prime; _module_preset=\u00a0\u00bbdefault\u00a0\u00bb global_colors_info=\u00a0\u00bb{}\u00a0\u00bb][et_pb_text _builder_version=\u00a0\u00bb4.24.0&Prime; _module_preset=\u00a0\u00bbdefault\u00a0\u00bb global_colors_info=\u00a0\u00bb{}\u00a0\u00bb]<h3>Anomalies et maladies de l&rsquo;\u0153il<\/h3>[\/et_pb_text][et_pb_code _builder_version=\u00a0\u00bb4.21.0&Prime; _module_preset=\u00a0\u00bbdefault\u00a0\u00bb global_colors_info=\u00a0\u00bb{}\u00a0\u00bb]<ul class=\"liste_page_relie\"><\/ul>[\/et_pb_code][\/et_pb_column][et_pb_column type=\u00a0\u00bb1_2&Prime; _builder_version=\u00a0\u00bb4.20.4&Prime; _module_preset=\u00a0\u00bbdefault\u00a0\u00bb global_colors_info=\u00a0\u00bb{}\u00a0\u00bb][et_pb_text _builder_version=\u00a0\u00bb4.21.0&Prime; _module_preset=\u00a0\u00bbdefault\u00a0\u00bb background_layout=\u00a0\u00bbdark\u00a0\u00bb global_colors_info=\u00a0\u00bb{}\u00a0\u00bb]<h3>Guide du patient<\/h3>[\/et_pb_text][et_pb_button button_url=\u00a0\u00bbhttp:\/\/www.chirurgivision.com\/wp-content\/uploads\/2024\/02\/Guide_du_PatientLaser_Lentille_Intraoculaire_2024.pdf\u00a0\u00bb url_new_window=\u00a0\u00bbon\u00a0\u00bb button_text=\u00a0\u00bbT\u00e9l\u00e9charger\u00a0\u00bb _builder_version=\u00a0\u00bb4.24.0&Prime; _module_preset=\u00a0\u00bb4c74ad74-892d-49d3-a6cb-ea74da3c5700&Prime; locked=\u00a0\u00bboff\u00a0\u00bb global_colors_info=\u00a0\u00bb{}\u00a0\u00bb][\/et_pb_button][\/et_pb_column][\/et_pb_row][\/et_pb_section][et_pb_section fb_built=\u00a0\u00bb1&Prime; module_class=\u00a0\u00bbsection-fw-textimg reverse\u00a0\u00bb _builder_version=\u00a0\u00bb4.21.0&Prime; _module_preset=\u00a0\u00bbdefault\u00a0\u00bb background_enable_color=\u00a0\u00bboff\u00a0\u00bb custom_padding=\u00a0\u00bb0px|0px|0px|0px|true|true\u00a0\u00bb global_module=\u00a0\u00bb638&Prime; saved_tabs=\u00a0\u00bball\u00a0\u00bb locked=\u00a0\u00bboff\u00a0\u00bb global_colors_info=\u00a0\u00bb{}\u00a0\u00bb][et_pb_row column_structure=\u00a0\u00bb1_2,1_2&Prime; make_equal=\u00a0\u00bbon\u00a0\u00bb custom_padding_last_edited=\u00a0\u00bbon|tablet\u00a0\u00bb module_class=\u00a0\u00bbbg-item bg-item__right bg-item__mobile-vertical bg-item-color-secondary-light\u00a0\u00bb _builder_version=\u00a0\u00bb4.21.0&Prime; _module_preset=\u00a0\u00bbdefault\u00a0\u00bb max_width=\u00a0\u00bb100%\u00a0\u00bb custom_padding=\u00a0\u00bb90px|0px|90px|0px|true|true\u00a0\u00bb custom_padding_tablet=\u00a0\u00bb60px||60px||true|true\u00a0\u00bb custom_padding_phone=\u00a0\u00bb60px||60px||true|true\u00a0\u00bb custom_css_main_element=\u00a0\u00bbalign-items:center;\u00a0\u00bb global_colors_info=\u00a0\u00bb{}\u00a0\u00bb][et_pb_column type=\u00a0\u00bb1_2&Prime; _builder_version=\u00a0\u00bb4.20.4&Prime; _module_preset=\u00a0\u00bbdefault\u00a0\u00bb background_enable_image=\u00a0\u00bboff\u00a0\u00bb global_colors_info=\u00a0\u00bb{}\u00a0\u00bb][et_pb_image src=\u00a0\u00bbhttps:\/\/www.chirurgivision.com\/wp-content\/uploads\/2023\/05\/ChirurgiVision-Rendez-vous-1.jpg\u00a0\u00bb alt=\u00a0\u00bbPhoto pour la prise de RDV\u00a0\u00bb title_text=\u00a0\u00bbChirurgiVision-Rendez-vous\u00a0\u00bb _builder_version=\u00a0\u00bb4.23.1&Prime; _module_preset=\u00a0\u00bbdefault\u00a0\u00bb global_colors_info=\u00a0\u00bb{}\u00a0\u00bb][\/et_pb_image][\/et_pb_column][et_pb_column type=\u00a0\u00bb1_2&Prime; _builder_version=\u00a0\u00bb4.20.4&Prime; _module_preset=\u00a0\u00bbdefault\u00a0\u00bb custom_padding=\u00a0\u00bb||||false|false\u00a0\u00bb custom_padding_tablet=\u00a0\u00bb||||false|false\u00a0\u00bb custom_padding_phone=\u00a0\u00bb||||false|false\u00a0\u00bb custom_padding_last_edited=\u00a0\u00bbon|desktop\u00a0\u00bb global_colors_info=\u00a0\u00bb{}\u00a0\u00bb][et_pb_text module_class=\u00a0\u00bbno-br-md\u00a0\u00bb _builder_version=\u00a0\u00bb4.21.0&Prime; _module_preset=\u00a0\u00bbdefault\u00a0\u00bb custom_margin=\u00a0\u00bb||15px||false|false\u00a0\u00bb global_colors_info=\u00a0\u00bb{}\u00a0\u00bb]<h2>Obtenez un\u00a0<br \/>rendez-vous<\/h2>[\/et_pb_text][et_pb_text _builder_version=\u00a0\u00bb4.24.0&Prime; _module_preset=\u00a0\u00bbdefault\u00a0\u00bb custom_margin=\u00a0\u00bb||15px||false|false\u00a0\u00bb global_colors_info=\u00a0\u00bb{}\u00a0\u00bb]<p>La Clinique ChirurgiVision collabore avec plus d\u2019une centaine d\u2019optom\u00e9tristes partenaires \u00e0 travers le Qu\u00e9bec! Prenez un rendez-vous avec notre \u00e9quipe d\u2019experts en chirurgie r\u00e9fractive et phacor\u00e9fractive. Faites de vos yeux votre priorit\u00e9! Consultez la <a href=\"https:\/\/www.chirurgivision.com\/a-propos\/optometristes-partenaires\/\">liste des optom\u00e9tristes<\/a> de votre r\u00e9gion ou contactez-nous d\u00e8s aujourd\u2019hui!<\/p>[\/et_pb_text][et_pb_button button_url=\u00a0\u00bb@ET-DC@eyJkeW5hbWljIjp0cnVlLCJjb250ZW50IjoicG9zdF9saW5rX3VybF9wYWdlIiwic2V0dGluZ3MiOnsicG9zdF9pZCI6IjQzMyJ9fQ==@\u00a0\u00bb button_text=\u00a0\u00bbNous joindre\u00a0\u00bb _builder_version=\u00a0\u00bb4.21.0&Prime; _dynamic_attributes=\u00a0\u00bbbutton_url\u00a0\u00bb _module_preset=\u00a0\u00bbdefault\u00a0\u00bb global_colors_info=\u00a0\u00bb{}\u00a0\u00bb][\/et_pb_button][\/et_pb_column][\/et_pb_row][\/et_pb_section]\n","protected":false},"excerpt":{"rendered":"<p>PRK (PHOTOREFRACTIVE KERATECTOMY) Le PRK est une technique qui utilise un laser Excimer pour \u00e9liminer la couche superficielle de la corn\u00e9e appel\u00e9e l&rsquo;\u00e9pith\u00e9lium. Il pourrait \u00eatre recommand\u00e9 pour certains patients pr\u00e9sentant une corn\u00e9e mince ou d\u00e9montrant certaines particularit\u00e9s et pour ceux chez qui le LASIK n&rsquo;est pas appropri\u00e9. Dans le cadre du PRK, le chirurgien [&hellip;]<\/p>\n","protected":false},"author":5,"featured_media":0,"parent":4295,"menu_order":31,"comment_status":"closed","ping_status":"closed","template":"","meta":{"_acf_changed":false,"_et_pb_use_builder":"on","_et_pb_old_content":"","_et_gb_content_width":"","protect_children":false,"footnotes":""},"class_list":["post-4301","page","type-page","status-publish","hentry"],"acf":[],"yoast_head":"<!-- This site is optimized with the Yoast SEO plugin v27.5 - https:\/\/yoast.com\/product\/yoast-seo-wordpress\/ -->\n<title>PRK and TransPRK | ChirurgiVision<\/title>\n<meta name=\"description\" content=\"Le PRK est une technique qui implique l\u2019\u00e9limination de la couche superficielle de la corn\u00e9e \u00e0 l\u2019aide d\u2019un laser Excimer.\" \/>\n<meta name=\"robots\" content=\"index, follow, max-snippet:-1, max-image-preview:large, max-video-preview:-1\" \/>\n<link rel=\"canonical\" href=\"https:\/\/www.chirurgivision.com\/en\/surgeries-and-technologies\/prk-and-transprk\/\" \/>\n<meta property=\"og:locale\" content=\"en_US\" \/>\n<meta property=\"og:type\" content=\"article\" \/>\n<meta property=\"og:title\" content=\"PRK and TransPRK | ChirurgiVision\" \/>\n<meta property=\"og:description\" content=\"Le PRK est une technique qui implique l\u2019\u00e9limination de la couche superficielle de la corn\u00e9e \u00e0 l\u2019aide d\u2019un laser Excimer.\" \/>\n<meta property=\"og:url\" content=\"https:\/\/www.chirurgivision.com\/en\/surgeries-and-technologies\/prk-and-transprk\/\" \/>\n<meta property=\"og:site_name\" content=\"ChirurgiVision\" \/>\n<meta property=\"article:publisher\" content=\"https:\/\/www.facebook.com\/chirurgivision\/\" \/>\n<meta property=\"article:modified_time\" content=\"2024-08-08T17:47:25+00:00\" \/>\n<meta property=\"og:image\" content=\"https:\/\/www.chirurgivision.com\/wp-content\/uploads\/2023\/08\/ChirurgiVision-Logo-Rouge-2.jpg\" \/>\n\t<meta property=\"og:image:width\" content=\"1200\" \/>\n\t<meta property=\"og:image:height\" content=\"678\" \/>\n\t<meta property=\"og:image:type\" content=\"image\/jpeg\" \/>\n<meta name=\"twitter:card\" content=\"summary_large_image\" \/>\n<meta name=\"twitter:label1\" content=\"Est. reading time\" \/>\n\t<meta name=\"twitter:data1\" content=\"3 minutes\" \/>\n<script type=\"application\/ld+json\" class=\"yoast-schema-graph\">{\"@context\":\"https:\\\/\\\/schema.org\",\"@graph\":[{\"@type\":\"WebPage\",\"@id\":\"https:\\\/\\\/www.chirurgivision.com\\\/en\\\/surgeries-and-technologies\\\/prk-and-transprk\\\/\",\"url\":\"https:\\\/\\\/www.chirurgivision.com\\\/en\\\/surgeries-and-technologies\\\/prk-and-transprk\\\/\",\"name\":\"PRK and TransPRK | ChirurgiVision\",\"isPartOf\":{\"@id\":\"https:\\\/\\\/www.chirurgivision.com\\\/en\\\/#website\"},\"datePublished\":\"2024-08-08T17:47:03+00:00\",\"dateModified\":\"2024-08-08T17:47:25+00:00\",\"description\":\"Le PRK est une technique qui implique l\u2019\u00e9limination de la couche superficielle de la corn\u00e9e \u00e0 l\u2019aide d\u2019un laser Excimer.\",\"breadcrumb\":{\"@id\":\"https:\\\/\\\/www.chirurgivision.com\\\/en\\\/surgeries-and-technologies\\\/prk-and-transprk\\\/#breadcrumb\"},\"inLanguage\":\"en-US\",\"potentialAction\":[{\"@type\":\"ReadAction\",\"target\":[\"https:\\\/\\\/www.chirurgivision.com\\\/en\\\/surgeries-and-technologies\\\/prk-and-transprk\\\/\"]}]},{\"@type\":\"BreadcrumbList\",\"@id\":\"https:\\\/\\\/www.chirurgivision.com\\\/en\\\/surgeries-and-technologies\\\/prk-and-transprk\\\/#breadcrumb\",\"itemListElement\":[{\"@type\":\"ListItem\",\"position\":1,\"name\":\"Home\",\"item\":\"https:\\\/\\\/www.chirurgivision.com\\\/en\\\/\"},{\"@type\":\"ListItem\",\"position\":2,\"name\":\"Surgeries and technologies\",\"item\":\"https:\\\/\\\/www.chirurgivision.com\\\/en\\\/surgeries-and-technologies\\\/\"},{\"@type\":\"ListItem\",\"position\":3,\"name\":\"PRK and TransPRK\"}]},{\"@type\":\"WebSite\",\"@id\":\"https:\\\/\\\/www.chirurgivision.com\\\/en\\\/#website\",\"url\":\"https:\\\/\\\/www.chirurgivision.com\\\/en\\\/\",\"name\":\"ChirurgiVision\",\"description\":\"We see your vision!\",\"publisher\":{\"@id\":\"https:\\\/\\\/www.chirurgivision.com\\\/en\\\/#organization\"},\"potentialAction\":[{\"@type\":\"SearchAction\",\"target\":{\"@type\":\"EntryPoint\",\"urlTemplate\":\"https:\\\/\\\/www.chirurgivision.com\\\/en\\\/?s={search_term_string}\"},\"query-input\":{\"@type\":\"PropertyValueSpecification\",\"valueRequired\":true,\"valueName\":\"search_term_string\"}}],\"inLanguage\":\"en-US\"},{\"@type\":\"Organization\",\"@id\":\"https:\\\/\\\/www.chirurgivision.com\\\/en\\\/#organization\",\"name\":\"ChirurgiVision\",\"url\":\"https:\\\/\\\/www.chirurgivision.com\\\/en\\\/\",\"logo\":{\"@type\":\"ImageObject\",\"inLanguage\":\"en-US\",\"@id\":\"https:\\\/\\\/www.chirurgivision.com\\\/en\\\/#\\\/schema\\\/logo\\\/image\\\/\",\"url\":\"https:\\\/\\\/www.chirurgivision.com\\\/wp-content\\\/uploads\\\/2023\\\/04\\\/logo_chirurgivision.png\",\"contentUrl\":\"https:\\\/\\\/www.chirurgivision.com\\\/wp-content\\\/uploads\\\/2023\\\/04\\\/logo_chirurgivision.png\",\"width\":235,\"height\":79,\"caption\":\"ChirurgiVision\"},\"image\":{\"@id\":\"https:\\\/\\\/www.chirurgivision.com\\\/en\\\/#\\\/schema\\\/logo\\\/image\\\/\"},\"sameAs\":[\"https:\\\/\\\/www.facebook.com\\\/chirurgivision\\\/\",\"https:\\\/\\\/www.instagram.com\\\/cliniquechirurgivision\\\/\",\"https:\\\/\\\/www.linkedin.com\\\/company\\\/chirurgi-vision\\\/\",\"https:\\\/\\\/www.youtube.com\\\/user\\\/DrFrancisRoy\\\/\"]}]}<\/script>\n<!-- \/ Yoast SEO plugin. -->","yoast_head_json":{"title":"PRK and TransPRK | ChirurgiVision","description":"Le PRK est une technique qui implique l\u2019\u00e9limination de la couche superficielle de la corn\u00e9e \u00e0 l\u2019aide d\u2019un laser Excimer.","robots":{"index":"index","follow":"follow","max-snippet":"max-snippet:-1","max-image-preview":"max-image-preview:large","max-video-preview":"max-video-preview:-1"},"canonical":"https:\/\/www.chirurgivision.com\/en\/surgeries-and-technologies\/prk-and-transprk\/","og_locale":"en_US","og_type":"article","og_title":"PRK and TransPRK | ChirurgiVision","og_description":"Le PRK est une technique qui implique l\u2019\u00e9limination de la couche superficielle de la corn\u00e9e \u00e0 l\u2019aide d\u2019un laser Excimer.","og_url":"https:\/\/www.chirurgivision.com\/en\/surgeries-and-technologies\/prk-and-transprk\/","og_site_name":"ChirurgiVision","article_publisher":"https:\/\/www.facebook.com\/chirurgivision\/","article_modified_time":"2024-08-08T17:47:25+00:00","og_image":[{"width":1200,"height":678,"url":"https:\/\/www.chirurgivision.com\/wp-content\/uploads\/2023\/08\/ChirurgiVision-Logo-Rouge-2.jpg","type":"image\/jpeg"}],"twitter_card":"summary_large_image","twitter_misc":{"Est. reading time":"3 minutes"},"schema":{"@context":"https:\/\/schema.org","@graph":[{"@type":"WebPage","@id":"https:\/\/www.chirurgivision.com\/en\/surgeries-and-technologies\/prk-and-transprk\/","url":"https:\/\/www.chirurgivision.com\/en\/surgeries-and-technologies\/prk-and-transprk\/","name":"PRK and TransPRK | ChirurgiVision","isPartOf":{"@id":"https:\/\/www.chirurgivision.com\/en\/#website"},"datePublished":"2024-08-08T17:47:03+00:00","dateModified":"2024-08-08T17:47:25+00:00","description":"Le PRK est une technique qui implique l\u2019\u00e9limination de la couche superficielle de la corn\u00e9e \u00e0 l\u2019aide d\u2019un laser Excimer.","breadcrumb":{"@id":"https:\/\/www.chirurgivision.com\/en\/surgeries-and-technologies\/prk-and-transprk\/#breadcrumb"},"inLanguage":"en-US","potentialAction":[{"@type":"ReadAction","target":["https:\/\/www.chirurgivision.com\/en\/surgeries-and-technologies\/prk-and-transprk\/"]}]},{"@type":"BreadcrumbList","@id":"https:\/\/www.chirurgivision.com\/en\/surgeries-and-technologies\/prk-and-transprk\/#breadcrumb","itemListElement":[{"@type":"ListItem","position":1,"name":"Home","item":"https:\/\/www.chirurgivision.com\/en\/"},{"@type":"ListItem","position":2,"name":"Surgeries and technologies","item":"https:\/\/www.chirurgivision.com\/en\/surgeries-and-technologies\/"},{"@type":"ListItem","position":3,"name":"PRK and TransPRK"}]},{"@type":"WebSite","@id":"https:\/\/www.chirurgivision.com\/en\/#website","url":"https:\/\/www.chirurgivision.com\/en\/","name":"ChirurgiVision","description":"We see your vision!","publisher":{"@id":"https:\/\/www.chirurgivision.com\/en\/#organization"},"potentialAction":[{"@type":"SearchAction","target":{"@type":"EntryPoint","urlTemplate":"https:\/\/www.chirurgivision.com\/en\/?s={search_term_string}"},"query-input":{"@type":"PropertyValueSpecification","valueRequired":true,"valueName":"search_term_string"}}],"inLanguage":"en-US"},{"@type":"Organization","@id":"https:\/\/www.chirurgivision.com\/en\/#organization","name":"ChirurgiVision","url":"https:\/\/www.chirurgivision.com\/en\/","logo":{"@type":"ImageObject","inLanguage":"en-US","@id":"https:\/\/www.chirurgivision.com\/en\/#\/schema\/logo\/image\/","url":"https:\/\/www.chirurgivision.com\/wp-content\/uploads\/2023\/04\/logo_chirurgivision.png","contentUrl":"https:\/\/www.chirurgivision.com\/wp-content\/uploads\/2023\/04\/logo_chirurgivision.png","width":235,"height":79,"caption":"ChirurgiVision"},"image":{"@id":"https:\/\/www.chirurgivision.com\/en\/#\/schema\/logo\/image\/"},"sameAs":["https:\/\/www.facebook.com\/chirurgivision\/","https:\/\/www.instagram.com\/cliniquechirurgivision\/","https:\/\/www.linkedin.com\/company\/chirurgi-vision\/","https:\/\/www.youtube.com\/user\/DrFrancisRoy\/"]}]}},"_links":{"self":[{"href":"https:\/\/www.chirurgivision.com\/en\/wp-json\/wp\/v2\/pages\/4301","targetHints":{"allow":["GET"]}}],"collection":[{"href":"https:\/\/www.chirurgivision.com\/en\/wp-json\/wp\/v2\/pages"}],"about":[{"href":"https:\/\/www.chirurgivision.com\/en\/wp-json\/wp\/v2\/types\/page"}],"author":[{"embeddable":true,"href":"https:\/\/www.chirurgivision.com\/en\/wp-json\/wp\/v2\/users\/5"}],"replies":[{"embeddable":true,"href":"https:\/\/www.chirurgivision.com\/en\/wp-json\/wp\/v2\/comments?post=4301"}],"version-history":[{"count":2,"href":"https:\/\/www.chirurgivision.com\/en\/wp-json\/wp\/v2\/pages\/4301\/revisions"}],"predecessor-version":[{"id":4303,"href":"https:\/\/www.chirurgivision.com\/en\/wp-json\/wp\/v2\/pages\/4301\/revisions\/4303"}],"up":[{"embeddable":true,"href":"https:\/\/www.chirurgivision.com\/en\/wp-json\/wp\/v2\/pages\/4295"}],"wp:attachment":[{"href":"https:\/\/www.chirurgivision.com\/en\/wp-json\/wp\/v2\/media?parent=4301"}],"curies":[{"name":"wp","href":"https:\/\/api.w.org\/{rel}","templated":true}]}}