{"id":4310,"date":"2024-08-08T14:02:12","date_gmt":"2024-08-08T18:02:12","guid":{"rendered":"https:\/\/www.chirurgivision.com\/?page_id=4310"},"modified":"2024-08-08T14:02:38","modified_gmt":"2024-08-08T18:02:38","slug":"corneal-collagen-cross-linking-c3r","status":"publish","type":"page","link":"https:\/\/www.chirurgivision.com\/en\/surgeries-and-technologies\/corneal-collagen-cross-linking-c3r\/","title":{"rendered":"Corneal collagen cross-linking (C3R)"},"content":{"rendered":"\n[et_pb_section fb_built=\u00a0\u00bb1&Prime; module_class=\u00a0\u00bbdefaut-titre-section pb-section\u00a0\u00bb _builder_version=\u00a0\u00bb4.21.0&Prime; _module_preset=\u00a0\u00bbdefault\u00a0\u00bb locked=\u00a0\u00bboff\u00a0\u00bb global_colors_info=\u00a0\u00bb{}\u00a0\u00bb][et_pb_row column_structure=\u00a0\u00bb2_5,3_5&Prime; _builder_version=\u00a0\u00bb4.21.0&Prime; _module_preset=\u00a0\u00bbdefault\u00a0\u00bb custom_padding=\u00a0\u00bb||0px|||\u00a0\u00bb global_colors_info=\u00a0\u00bb{}\u00a0\u00bb][et_pb_column type=\u00a0\u00bb2_5&Prime; _builder_version=\u00a0\u00bb4.21.0&Prime; _module_preset=\u00a0\u00bbdefault\u00a0\u00bb global_colors_info=\u00a0\u00bb{}\u00a0\u00bb][et_pb_image src=\u00a0\u00bbhttps:\/\/www.chirurgivision.com\/wp-content\/uploads\/2023\/12\/ChirurgiVision-C3R-1.jpg\u00a0\u00bb alt=\u00a0\u00bbPatient ayant recours au C3R\u00a0\u00bb title_text=\u00a0\u00bbChirurgiVision-C3R\u00a0\u00bb _builder_version=\u00a0\u00bb4.23.1&Prime; _module_preset=\u00a0\u00bbdefault\u00a0\u00bb global_colors_info=\u00a0\u00bb{}\u00a0\u00bb][\/et_pb_image][\/et_pb_column][et_pb_column type=\u00a0\u00bb3_5&Prime; _builder_version=\u00a0\u00bb4.21.0&Prime; _module_preset=\u00a0\u00bbdefault\u00a0\u00bb global_colors_info=\u00a0\u00bb{}\u00a0\u00bb][et_pb_post_title meta=\u00a0\u00bboff\u00a0\u00bb featured_image=\u00a0\u00bboff\u00a0\u00bb _builder_version=\u00a0\u00bb4.21.0&Prime; _module_preset=\u00a0\u00bbdefault\u00a0\u00bb global_colors_info=\u00a0\u00bb{}\u00a0\u00bb][\/et_pb_post_title][et_pb_text _builder_version=\u00a0\u00bb4.24.0&Prime; _module_preset=\u00a0\u00bbdefault\u00a0\u00bb hover_enabled=\u00a0\u00bb0&Prime; global_colors_info=\u00a0\u00bb{}\u00a0\u00bb sticky_enabled=\u00a0\u00bb0&Prime;]<p>Cette nouvelle technique utilis\u00e9e pour traiter les ectasies corn\u00e9ennes, telles que le <strong>k\u00e9ratoc\u00f4ne,<\/strong> vise \u00e0 ralentir la progression de la maladie. Le traitement de r\u00e9ticulation du collag\u00e8ne corn\u00e9en \u00ab Corneal Collagen Cross-Linking \u00bb (C3R) peut \u00eatre associ\u00e9 \u00e0 un traitement au laser Excimer par k\u00e9ratectomie photor\u00e9fractive (PRK).<\/p>\n<p>Pionnier de cette technique au Canada depuis 2008, Dr Francis Roy pratique le <strong>C3R<\/strong> avec le syst\u00e8me UVEX, le premier syst\u00e8me approuv\u00e9 par Sant\u00e9 Canada. Cette avanc\u00e9e technologique repr\u00e9sente une approche novatrice pour corriger le k\u00e9ratoc\u00f4ne en renfor\u00e7ant la r\u00e9sistance m\u00e9canique du tissu corn\u00e9en et en pr\u00e9venant toute d\u00e9formation corn\u00e9enne ult\u00e9rieure. Il s&rsquo;agit du seul traitement scientifiquement prouv\u00e9 pour freiner la progression du k\u00e9ratoc\u00f4ne.<\/p>\n<p>La proc\u00e9dure repose sur la polym\u00e9risation biochimique de la corn\u00e9e, une int\u00e9raction entre la riboflavine (vitamine B2) appliqu\u00e9e sur la corn\u00e9e et activ\u00e9e par une faible lumi\u00e8re ultraviolette, rendant ainsi le tissu plus rigide pour ralentir la d\u00e9formation progressive.<\/p>\n<p>Au fil du temps, cette r\u00e9action r\u00e9tablit et renforce les liaisons de la corn\u00e9e. Ces liaisons naturelles sont essentielles pour maintenir la stabilit\u00e9 de la structure corn\u00e9enne, pr\u00e9venant ainsi les irr\u00e9gularit\u00e9s importantes de la corn\u00e9e responsables du k\u00e9ratoc\u00f4ne avanc\u00e9.<\/p>[\/et_pb_text][\/et_pb_column][\/et_pb_row][\/et_pb_section][et_pb_section fb_built=\u00a0\u00bb1&Prime; module_class=\u00a0\u00bbbg-secondary\u00a0\u00bb _builder_version=\u00a0\u00bb4.21.0&Prime; _module_preset=\u00a0\u00bbdefault\u00a0\u00bb background_enable_color=\u00a0\u00bboff\u00a0\u00bb global_colors_info=\u00a0\u00bb{}\u00a0\u00bb][et_pb_row column_structure=\u00a0\u00bb1_2,1_2&Prime; make_equal=\u00a0\u00bbon\u00a0\u00bb custom_padding_last_edited=\u00a0\u00bboff|desktop\u00a0\u00bb _builder_version=\u00a0\u00bb4.21.0&Prime; _module_preset=\u00a0\u00bbdefault\u00a0\u00bb custom_padding=\u00a0\u00bb||||false|false\u00a0\u00bb custom_padding_tablet=\u00a0\u00bb||||false|false\u00a0\u00bb custom_padding_phone=\u00a0\u00bb||||false|false\u00a0\u00bb global_colors_info=\u00a0\u00bb{}\u00a0\u00bb][et_pb_column type=\u00a0\u00bb1_2&Prime; _builder_version=\u00a0\u00bb4.20.4&Prime; _module_preset=\u00a0\u00bbdefault\u00a0\u00bb custom_padding=\u00a0\u00bb||||false|false\u00a0\u00bb custom_padding_tablet=\u00a0\u00bb||||false|false\u00a0\u00bb custom_padding_phone=\u00a0\u00bb||||false|false\u00a0\u00bb custom_padding_last_edited=\u00a0\u00bbon|desktop\u00a0\u00bb global_colors_info=\u00a0\u00bb{}\u00a0\u00bb][et_pb_text _builder_version=\u00a0\u00bb4.23.1&Prime; _module_preset=\u00a0\u00bbdefault\u00a0\u00bb global_colors_info=\u00a0\u00bb{}\u00a0\u00bb]<h3>Technique<\/h3>\n<ul>\n<li>Retrait de l&rsquo;\u00e9pith\u00e9lium et des irr\u00e9gularit\u00e9s de la corn\u00e9e gr\u00e2ce \u00e0 la technique\u00a0<strong>TransPRK<\/strong>;<\/li>\n<li>Application de gouttes de riboflavine pendant 4 minutes;<\/li>\n<li>Application de rayons UV-A pendant 10 minutes;<\/li>\n<li>Application d&rsquo;un verre de contact (pansement) pendant 5 jours.<\/li>\n<\/ul>[\/et_pb_text][\/et_pb_column][et_pb_column type=\u00a0\u00bb1_2&Prime; _builder_version=\u00a0\u00bb4.20.4&Prime; _module_preset=\u00a0\u00bbdefault\u00a0\u00bb custom_padding=\u00a0\u00bb||||false|false\u00a0\u00bb custom_padding_tablet=\u00a0\u00bb||||false|false\u00a0\u00bb custom_padding_phone=\u00a0\u00bb||||false|false\u00a0\u00bb custom_padding_last_edited=\u00a0\u00bbon|desktop\u00a0\u00bb global_colors_info=\u00a0\u00bb{}\u00a0\u00bb][et_pb_text _builder_version=\u00a0\u00bb4.24.0&Prime; _module_preset=\u00a0\u00bbdefault\u00a0\u00bb hover_enabled=\u00a0\u00bb0&Prime; global_colors_info=\u00a0\u00bb{}\u00a0\u00bb sticky_enabled=\u00a0\u00bb0&Prime;]<h3>R\u00e9sultats<\/h3>\n<p>Cette technique se veut th\u00e9rapeutique car elle vise \u00e0 traiter une maladie de la corn\u00e9e. Son but est d\u2019augmenter la stabilit\u00e9 de la corn\u00e9e et d\u2019am\u00e9liorer la qualit\u00e9 de la vision avec le laser <span>SCHWIND\u00a0<\/span><span>AMARIS\u00ae 750S<\/span> en traitant les irr\u00e9gularit\u00e9s engendr\u00e9es par la d\u00e9formation corn\u00e9enne. En aucun cas cette technique ne devrait \u00eatre consid\u00e9r\u00e9e comme une chirurgie r\u00e9fractive visant \u00e0 \u00e9liminer la n\u00e9cessit\u00e9 de porter des lunettes.<\/p>[\/et_pb_text][\/et_pb_column][\/et_pb_row][\/et_pb_section][et_pb_section fb_built=\u00a0\u00bb1&Prime; module_class=\u00a0\u00bbsection-fw-textimg reverse\u00a0\u00bb _builder_version=\u00a0\u00bb4.21.0&Prime; _module_preset=\u00a0\u00bbdefault\u00a0\u00bb background_enable_color=\u00a0\u00bboff\u00a0\u00bb custom_padding=\u00a0\u00bb0px|0px|0px|0px|true|true\u00a0\u00bb global_module=\u00a0\u00bb638&Prime; saved_tabs=\u00a0\u00bball\u00a0\u00bb locked=\u00a0\u00bboff\u00a0\u00bb global_colors_info=\u00a0\u00bb{}\u00a0\u00bb][et_pb_row column_structure=\u00a0\u00bb1_2,1_2&Prime; make_equal=\u00a0\u00bbon\u00a0\u00bb custom_padding_last_edited=\u00a0\u00bbon|tablet\u00a0\u00bb module_class=\u00a0\u00bbbg-item bg-item__right bg-item__mobile-vertical bg-item-color-secondary-light\u00a0\u00bb _builder_version=\u00a0\u00bb4.21.0&Prime; _module_preset=\u00a0\u00bbdefault\u00a0\u00bb max_width=\u00a0\u00bb100%\u00a0\u00bb custom_padding=\u00a0\u00bb90px|0px|90px|0px|true|true\u00a0\u00bb custom_padding_tablet=\u00a0\u00bb60px||60px||true|true\u00a0\u00bb custom_padding_phone=\u00a0\u00bb60px||60px||true|true\u00a0\u00bb custom_css_main_element=\u00a0\u00bbalign-items:center;\u00a0\u00bb global_colors_info=\u00a0\u00bb{}\u00a0\u00bb][et_pb_column type=\u00a0\u00bb1_2&Prime; _builder_version=\u00a0\u00bb4.20.4&Prime; _module_preset=\u00a0\u00bbdefault\u00a0\u00bb background_enable_image=\u00a0\u00bboff\u00a0\u00bb global_colors_info=\u00a0\u00bb{}\u00a0\u00bb][et_pb_image src=\u00a0\u00bbhttps:\/\/www.chirurgivision.com\/wp-content\/uploads\/2023\/05\/ChirurgiVision-Rendez-vous-1.jpg\u00a0\u00bb alt=\u00a0\u00bbPhoto pour la prise de RDV\u00a0\u00bb title_text=\u00a0\u00bbChirurgiVision-Rendez-vous\u00a0\u00bb _builder_version=\u00a0\u00bb4.23.1&Prime; _module_preset=\u00a0\u00bbdefault\u00a0\u00bb global_colors_info=\u00a0\u00bb{}\u00a0\u00bb][\/et_pb_image][\/et_pb_column][et_pb_column type=\u00a0\u00bb1_2&Prime; _builder_version=\u00a0\u00bb4.20.4&Prime; _module_preset=\u00a0\u00bbdefault\u00a0\u00bb custom_padding=\u00a0\u00bb||||false|false\u00a0\u00bb custom_padding_tablet=\u00a0\u00bb||||false|false\u00a0\u00bb custom_padding_phone=\u00a0\u00bb||||false|false\u00a0\u00bb custom_padding_last_edited=\u00a0\u00bbon|desktop\u00a0\u00bb global_colors_info=\u00a0\u00bb{}\u00a0\u00bb][et_pb_text module_class=\u00a0\u00bbno-br-md\u00a0\u00bb _builder_version=\u00a0\u00bb4.21.0&Prime; _module_preset=\u00a0\u00bbdefault\u00a0\u00bb custom_margin=\u00a0\u00bb||15px||false|false\u00a0\u00bb global_colors_info=\u00a0\u00bb{}\u00a0\u00bb]<h2>Obtenez un\u00a0<br \/>rendez-vous<\/h2>[\/et_pb_text][et_pb_text _builder_version=\u00a0\u00bb4.24.0&Prime; _module_preset=\u00a0\u00bbdefault\u00a0\u00bb custom_margin=\u00a0\u00bb||15px||false|false\u00a0\u00bb global_colors_info=\u00a0\u00bb{}\u00a0\u00bb]<p>La Clinique ChirurgiVision collabore avec plus d\u2019une centaine d\u2019optom\u00e9tristes partenaires \u00e0 travers le Qu\u00e9bec! Prenez un rendez-vous avec notre \u00e9quipe d\u2019experts en chirurgie r\u00e9fractive et phacor\u00e9fractive. Faites de vos yeux votre priorit\u00e9! Consultez la <a href=\"https:\/\/www.chirurgivision.com\/a-propos\/optometristes-partenaires\/\">liste des optom\u00e9tristes<\/a> de votre r\u00e9gion ou contactez-nous d\u00e8s aujourd\u2019hui!<\/p>[\/et_pb_text][et_pb_button button_url=\u00a0\u00bb@ET-DC@eyJkeW5hbWljIjp0cnVlLCJjb250ZW50IjoicG9zdF9saW5rX3VybF9wYWdlIiwic2V0dGluZ3MiOnsicG9zdF9pZCI6IjQzMyJ9fQ==@\u00a0\u00bb button_text=\u00a0\u00bbNous joindre\u00a0\u00bb _builder_version=\u00a0\u00bb4.21.0&Prime; _dynamic_attributes=\u00a0\u00bbbutton_url\u00a0\u00bb _module_preset=\u00a0\u00bbdefault\u00a0\u00bb global_colors_info=\u00a0\u00bb{}\u00a0\u00bb][\/et_pb_button][\/et_pb_column][\/et_pb_row][\/et_pb_section]\n","protected":false},"excerpt":{"rendered":"<p>Cette nouvelle technique utilis\u00e9e pour traiter les ectasies corn\u00e9ennes, telles que le k\u00e9ratoc\u00f4ne, vise \u00e0 ralentir la progression de la maladie. Le traitement de r\u00e9ticulation du collag\u00e8ne corn\u00e9en \u00ab Corneal Collagen Cross-Linking \u00bb (C3R) peut \u00eatre associ\u00e9 \u00e0 un traitement au laser Excimer par k\u00e9ratectomie photor\u00e9fractive (PRK). Pionnier de cette technique au Canada depuis 2008, [&hellip;]<\/p>\n","protected":false},"author":5,"featured_media":0,"parent":4295,"menu_order":28,"comment_status":"closed","ping_status":"closed","template":"","meta":{"_acf_changed":false,"_et_pb_use_builder":"on","_et_pb_old_content":"","_et_gb_content_width":"","protect_children":false,"footnotes":""},"class_list":["post-4310","page","type-page","status-publish","hentry"],"acf":[],"yoast_head":"<!-- This site is optimized with the Yoast SEO plugin v27.3 - https:\/\/yoast.com\/product\/yoast-seo-wordpress\/ -->\n<title>Corneal collagen cross-linking (C3R) | ChirurgiVision<\/title>\n<meta name=\"description\" content=\"Le C3R permet d\u2019augmenter la r\u00e9sistance m\u00e9canique du tissu corn\u00e9en, afin de stabiliser la progression de la maladie du k\u00e9ratoc\u00f4ne.\" \/>\n<meta name=\"robots\" content=\"index, follow, max-snippet:-1, max-image-preview:large, max-video-preview:-1\" \/>\n<link rel=\"canonical\" href=\"https:\/\/www.chirurgivision.com\/en\/surgeries-and-technologies\/corneal-collagen-cross-linking-c3r\/\" \/>\n<meta property=\"og:locale\" content=\"en_US\" \/>\n<meta property=\"og:type\" content=\"article\" \/>\n<meta property=\"og:title\" content=\"Corneal collagen cross-linking (C3R) | ChirurgiVision\" \/>\n<meta property=\"og:description\" content=\"Le C3R permet d\u2019augmenter la r\u00e9sistance m\u00e9canique du tissu corn\u00e9en, afin de stabiliser la progression de la maladie du k\u00e9ratoc\u00f4ne.\" \/>\n<meta property=\"og:url\" content=\"https:\/\/www.chirurgivision.com\/en\/surgeries-and-technologies\/corneal-collagen-cross-linking-c3r\/\" \/>\n<meta property=\"og:site_name\" content=\"ChirurgiVision\" \/>\n<meta property=\"article:publisher\" content=\"https:\/\/www.facebook.com\/chirurgivision\/\" \/>\n<meta property=\"article:modified_time\" content=\"2024-08-08T18:02:38+00:00\" \/>\n<meta property=\"og:image\" content=\"https:\/\/www.chirurgivision.com\/wp-content\/uploads\/2023\/08\/ChirurgiVision-Logo-Rouge-2.jpg\" \/>\n\t<meta property=\"og:image:width\" content=\"1200\" \/>\n\t<meta property=\"og:image:height\" content=\"678\" \/>\n\t<meta property=\"og:image:type\" content=\"image\/jpeg\" \/>\n<meta name=\"twitter:card\" content=\"summary_large_image\" \/>\n<meta name=\"twitter:label1\" content=\"Est. reading time\" \/>\n\t<meta name=\"twitter:data1\" content=\"3 minutes\" \/>\n<script type=\"application\/ld+json\" class=\"yoast-schema-graph\">{\"@context\":\"https:\\\/\\\/schema.org\",\"@graph\":[{\"@type\":\"WebPage\",\"@id\":\"https:\\\/\\\/www.chirurgivision.com\\\/en\\\/surgeries-and-technologies\\\/corneal-collagen-cross-linking-c3r\\\/\",\"url\":\"https:\\\/\\\/www.chirurgivision.com\\\/en\\\/surgeries-and-technologies\\\/corneal-collagen-cross-linking-c3r\\\/\",\"name\":\"Corneal collagen cross-linking (C3R) | ChirurgiVision\",\"isPartOf\":{\"@id\":\"https:\\\/\\\/www.chirurgivision.com\\\/en\\\/#website\"},\"datePublished\":\"2024-08-08T18:02:12+00:00\",\"dateModified\":\"2024-08-08T18:02:38+00:00\",\"description\":\"Le C3R permet d\u2019augmenter la r\u00e9sistance m\u00e9canique du tissu corn\u00e9en, afin de stabiliser la progression de la maladie du k\u00e9ratoc\u00f4ne.\",\"breadcrumb\":{\"@id\":\"https:\\\/\\\/www.chirurgivision.com\\\/en\\\/surgeries-and-technologies\\\/corneal-collagen-cross-linking-c3r\\\/#breadcrumb\"},\"inLanguage\":\"en-US\",\"potentialAction\":[{\"@type\":\"ReadAction\",\"target\":[\"https:\\\/\\\/www.chirurgivision.com\\\/en\\\/surgeries-and-technologies\\\/corneal-collagen-cross-linking-c3r\\\/\"]}]},{\"@type\":\"BreadcrumbList\",\"@id\":\"https:\\\/\\\/www.chirurgivision.com\\\/en\\\/surgeries-and-technologies\\\/corneal-collagen-cross-linking-c3r\\\/#breadcrumb\",\"itemListElement\":[{\"@type\":\"ListItem\",\"position\":1,\"name\":\"Home\",\"item\":\"https:\\\/\\\/www.chirurgivision.com\\\/en\\\/\"},{\"@type\":\"ListItem\",\"position\":2,\"name\":\"Surgeries and technologies\",\"item\":\"http:\\\/\\\/www.chirurgivision.com\\\/en\\\/surgeries-and-technologies\\\/\"},{\"@type\":\"ListItem\",\"position\":3,\"name\":\"Corneal collagen cross-linking (C3R)\"}]},{\"@type\":\"WebSite\",\"@id\":\"https:\\\/\\\/www.chirurgivision.com\\\/en\\\/#website\",\"url\":\"https:\\\/\\\/www.chirurgivision.com\\\/en\\\/\",\"name\":\"ChirurgiVision\",\"description\":\"We see your vision!\",\"publisher\":{\"@id\":\"https:\\\/\\\/www.chirurgivision.com\\\/en\\\/#organization\"},\"potentialAction\":[{\"@type\":\"SearchAction\",\"target\":{\"@type\":\"EntryPoint\",\"urlTemplate\":\"https:\\\/\\\/www.chirurgivision.com\\\/en\\\/?s={search_term_string}\"},\"query-input\":{\"@type\":\"PropertyValueSpecification\",\"valueRequired\":true,\"valueName\":\"search_term_string\"}}],\"inLanguage\":\"en-US\"},{\"@type\":\"Organization\",\"@id\":\"https:\\\/\\\/www.chirurgivision.com\\\/en\\\/#organization\",\"name\":\"ChirurgiVision\",\"url\":\"https:\\\/\\\/www.chirurgivision.com\\\/en\\\/\",\"logo\":{\"@type\":\"ImageObject\",\"inLanguage\":\"en-US\",\"@id\":\"https:\\\/\\\/www.chirurgivision.com\\\/en\\\/#\\\/schema\\\/logo\\\/image\\\/\",\"url\":\"https:\\\/\\\/www.chirurgivision.com\\\/wp-content\\\/uploads\\\/2023\\\/04\\\/logo_chirurgivision.png\",\"contentUrl\":\"https:\\\/\\\/www.chirurgivision.com\\\/wp-content\\\/uploads\\\/2023\\\/04\\\/logo_chirurgivision.png\",\"width\":235,\"height\":79,\"caption\":\"ChirurgiVision\"},\"image\":{\"@id\":\"https:\\\/\\\/www.chirurgivision.com\\\/en\\\/#\\\/schema\\\/logo\\\/image\\\/\"},\"sameAs\":[\"https:\\\/\\\/www.facebook.com\\\/chirurgivision\\\/\",\"https:\\\/\\\/www.instagram.com\\\/cliniquechirurgivision\\\/\",\"https:\\\/\\\/www.linkedin.com\\\/company\\\/chirurgi-vision\\\/\",\"https:\\\/\\\/www.youtube.com\\\/user\\\/DrFrancisRoy\\\/\"]}]}<\/script>\n<!-- \/ Yoast SEO plugin. -->","yoast_head_json":{"title":"Corneal collagen cross-linking (C3R) | ChirurgiVision","description":"Le C3R permet d\u2019augmenter la r\u00e9sistance m\u00e9canique du tissu corn\u00e9en, afin de stabiliser la progression de la maladie du k\u00e9ratoc\u00f4ne.","robots":{"index":"index","follow":"follow","max-snippet":"max-snippet:-1","max-image-preview":"max-image-preview:large","max-video-preview":"max-video-preview:-1"},"canonical":"https:\/\/www.chirurgivision.com\/en\/surgeries-and-technologies\/corneal-collagen-cross-linking-c3r\/","og_locale":"en_US","og_type":"article","og_title":"Corneal collagen cross-linking (C3R) | ChirurgiVision","og_description":"Le C3R permet d\u2019augmenter la r\u00e9sistance m\u00e9canique du tissu corn\u00e9en, afin de stabiliser la progression de la maladie du k\u00e9ratoc\u00f4ne.","og_url":"https:\/\/www.chirurgivision.com\/en\/surgeries-and-technologies\/corneal-collagen-cross-linking-c3r\/","og_site_name":"ChirurgiVision","article_publisher":"https:\/\/www.facebook.com\/chirurgivision\/","article_modified_time":"2024-08-08T18:02:38+00:00","og_image":[{"width":1200,"height":678,"url":"https:\/\/www.chirurgivision.com\/wp-content\/uploads\/2023\/08\/ChirurgiVision-Logo-Rouge-2.jpg","type":"image\/jpeg"}],"twitter_card":"summary_large_image","twitter_misc":{"Est. reading time":"3 minutes"},"schema":{"@context":"https:\/\/schema.org","@graph":[{"@type":"WebPage","@id":"https:\/\/www.chirurgivision.com\/en\/surgeries-and-technologies\/corneal-collagen-cross-linking-c3r\/","url":"https:\/\/www.chirurgivision.com\/en\/surgeries-and-technologies\/corneal-collagen-cross-linking-c3r\/","name":"Corneal collagen cross-linking (C3R) | ChirurgiVision","isPartOf":{"@id":"https:\/\/www.chirurgivision.com\/en\/#website"},"datePublished":"2024-08-08T18:02:12+00:00","dateModified":"2024-08-08T18:02:38+00:00","description":"Le C3R permet d\u2019augmenter la r\u00e9sistance m\u00e9canique du tissu corn\u00e9en, afin de stabiliser la progression de la maladie du k\u00e9ratoc\u00f4ne.","breadcrumb":{"@id":"https:\/\/www.chirurgivision.com\/en\/surgeries-and-technologies\/corneal-collagen-cross-linking-c3r\/#breadcrumb"},"inLanguage":"en-US","potentialAction":[{"@type":"ReadAction","target":["https:\/\/www.chirurgivision.com\/en\/surgeries-and-technologies\/corneal-collagen-cross-linking-c3r\/"]}]},{"@type":"BreadcrumbList","@id":"https:\/\/www.chirurgivision.com\/en\/surgeries-and-technologies\/corneal-collagen-cross-linking-c3r\/#breadcrumb","itemListElement":[{"@type":"ListItem","position":1,"name":"Home","item":"https:\/\/www.chirurgivision.com\/en\/"},{"@type":"ListItem","position":2,"name":"Surgeries and technologies","item":"http:\/\/www.chirurgivision.com\/en\/surgeries-and-technologies\/"},{"@type":"ListItem","position":3,"name":"Corneal collagen cross-linking (C3R)"}]},{"@type":"WebSite","@id":"https:\/\/www.chirurgivision.com\/en\/#website","url":"https:\/\/www.chirurgivision.com\/en\/","name":"ChirurgiVision","description":"We see your vision!","publisher":{"@id":"https:\/\/www.chirurgivision.com\/en\/#organization"},"potentialAction":[{"@type":"SearchAction","target":{"@type":"EntryPoint","urlTemplate":"https:\/\/www.chirurgivision.com\/en\/?s={search_term_string}"},"query-input":{"@type":"PropertyValueSpecification","valueRequired":true,"valueName":"search_term_string"}}],"inLanguage":"en-US"},{"@type":"Organization","@id":"https:\/\/www.chirurgivision.com\/en\/#organization","name":"ChirurgiVision","url":"https:\/\/www.chirurgivision.com\/en\/","logo":{"@type":"ImageObject","inLanguage":"en-US","@id":"https:\/\/www.chirurgivision.com\/en\/#\/schema\/logo\/image\/","url":"https:\/\/www.chirurgivision.com\/wp-content\/uploads\/2023\/04\/logo_chirurgivision.png","contentUrl":"https:\/\/www.chirurgivision.com\/wp-content\/uploads\/2023\/04\/logo_chirurgivision.png","width":235,"height":79,"caption":"ChirurgiVision"},"image":{"@id":"https:\/\/www.chirurgivision.com\/en\/#\/schema\/logo\/image\/"},"sameAs":["https:\/\/www.facebook.com\/chirurgivision\/","https:\/\/www.instagram.com\/cliniquechirurgivision\/","https:\/\/www.linkedin.com\/company\/chirurgi-vision\/","https:\/\/www.youtube.com\/user\/DrFrancisRoy\/"]}]}},"_links":{"self":[{"href":"https:\/\/www.chirurgivision.com\/en\/wp-json\/wp\/v2\/pages\/4310","targetHints":{"allow":["GET"]}}],"collection":[{"href":"https:\/\/www.chirurgivision.com\/en\/wp-json\/wp\/v2\/pages"}],"about":[{"href":"https:\/\/www.chirurgivision.com\/en\/wp-json\/wp\/v2\/types\/page"}],"author":[{"embeddable":true,"href":"https:\/\/www.chirurgivision.com\/en\/wp-json\/wp\/v2\/users\/5"}],"replies":[{"embeddable":true,"href":"https:\/\/www.chirurgivision.com\/en\/wp-json\/wp\/v2\/comments?post=4310"}],"version-history":[{"count":2,"href":"https:\/\/www.chirurgivision.com\/en\/wp-json\/wp\/v2\/pages\/4310\/revisions"}],"predecessor-version":[{"id":4312,"href":"https:\/\/www.chirurgivision.com\/en\/wp-json\/wp\/v2\/pages\/4310\/revisions\/4312"}],"up":[{"embeddable":true,"href":"https:\/\/www.chirurgivision.com\/en\/wp-json\/wp\/v2\/pages\/4295"}],"wp:attachment":[{"href":"https:\/\/www.chirurgivision.com\/en\/wp-json\/wp\/v2\/media?parent=4310"}],"curies":[{"name":"wp","href":"https:\/\/api.w.org\/{rel}","templated":true}]}}