{"id":4336,"date":"2024-08-08T14:20:11","date_gmt":"2024-08-08T18:20:11","guid":{"rendered":"https:\/\/www.chirurgivision.com\/?page_id=4336"},"modified":"2024-08-08T14:20:43","modified_gmt":"2024-08-08T18:20:43","slug":"i-am-between-40-and-50-years-old","status":"publish","type":"page","link":"https:\/\/www.chirurgivision.com\/en\/patient-section\/i-am-between-40-and-50-years-old\/","title":{"rendered":"I am between 40 and 50 years old"},"content":{"rendered":"\n[et_pb_section fb_built=\u00a0\u00bb1&Prime; module_class=\u00a0\u00bbdefaut-titre-section pb-section\u00a0\u00bb _builder_version=\u00a0\u00bb4.23.1&Prime; _module_preset=\u00a0\u00bbdefault\u00a0\u00bb locked=\u00a0\u00bboff\u00a0\u00bb global_colors_info=\u00a0\u00bb{}\u00a0\u00bb][et_pb_row column_structure=\u00a0\u00bb2_5,3_5&Prime; _builder_version=\u00a0\u00bb4.21.0&Prime; _module_preset=\u00a0\u00bbdefault\u00a0\u00bb global_colors_info=\u00a0\u00bb{}\u00a0\u00bb][et_pb_column type=\u00a0\u00bb2_5&Prime; _builder_version=\u00a0\u00bb4.21.0&Prime; _module_preset=\u00a0\u00bbdefault\u00a0\u00bb global_colors_info=\u00a0\u00bb{}\u00a0\u00bb][et_pb_image src=\u00a0\u00bbhttp:\/\/www.chirurgivision.com\/wp-content\/uploads\/2024\/04\/ChirurgiVision-40-50-ans-1.jpg\u00a0\u00bb alt=\u00a0\u00bbFemme-entre-40-et-50-ans\u00a0\u00bb title_text=\u00a0\u00bbChirurgiVision-40-50-ans\u00a0\u00bb _builder_version=\u00a0\u00bb4.24.2&Prime; _module_preset=\u00a0\u00bbdefault\u00a0\u00bb global_colors_info=\u00a0\u00bb{}\u00a0\u00bb][\/et_pb_image][\/et_pb_column][et_pb_column type=\u00a0\u00bb3_5&Prime; _builder_version=\u00a0\u00bb4.21.0&Prime; _module_preset=\u00a0\u00bbdefault\u00a0\u00bb global_colors_info=\u00a0\u00bb{}\u00a0\u00bb][et_pb_post_title meta=\u00a0\u00bboff\u00a0\u00bb featured_image=\u00a0\u00bboff\u00a0\u00bb _builder_version=\u00a0\u00bb4.21.0&Prime; _module_preset=\u00a0\u00bbdefault\u00a0\u00bb global_colors_info=\u00a0\u00bb{}\u00a0\u00bb][\/et_pb_post_title][et_pb_text _builder_version=\u00a0\u00bb4.24.2&Prime; _module_preset=\u00a0\u00bbdefault\u00a0\u00bb hover_enabled=\u00a0\u00bb0&Prime; global_colors_info=\u00a0\u00bb{}\u00a0\u00bb sticky_enabled=\u00a0\u00bb0&Prime;]<h2>La chirurgie pour les personnes \u00e2g\u00e9es de 40 \u00e0 50 ans<\/h2>\n<p>La p\u00e9riode situ\u00e9e entre 40 et 50 ans est une transition puisque c\u2019est \u00e0 ce moment que la presbytie commence \u00e0 se manifester. \u00a0Que la vision de loin soit bonne ou corrig\u00e9e de quelque mani\u00e8re que ce soit, le cristallin perd sa capacit\u00e9 \u00e0 focaliser les objets en vision rapproch\u00e9e.\u00a0 Les options retenues pour corriger votre d\u00e9faut visuel d\u00e9pendront de vos priorit\u00e9s \u00e0 court et\/ou long terme. La chirurgie r\u00e9fractive est une proc\u00e9dure qui vise \u00e0 corriger les troubles de la vision de loin tels que la myopie, l\u2019hyperm\u00e9tropie et l\u2019astigmatisme alors que la chirurgie phacor\u00e9fractive vise \u00e0 corriger la vision de loin et de pr\u00e8s.<\/p>\n<p>Cependant, il est important de noter que la chirurgie r\u00e9fractive au laser Excimer (LASIK et PRK) ne peut pas corriger la presbytie, sauf en optant pour une approche de monovision (un \u0153il pour la vision de loin et l\u2019autre pour la vision de pr\u00e8s). Une simulation de cet ajustement sera r\u00e9alis\u00e9e pour confirmer votre satisfaction pr\u00e9alablement \u00e0 la chirurgie.<\/p>\n<p>Lors de votre examen pr\u00e9op\u00e9ratoire, nos sp\u00e9cialistes \u00e9valueront votre \u00e9tat de sant\u00e9 oculaire, discuteront de vos ant\u00e9c\u00e9dents m\u00e9dicaux et effectueront des tests pour d\u00e9terminer la meilleure approche pour votre cas sp\u00e9cifique.<\/p>\n<p>Afin de vous guider dans votre prise de d\u00e9cision, nous vous encourageons \u00e0 prendre rendez-vous avec notre \u00e9quipe d\u2019experts. Durant cette consultation, nous discuterons de vos options, r\u00e9pondrons \u00e0 toutes vos questions. La d\u00e9cision de subir une chirurgie r\u00e9fractive est personnelle et doit \u00eatre prise en tenant compte de divers facteurs. Nous sommes l\u00e0 pour vous fournir les informations n\u00e9cessaires et vous accompagner tout au long du processus d\u00e9cisionnel.<\/p>[\/et_pb_text][et_pb_button button_url=\u00a0\u00bb@ET-DC@eyJkeW5hbWljIjp0cnVlLCJjb250ZW50IjoicG9zdF9saW5rX3VybF9wYWdlIiwic2V0dGluZ3MiOnsicG9zdF9pZCI6IjQzMyJ9fQ==@\u00a0\u00bb button_text=\u00a0\u00bbNous joindre\u00a0\u00bb _builder_version=\u00a0\u00bb4.21.0&Prime; _dynamic_attributes=\u00a0\u00bbbutton_url\u00a0\u00bb _module_preset=\u00a0\u00bbdefault\u00a0\u00bb global_colors_info=\u00a0\u00bb{}\u00a0\u00bb][\/et_pb_button][\/et_pb_column][\/et_pb_row][\/et_pb_section][et_pb_section fb_built=\u00a0\u00bb1&Prime; module_class=\u00a0\u00bbsection-fw-textimg reverse\u00a0\u00bb _builder_version=\u00a0\u00bb4.21.0&Prime; _module_preset=\u00a0\u00bbdefault\u00a0\u00bb background_enable_color=\u00a0\u00bboff\u00a0\u00bb custom_padding=\u00a0\u00bb0px|0px|0px|0px|true|true\u00a0\u00bb global_module=\u00a0\u00bb638&Prime; saved_tabs=\u00a0\u00bball\u00a0\u00bb locked=\u00a0\u00bboff\u00a0\u00bb global_colors_info=\u00a0\u00bb{}\u00a0\u00bb][et_pb_row column_structure=\u00a0\u00bb1_2,1_2&Prime; make_equal=\u00a0\u00bbon\u00a0\u00bb custom_padding_last_edited=\u00a0\u00bbon|tablet\u00a0\u00bb module_class=\u00a0\u00bbbg-item bg-item__right bg-item__mobile-vertical bg-item-color-secondary-light\u00a0\u00bb _builder_version=\u00a0\u00bb4.21.0&Prime; _module_preset=\u00a0\u00bbdefault\u00a0\u00bb max_width=\u00a0\u00bb100%\u00a0\u00bb custom_padding=\u00a0\u00bb90px|0px|90px|0px|true|true\u00a0\u00bb custom_padding_tablet=\u00a0\u00bb60px||60px||true|true\u00a0\u00bb custom_padding_phone=\u00a0\u00bb60px||60px||true|true\u00a0\u00bb custom_css_main_element=\u00a0\u00bbalign-items:center;\u00a0\u00bb global_colors_info=\u00a0\u00bb{}\u00a0\u00bb][et_pb_column type=\u00a0\u00bb1_2&Prime; _builder_version=\u00a0\u00bb4.20.4&Prime; _module_preset=\u00a0\u00bbdefault\u00a0\u00bb background_enable_image=\u00a0\u00bboff\u00a0\u00bb global_colors_info=\u00a0\u00bb{}\u00a0\u00bb][et_pb_image src=\u00a0\u00bbhttps:\/\/www.chirurgivision.com\/wp-content\/uploads\/2023\/05\/ChirurgiVision-Rendez-vous-1.jpg\u00a0\u00bb alt=\u00a0\u00bbPhoto pour la prise de RDV\u00a0\u00bb title_text=\u00a0\u00bbChirurgiVision-Rendez-vous\u00a0\u00bb _builder_version=\u00a0\u00bb4.23.1&Prime; _module_preset=\u00a0\u00bbdefault\u00a0\u00bb global_colors_info=\u00a0\u00bb{}\u00a0\u00bb][\/et_pb_image][\/et_pb_column][et_pb_column type=\u00a0\u00bb1_2&Prime; _builder_version=\u00a0\u00bb4.20.4&Prime; _module_preset=\u00a0\u00bbdefault\u00a0\u00bb custom_padding=\u00a0\u00bb||||false|false\u00a0\u00bb custom_padding_tablet=\u00a0\u00bb||||false|false\u00a0\u00bb custom_padding_phone=\u00a0\u00bb||||false|false\u00a0\u00bb custom_padding_last_edited=\u00a0\u00bbon|desktop\u00a0\u00bb global_colors_info=\u00a0\u00bb{}\u00a0\u00bb][et_pb_text module_class=\u00a0\u00bbno-br-md\u00a0\u00bb _builder_version=\u00a0\u00bb4.21.0&Prime; _module_preset=\u00a0\u00bbdefault\u00a0\u00bb custom_margin=\u00a0\u00bb||15px||false|false\u00a0\u00bb global_colors_info=\u00a0\u00bb{}\u00a0\u00bb]<h2>Obtenez un\u00a0<br \/>rendez-vous<\/h2>[\/et_pb_text][et_pb_text _builder_version=\u00a0\u00bb4.24.0&Prime; _module_preset=\u00a0\u00bbdefault\u00a0\u00bb custom_margin=\u00a0\u00bb||15px||false|false\u00a0\u00bb global_colors_info=\u00a0\u00bb{}\u00a0\u00bb]<p>La Clinique ChirurgiVision collabore avec plus d\u2019une centaine d\u2019optom\u00e9tristes partenaires \u00e0 travers le Qu\u00e9bec! Prenez un rendez-vous avec notre \u00e9quipe d\u2019experts en chirurgie r\u00e9fractive et phacor\u00e9fractive. Faites de vos yeux votre priorit\u00e9! Consultez la <a href=\"https:\/\/www.chirurgivision.com\/a-propos\/optometristes-partenaires\/\">liste des optom\u00e9tristes<\/a> de votre r\u00e9gion ou contactez-nous d\u00e8s aujourd\u2019hui!<\/p>[\/et_pb_text][et_pb_button button_url=\u00a0\u00bb@ET-DC@eyJkeW5hbWljIjp0cnVlLCJjb250ZW50IjoicG9zdF9saW5rX3VybF9wYWdlIiwic2V0dGluZ3MiOnsicG9zdF9pZCI6IjQzMyJ9fQ==@\u00a0\u00bb button_text=\u00a0\u00bbNous joindre\u00a0\u00bb _builder_version=\u00a0\u00bb4.21.0&Prime; _dynamic_attributes=\u00a0\u00bbbutton_url\u00a0\u00bb _module_preset=\u00a0\u00bbdefault\u00a0\u00bb global_colors_info=\u00a0\u00bb{}\u00a0\u00bb][\/et_pb_button][\/et_pb_column][\/et_pb_row][\/et_pb_section]\n","protected":false},"excerpt":{"rendered":"<p>La chirurgie pour les personnes \u00e2g\u00e9es de 40 \u00e0 50 ans La p\u00e9riode situ\u00e9e entre 40 et 50 ans est une transition puisque c\u2019est \u00e0 ce moment que la presbytie commence \u00e0 se manifester. \u00a0Que la vision de loin soit bonne ou corrig\u00e9e de quelque mani\u00e8re que ce soit, le cristallin perd sa capacit\u00e9 \u00e0 [&hellip;]<\/p>\n","protected":false},"author":5,"featured_media":0,"parent":4331,"menu_order":7,"comment_status":"closed","ping_status":"closed","template":"","meta":{"_acf_changed":false,"_et_pb_use_builder":"on","_et_pb_old_content":"","_et_gb_content_width":"","protect_children":false,"footnotes":""},"class_list":["post-4336","page","type-page","status-publish","hentry"],"acf":[],"yoast_head":"<!-- This site is optimized with the Yoast SEO plugin v27.4 - https:\/\/yoast.com\/product\/yoast-seo-wordpress\/ -->\n<title>I am between 40 and 50 years old | ChirurgiVision<\/title>\n<meta name=\"description\" content=\"Lors de votre examen pr\u00e9op\u00e9ratoire, nos sp\u00e9cialistes \u00e9valueront votre \u00e9tat de sant\u00e9 oculaire et d\u00e9terminerons la meilleure approche.\" \/>\n<meta name=\"robots\" content=\"index, follow, max-snippet:-1, max-image-preview:large, max-video-preview:-1\" \/>\n<link rel=\"canonical\" href=\"https:\/\/www.chirurgivision.com\/en\/patient-section\/i-am-between-40-and-50-years-old\/\" \/>\n<meta property=\"og:locale\" content=\"en_US\" \/>\n<meta property=\"og:type\" content=\"article\" \/>\n<meta property=\"og:title\" content=\"I am between 40 and 50 years old | ChirurgiVision\" \/>\n<meta property=\"og:description\" content=\"Lors de votre examen pr\u00e9op\u00e9ratoire, nos sp\u00e9cialistes \u00e9valueront votre \u00e9tat de sant\u00e9 oculaire et d\u00e9terminerons la meilleure approche.\" \/>\n<meta property=\"og:url\" content=\"https:\/\/www.chirurgivision.com\/en\/patient-section\/i-am-between-40-and-50-years-old\/\" \/>\n<meta property=\"og:site_name\" content=\"ChirurgiVision\" \/>\n<meta property=\"article:publisher\" content=\"https:\/\/www.facebook.com\/chirurgivision\/\" \/>\n<meta property=\"article:modified_time\" content=\"2024-08-08T18:20:43+00:00\" \/>\n<meta property=\"og:image\" content=\"https:\/\/www.chirurgivision.com\/wp-content\/uploads\/2023\/08\/ChirurgiVision-Logo-Rouge-2.jpg\" \/>\n\t<meta property=\"og:image:width\" content=\"1200\" \/>\n\t<meta property=\"og:image:height\" content=\"678\" \/>\n\t<meta property=\"og:image:type\" content=\"image\/jpeg\" \/>\n<meta name=\"twitter:card\" content=\"summary_large_image\" \/>\n<meta name=\"twitter:label1\" content=\"Est. reading time\" \/>\n\t<meta name=\"twitter:data1\" content=\"3 minutes\" \/>\n<script type=\"application\/ld+json\" class=\"yoast-schema-graph\">{\"@context\":\"https:\\\/\\\/schema.org\",\"@graph\":[{\"@type\":\"WebPage\",\"@id\":\"https:\\\/\\\/www.chirurgivision.com\\\/en\\\/patient-section\\\/i-am-between-40-and-50-years-old\\\/\",\"url\":\"https:\\\/\\\/www.chirurgivision.com\\\/en\\\/patient-section\\\/i-am-between-40-and-50-years-old\\\/\",\"name\":\"I am between 40 and 50 years old | ChirurgiVision\",\"isPartOf\":{\"@id\":\"https:\\\/\\\/www.chirurgivision.com\\\/en\\\/#website\"},\"datePublished\":\"2024-08-08T18:20:11+00:00\",\"dateModified\":\"2024-08-08T18:20:43+00:00\",\"description\":\"Lors de votre examen pr\u00e9op\u00e9ratoire, nos sp\u00e9cialistes \u00e9valueront votre \u00e9tat de sant\u00e9 oculaire et d\u00e9terminerons la meilleure approche.\",\"breadcrumb\":{\"@id\":\"https:\\\/\\\/www.chirurgivision.com\\\/en\\\/patient-section\\\/i-am-between-40-and-50-years-old\\\/#breadcrumb\"},\"inLanguage\":\"en-US\",\"potentialAction\":[{\"@type\":\"ReadAction\",\"target\":[\"https:\\\/\\\/www.chirurgivision.com\\\/en\\\/patient-section\\\/i-am-between-40-and-50-years-old\\\/\"]}]},{\"@type\":\"BreadcrumbList\",\"@id\":\"https:\\\/\\\/www.chirurgivision.com\\\/en\\\/patient-section\\\/i-am-between-40-and-50-years-old\\\/#breadcrumb\",\"itemListElement\":[{\"@type\":\"ListItem\",\"position\":1,\"name\":\"Home\",\"item\":\"https:\\\/\\\/www.chirurgivision.com\\\/en\\\/\"},{\"@type\":\"ListItem\",\"position\":2,\"name\":\"Patient section\",\"item\":\"https:\\\/\\\/www.chirurgivision.com\\\/en\\\/patient-section\\\/\"},{\"@type\":\"ListItem\",\"position\":3,\"name\":\"I am between 40 and 50 years old\"}]},{\"@type\":\"WebSite\",\"@id\":\"https:\\\/\\\/www.chirurgivision.com\\\/en\\\/#website\",\"url\":\"https:\\\/\\\/www.chirurgivision.com\\\/en\\\/\",\"name\":\"ChirurgiVision\",\"description\":\"We see your vision!\",\"publisher\":{\"@id\":\"https:\\\/\\\/www.chirurgivision.com\\\/en\\\/#organization\"},\"potentialAction\":[{\"@type\":\"SearchAction\",\"target\":{\"@type\":\"EntryPoint\",\"urlTemplate\":\"https:\\\/\\\/www.chirurgivision.com\\\/en\\\/?s={search_term_string}\"},\"query-input\":{\"@type\":\"PropertyValueSpecification\",\"valueRequired\":true,\"valueName\":\"search_term_string\"}}],\"inLanguage\":\"en-US\"},{\"@type\":\"Organization\",\"@id\":\"https:\\\/\\\/www.chirurgivision.com\\\/en\\\/#organization\",\"name\":\"ChirurgiVision\",\"url\":\"https:\\\/\\\/www.chirurgivision.com\\\/en\\\/\",\"logo\":{\"@type\":\"ImageObject\",\"inLanguage\":\"en-US\",\"@id\":\"https:\\\/\\\/www.chirurgivision.com\\\/en\\\/#\\\/schema\\\/logo\\\/image\\\/\",\"url\":\"https:\\\/\\\/www.chirurgivision.com\\\/wp-content\\\/uploads\\\/2023\\\/04\\\/logo_chirurgivision.png\",\"contentUrl\":\"https:\\\/\\\/www.chirurgivision.com\\\/wp-content\\\/uploads\\\/2023\\\/04\\\/logo_chirurgivision.png\",\"width\":235,\"height\":79,\"caption\":\"ChirurgiVision\"},\"image\":{\"@id\":\"https:\\\/\\\/www.chirurgivision.com\\\/en\\\/#\\\/schema\\\/logo\\\/image\\\/\"},\"sameAs\":[\"https:\\\/\\\/www.facebook.com\\\/chirurgivision\\\/\",\"https:\\\/\\\/www.instagram.com\\\/cliniquechirurgivision\\\/\",\"https:\\\/\\\/www.linkedin.com\\\/company\\\/chirurgi-vision\\\/\",\"https:\\\/\\\/www.youtube.com\\\/user\\\/DrFrancisRoy\\\/\"]}]}<\/script>\n<!-- \/ Yoast SEO plugin. -->","yoast_head_json":{"title":"I am between 40 and 50 years old | ChirurgiVision","description":"Lors de votre examen pr\u00e9op\u00e9ratoire, nos sp\u00e9cialistes \u00e9valueront votre \u00e9tat de sant\u00e9 oculaire et d\u00e9terminerons la meilleure approche.","robots":{"index":"index","follow":"follow","max-snippet":"max-snippet:-1","max-image-preview":"max-image-preview:large","max-video-preview":"max-video-preview:-1"},"canonical":"https:\/\/www.chirurgivision.com\/en\/patient-section\/i-am-between-40-and-50-years-old\/","og_locale":"en_US","og_type":"article","og_title":"I am between 40 and 50 years old | ChirurgiVision","og_description":"Lors de votre examen pr\u00e9op\u00e9ratoire, nos sp\u00e9cialistes \u00e9valueront votre \u00e9tat de sant\u00e9 oculaire et d\u00e9terminerons la meilleure approche.","og_url":"https:\/\/www.chirurgivision.com\/en\/patient-section\/i-am-between-40-and-50-years-old\/","og_site_name":"ChirurgiVision","article_publisher":"https:\/\/www.facebook.com\/chirurgivision\/","article_modified_time":"2024-08-08T18:20:43+00:00","og_image":[{"width":1200,"height":678,"url":"https:\/\/www.chirurgivision.com\/wp-content\/uploads\/2023\/08\/ChirurgiVision-Logo-Rouge-2.jpg","type":"image\/jpeg"}],"twitter_card":"summary_large_image","twitter_misc":{"Est. reading time":"3 minutes"},"schema":{"@context":"https:\/\/schema.org","@graph":[{"@type":"WebPage","@id":"https:\/\/www.chirurgivision.com\/en\/patient-section\/i-am-between-40-and-50-years-old\/","url":"https:\/\/www.chirurgivision.com\/en\/patient-section\/i-am-between-40-and-50-years-old\/","name":"I am between 40 and 50 years old | ChirurgiVision","isPartOf":{"@id":"https:\/\/www.chirurgivision.com\/en\/#website"},"datePublished":"2024-08-08T18:20:11+00:00","dateModified":"2024-08-08T18:20:43+00:00","description":"Lors de votre examen pr\u00e9op\u00e9ratoire, nos sp\u00e9cialistes \u00e9valueront votre \u00e9tat de sant\u00e9 oculaire et d\u00e9terminerons la meilleure approche.","breadcrumb":{"@id":"https:\/\/www.chirurgivision.com\/en\/patient-section\/i-am-between-40-and-50-years-old\/#breadcrumb"},"inLanguage":"en-US","potentialAction":[{"@type":"ReadAction","target":["https:\/\/www.chirurgivision.com\/en\/patient-section\/i-am-between-40-and-50-years-old\/"]}]},{"@type":"BreadcrumbList","@id":"https:\/\/www.chirurgivision.com\/en\/patient-section\/i-am-between-40-and-50-years-old\/#breadcrumb","itemListElement":[{"@type":"ListItem","position":1,"name":"Home","item":"https:\/\/www.chirurgivision.com\/en\/"},{"@type":"ListItem","position":2,"name":"Patient section","item":"https:\/\/www.chirurgivision.com\/en\/patient-section\/"},{"@type":"ListItem","position":3,"name":"I am between 40 and 50 years old"}]},{"@type":"WebSite","@id":"https:\/\/www.chirurgivision.com\/en\/#website","url":"https:\/\/www.chirurgivision.com\/en\/","name":"ChirurgiVision","description":"We see your vision!","publisher":{"@id":"https:\/\/www.chirurgivision.com\/en\/#organization"},"potentialAction":[{"@type":"SearchAction","target":{"@type":"EntryPoint","urlTemplate":"https:\/\/www.chirurgivision.com\/en\/?s={search_term_string}"},"query-input":{"@type":"PropertyValueSpecification","valueRequired":true,"valueName":"search_term_string"}}],"inLanguage":"en-US"},{"@type":"Organization","@id":"https:\/\/www.chirurgivision.com\/en\/#organization","name":"ChirurgiVision","url":"https:\/\/www.chirurgivision.com\/en\/","logo":{"@type":"ImageObject","inLanguage":"en-US","@id":"https:\/\/www.chirurgivision.com\/en\/#\/schema\/logo\/image\/","url":"https:\/\/www.chirurgivision.com\/wp-content\/uploads\/2023\/04\/logo_chirurgivision.png","contentUrl":"https:\/\/www.chirurgivision.com\/wp-content\/uploads\/2023\/04\/logo_chirurgivision.png","width":235,"height":79,"caption":"ChirurgiVision"},"image":{"@id":"https:\/\/www.chirurgivision.com\/en\/#\/schema\/logo\/image\/"},"sameAs":["https:\/\/www.facebook.com\/chirurgivision\/","https:\/\/www.instagram.com\/cliniquechirurgivision\/","https:\/\/www.linkedin.com\/company\/chirurgi-vision\/","https:\/\/www.youtube.com\/user\/DrFrancisRoy\/"]}]}},"_links":{"self":[{"href":"https:\/\/www.chirurgivision.com\/en\/wp-json\/wp\/v2\/pages\/4336","targetHints":{"allow":["GET"]}}],"collection":[{"href":"https:\/\/www.chirurgivision.com\/en\/wp-json\/wp\/v2\/pages"}],"about":[{"href":"https:\/\/www.chirurgivision.com\/en\/wp-json\/wp\/v2\/types\/page"}],"author":[{"embeddable":true,"href":"https:\/\/www.chirurgivision.com\/en\/wp-json\/wp\/v2\/users\/5"}],"replies":[{"embeddable":true,"href":"https:\/\/www.chirurgivision.com\/en\/wp-json\/wp\/v2\/comments?post=4336"}],"version-history":[{"count":2,"href":"https:\/\/www.chirurgivision.com\/en\/wp-json\/wp\/v2\/pages\/4336\/revisions"}],"predecessor-version":[{"id":4339,"href":"https:\/\/www.chirurgivision.com\/en\/wp-json\/wp\/v2\/pages\/4336\/revisions\/4339"}],"up":[{"embeddable":true,"href":"https:\/\/www.chirurgivision.com\/en\/wp-json\/wp\/v2\/pages\/4331"}],"wp:attachment":[{"href":"https:\/\/www.chirurgivision.com\/en\/wp-json\/wp\/v2\/media?parent=4336"}],"curies":[{"name":"wp","href":"https:\/\/api.w.org\/{rel}","templated":true}]}}